{"id":963,"date":"2021-10-29T14:07:37","date_gmt":"2021-10-29T14:07:37","guid":{"rendered":"https:\/\/kunstschaukel.at\/?page_id=963"},"modified":"2021-11-29T18:25:12","modified_gmt":"2021-11-29T18:25:12","slug":"sprache-in-bildern","status":"publish","type":"page","link":"https:\/\/kunstschaukel.at\/?page_id=963","title":{"rendered":"Typografie &#8211; Sprache in Bildern"},"content":{"rendered":"\n<p>Alles was wir wissen, lernen wir \u00fcber Typografie &#8211; unsere Sprache in Bildern, die wir zu entziffern gelernt haben. Typografie ist unser st\u00e4ndiger Wegbegleiter, einfach da, wie selbstverst\u00e4ndlich. Sie f\u00e4llt nur auf, wenn Irritation stattfindet, wir keine direkte Entschl\u00fcsselung der Zeichen, die wir sehen vornehmen k\u00f6nnen. Der Kurs regt an, sich mit visuell sichtbar gemachter Sprache auseinanderzusetzen, den Blick daf\u00fcr zu sch\u00e4rfen und spielerische Eigeninterpretationen von Sprache zu schaffen.<br><\/p>\n\n\n\n<figure class=\"wp-block-image size-full\"><img loading=\"lazy\" width=\"310\" height=\"380\" src=\"https:\/\/kunstschaukel.at\/wp-content\/uploads\/2021\/10\/Portrait_Stefanie_Eifler.jpg\" alt=\"\" class=\"wp-image-964\" srcset=\"https:\/\/kunstschaukel.at\/wp-content\/uploads\/2021\/10\/Portrait_Stefanie_Eifler.jpg 310w, https:\/\/kunstschaukel.at\/wp-content\/uploads\/2021\/10\/Portrait_Stefanie_Eifler-245x300.jpg 245w\" sizes=\"(max-width: 310px) 100vw, 310px\" \/><\/figure>\n\n\n\n<h2><a href=\"http:\/\/www.stefanieeifler.de\" data-type=\"URL\" data-id=\"www.stefanieeifler.de\" target=\"_blank\" rel=\"noreferrer noopener\">Stefanie Eifler<\/a><\/h2>\n\n\n\n<p>Von der Druckerei ins Bauhaus: Nach ihrer Ausbildung zur Mediengestalterin und dem Studium der Visuellen Kommunikation \/ Visuelle Kulturen an der HfG Pforzheim sowie der Bauhaus-Universit\u00e4t Weimar h\u00e4lt Stefanie Eifler Lectures &amp; Workshops zu den Themen Typografie &amp; Layout und arbeitet als selbstst\u00e4ndige Grafikerin. Ihre Schwerpunkte liegen hier in der Printgestaltung, Typografie, Editorial Design, Spieleentwicklung sowie der Kommunikation im Raum. <br><a rel=\"noreferrer noopener\" href=\"http:\/\/www.stefanieeifler.de\" data-type=\"URL\" data-id=\"www.stefanieeifler.de\" target=\"_blank\">www.stefanieeifler.de<\/a><\/p>\n\n\n\n<figure class=\"wp-container-2 wp-block-gallery-1 wp-block-gallery columns-3 is-cropped\"><ul class=\"blocks-gallery-grid\"><li class=\"blocks-gallery-item\"><figure><img loading=\"lazy\" width=\"1024\" height=\"683\" src=\"https:\/\/kunstschaukel.at\/wp-content\/uploads\/2021\/10\/Eifler-Bild-1.jpg\" alt=\"\" data-id=\"965\" data-full-url=\"https:\/\/kunstschaukel.at\/wp-content\/uploads\/2021\/10\/Eifler-Bild-1.jpg\" data-link=\"https:\/\/kunstschaukel.at\/?attachment_id=965\" class=\"wp-image-965\" srcset=\"https:\/\/kunstschaukel.at\/wp-content\/uploads\/2021\/10\/Eifler-Bild-1.jpg 1024w, https:\/\/kunstschaukel.at\/wp-content\/uploads\/2021\/10\/Eifler-Bild-1-300x200.jpg 300w, https:\/\/kunstschaukel.at\/wp-content\/uploads\/2021\/10\/Eifler-Bild-1-768x512.jpg 768w\" sizes=\"(max-width: 1024px) 100vw, 1024px\" \/><\/figure><\/li><li class=\"blocks-gallery-item\"><figure><img loading=\"lazy\" width=\"1024\" height=\"683\" src=\"https:\/\/kunstschaukel.at\/wp-content\/uploads\/2021\/10\/Eifler-Bild-2.jpg\" alt=\"\" data-id=\"966\" data-full-url=\"https:\/\/kunstschaukel.at\/wp-content\/uploads\/2021\/10\/Eifler-Bild-2.jpg\" data-link=\"https:\/\/kunstschaukel.at\/?attachment_id=966\" class=\"wp-image-966\" srcset=\"https:\/\/kunstschaukel.at\/wp-content\/uploads\/2021\/10\/Eifler-Bild-2.jpg 1024w, https:\/\/kunstschaukel.at\/wp-content\/uploads\/2021\/10\/Eifler-Bild-2-300x200.jpg 300w, https:\/\/kunstschaukel.at\/wp-content\/uploads\/2021\/10\/Eifler-Bild-2-768x512.jpg 768w\" sizes=\"(max-width: 1024px) 100vw, 1024px\" \/><\/figure><\/li><li class=\"blocks-gallery-item\"><figure><img loading=\"lazy\" width=\"1024\" height=\"683\" src=\"https:\/\/kunstschaukel.at\/wp-content\/uploads\/2021\/10\/Eifler-Bild-3.jpg\" alt=\"\" data-id=\"967\" data-full-url=\"https:\/\/kunstschaukel.at\/wp-content\/uploads\/2021\/10\/Eifler-Bild-3.jpg\" data-link=\"https:\/\/kunstschaukel.at\/?attachment_id=967\" class=\"wp-image-967\" srcset=\"https:\/\/kunstschaukel.at\/wp-content\/uploads\/2021\/10\/Eifler-Bild-3.jpg 1024w, https:\/\/kunstschaukel.at\/wp-content\/uploads\/2021\/10\/Eifler-Bild-3-300x200.jpg 300w, https:\/\/kunstschaukel.at\/wp-content\/uploads\/2021\/10\/Eifler-Bild-3-768x512.jpg 768w\" sizes=\"(max-width: 1024px) 100vw, 1024px\" \/><\/figure><\/li><\/ul><\/figure>\n\n\n\n<p>Kurs: Mo. 18.Juli \u2013 Fr. 21. Juli 2022 (Kursstart Mo. 18. Juli 9:00)<br>Anreise: So. 17. Juli 2022 16:00 \u2013 21:00<br>Abreise: Fr. 21. Juli 2022 14:00 (Mittagessen 13:00)<br>Kurszeiten: Mo. \u2013 Do.: 9:00 \u2013 13:00 &amp; 14:00 \u2013 17:00 Fr.: 9:00-12:00<\/p>\n\n\n\n<h4>Kurspreis: 380.-\u20ac<\/h4>\n\n\n\n<p> <a href=\"https:\/\/kunstschaukel.at\/?page_id=207\">Unterkunft und Verpflegung laut Seminarinfos<\/a> <\/p>\n\n\n\n<p><strong><a href=\"https:\/\/kunstschaukel.at\/?page_id=1033\">Anmeldung<\/a><\/strong><\/p>\n\n\n\n<p><a href=\"https:\/\/kunstschaukel.at\/\">Zur\u00fcck<\/a><\/p>\n","protected":false},"excerpt":{"rendered":"<p>Alles was wir wissen, lernen wir \u00fcber Typografie &#8211; unsere Sprache in Bildern, die wir zu entziffern gelernt haben. Typografie ist unser st\u00e4ndiger Wegbegleiter, einfach da, wie selbstverst\u00e4ndlich. Sie f\u00e4llt nur auf, wenn Irritation stattfindet, wir keine direkte Entschl\u00fcsselung der<\/p>\n","protected":false},"author":1,"featured_media":0,"parent":0,"menu_order":0,"comment_status":"closed","ping_status":"closed","template":"","meta":{"_mi_skip_tracking":false},"_links":{"self":[{"href":"https:\/\/kunstschaukel.at\/index.php?rest_route=\/wp\/v2\/pages\/963"}],"collection":[{"href":"https:\/\/kunstschaukel.at\/index.php?rest_route=\/wp\/v2\/pages"}],"about":[{"href":"https:\/\/kunstschaukel.at\/index.php?rest_route=\/wp\/v2\/types\/page"}],"author":[{"embeddable":true,"href":"https:\/\/kunstschaukel.at\/index.php?rest_route=\/wp\/v2\/users\/1"}],"replies":[{"embeddable":true,"href":"https:\/\/kunstschaukel.at\/index.php?rest_route=%2Fwp%2Fv2%2Fcomments&post=963"}],"version-history":[{"count":7,"href":"https:\/\/kunstschaukel.at\/index.php?rest_route=\/wp\/v2\/pages\/963\/revisions"}],"predecessor-version":[{"id":1096,"href":"https:\/\/kunstschaukel.at\/index.php?rest_route=\/wp\/v2\/pages\/963\/revisions\/1096"}],"wp:attachment":[{"href":"https:\/\/kunstschaukel.at\/index.php?rest_route=%2Fwp%2Fv2%2Fmedia&parent=963"}],"curies":[{"name":"wp","href":"https:\/\/api.w.org\/{rel}","templated":true}]}}