{"id":894,"date":"2021-10-25T10:23:59","date_gmt":"2021-10-25T10:23:59","guid":{"rendered":"https:\/\/kunstschaukel.at\/?page_id=894"},"modified":"2021-11-29T18:18:20","modified_gmt":"2021-11-29T18:18:20","slug":"der-faedenzieher","status":"publish","type":"page","link":"https:\/\/kunstschaukel.at\/?page_id=894","title":{"rendered":"Der F\u00e4denzieher"},"content":{"rendered":"\n<p>M\u00e4nner sind vom Mars, Frauen von der Venus? Autos sind f\u00fcr Jungs und M\u00e4dchen spielen nur mit Puppen? So ein Quatsch! Im N\u00e4hkurs von Eduard Lesjak&nbsp;lernen alle N\u00e4hbegeisterten intuitiv mit Nadel und Faden umzugehen. Die Bed\u00fcrfnisse der Anwesenden immer im Blick holt Eduard Lesjak&nbsp;sie dort ab, wo sie sich n\u00e4htechnisch gerade befinden und zeigt individuelle N\u00e4hwege auf, die nach Material, Intention und Pers\u00f6nlichkeit variieren. F\u00fcr alle, die hinter Nadel, Faden und ihrem kreativen&nbsp;Potenzial&nbsp;stehen.<\/p>\n\n\n\n<p>Unter der kundigen Anleitung von Eduard Lesjak&nbsp;gestalten Sie in diesem Kurs kleine Kunstwerke mit der N\u00e4hmaschine. Dabei geht es um den Dreischritt &#8222;Die Umgebung wahrnehmen, \u2013 Medien und Werkzeug w\u00e4hlen, \u2013 umsetzen&#8220;, egal ob es dabei um H\u00e4user, Menschen, Tiere, Stimmungen oder Gedanken geht.<br><br><\/p>\n\n\n\n<figure class=\"wp-block-image size-full\"><img loading=\"lazy\" width=\"800\" height=\"599\" src=\"https:\/\/kunstschaukel.at\/wp-content\/uploads\/2021\/10\/Portrait_Eduard_Lesjak_02.jpg\" alt=\"\" class=\"wp-image-895\" srcset=\"https:\/\/kunstschaukel.at\/wp-content\/uploads\/2021\/10\/Portrait_Eduard_Lesjak_02.jpg 800w, https:\/\/kunstschaukel.at\/wp-content\/uploads\/2021\/10\/Portrait_Eduard_Lesjak_02-300x225.jpg 300w, https:\/\/kunstschaukel.at\/wp-content\/uploads\/2021\/10\/Portrait_Eduard_Lesjak_02-768x575.jpg 768w\" sizes=\"(max-width: 800px) 100vw, 800px\" \/><figcaption>Foto: Lukas Beck<\/figcaption><\/figure>\n\n\n\n<h2><a href=\"https:\/\/www.lesjakeduard.com\/\" target=\"_blank\" rel=\"noreferrer noopener\">Eduard Lesjak<\/a><\/h2>\n\n\n\n<p>Der 1961 in Klagenfurt geborene Eduard Lesjak ist bildender K\u00fcnstler. Daneben arbeitet er auch als Grafiker f\u00fcr bibliophile Editionen, projektiert Kunst am Bau und h\u00e4lt Workshops mit Erwachsenen, Jugendlichen und Kindern.&nbsp; Er ist Mitglied des K\u00e4rntner Kunstvereins und fungierte&nbsp; von 2004-2008 als Beirat. Lesjak hatte zahlreiche Ausstellungen und wurde als Artist in residence nach Deutschland, Slowenien, Kroatien und in die Schweiz eingeladen.&nbsp;<br>Der K\u00fcnstler erhielt zahlreiche Preise, z.B. den Preis der Wirtschaftskammer Tirol, den Preis des \u00d6sterreichischen Grafikwettbewerbs, den Alpe Adria Preis \u201eEuropaeus sine finibus \u201c 2008. Im Jahre 2010 erlangte er den 1. Preis der K\u00e4rntner Landesregierung zur Neugestaltung von Bildst\u00f6cken. <br>2010 wurde seine Arbeit \u201eAn der Nadel\u201c zur \u201e\u00d61 Grafik des Monats Juni\u201c im ORF gew\u00e4hlt. 2020&nbsp; &#8222;i gfrei mi &#8211; se veselim&#8220; Grafik \u2013 ensteht. <br>Eduard Lesjak lebt in Wien, Salzburg und in K\u00e4rnten<br><a href=\"http:\/\/www.lesjakeduard.com\" data-type=\"URL\" data-id=\"www.lesjakeduard.com\" target=\"_blank\" rel=\"noreferrer noopener\">www.lesjakeduard.com<\/a><br><\/p>\n\n\n\n<p id=\"block-edce1cf6-05af-470c-887d-a171293bedb2\">Kurs: Mo. 18. Juli &#8211; Fr. 22. Juli 2022 (Kursstart Mo. 18. Juli 9:00)<strong><br><\/strong>Anreise: So. 17. Juli 2022 16:00 &#8211; 21:00<br>Abreise: Fr. 22. Juli 2022 14:00 (Mittagessen 13:00)<br>Kurszeiten: Mo. &#8211; Do.: 9:00 &#8211; 13:00 &amp; 14:00 &#8211; 17:00 Fr.: 9:00 &#8211; 12:00<\/p>\n\n\n\n<h4 id=\"block-cde04cc8-402a-4e12-b774-c01db3846471\">Kurspreis: 380.&#8211;\u20ac<\/h4>\n\n\n\n<p id=\"block-6ecd46ae-5d70-4d4e-9cff-b4e374fc24f6\"> <a href=\"https:\/\/kunstschaukel.at\/?page_id=207\">Unterkunft und Verpflegung laut Seminarinfos<\/a> <\/p>\n\n\n\n<p id=\"block-55180611-fd1e-44a5-a390-303d85616d96\"><strong><a href=\"https:\/\/kunstschaukel.at\/?page_id=1033\">Anmeldung<\/a><\/strong><\/p>\n","protected":false},"excerpt":{"rendered":"<p>M\u00e4nner sind vom Mars, Frauen von der Venus? Autos sind f\u00fcr Jungs und M\u00e4dchen spielen nur mit Puppen? So ein Quatsch! Im N\u00e4hkurs von Eduard Lesjak&nbsp;lernen alle N\u00e4hbegeisterten intuitiv mit Nadel und Faden umzugehen. Die Bed\u00fcrfnisse der Anwesenden immer im<\/p>\n","protected":false},"author":1,"featured_media":0,"parent":0,"menu_order":0,"comment_status":"closed","ping_status":"closed","template":"","meta":{"_mi_skip_tracking":false},"_links":{"self":[{"href":"https:\/\/kunstschaukel.at\/index.php?rest_route=\/wp\/v2\/pages\/894"}],"collection":[{"href":"https:\/\/kunstschaukel.at\/index.php?rest_route=\/wp\/v2\/pages"}],"about":[{"href":"https:\/\/kunstschaukel.at\/index.php?rest_route=\/wp\/v2\/types\/page"}],"author":[{"embeddable":true,"href":"https:\/\/kunstschaukel.at\/index.php?rest_route=\/wp\/v2\/users\/1"}],"replies":[{"embeddable":true,"href":"https:\/\/kunstschaukel.at\/index.php?rest_route=%2Fwp%2Fv2%2Fcomments&post=894"}],"version-history":[{"count":12,"href":"https:\/\/kunstschaukel.at\/index.php?rest_route=\/wp\/v2\/pages\/894\/revisions"}],"predecessor-version":[{"id":1082,"href":"https:\/\/kunstschaukel.at\/index.php?rest_route=\/wp\/v2\/pages\/894\/revisions\/1082"}],"wp:attachment":[{"href":"https:\/\/kunstschaukel.at\/index.php?rest_route=%2Fwp%2Fv2%2Fmedia&parent=894"}],"curies":[{"name":"wp","href":"https:\/\/api.w.org\/{rel}","templated":true}]}}