{"id":881,"date":"2021-10-25T09:54:56","date_gmt":"2021-10-25T09:54:56","guid":{"rendered":"https:\/\/kunstschaukel.at\/?page_id=881"},"modified":"2021-11-29T18:20:19","modified_gmt":"2021-11-29T18:20:19","slug":"jazz-fuer-die-sinne","status":"publish","type":"page","link":"https:\/\/kunstschaukel.at\/?page_id=881","title":{"rendered":"Jazz f\u00fcr die Sinne"},"content":{"rendered":"\n<p>Die Stimme ist der Spiegel der Seele&#8230;.Das urspr\u00fcnglichste unter allen Instrumenten ist uns angeboren, stimmig zu sein, eine begl\u00fcckende Eigenschaft. Und Singen macht gl\u00fccklich. Im Jazz und dessen verwandten Stilen erf\u00e4hrt man die Freiheit dazu sich individuell stimmlich auszudr\u00fccken. Sei es mit Songs,&nbsp;durch Improvisation, durch Rhythmus&#8230; Der theoretische Background hilft dabei sich noch freier f\u00fchlen zu k\u00f6nnen. Es muss viel mehr gesungen werden, lustvoll, manchmal melancholisch, langsamer, schneller, Hauptsache nicht oberfl\u00e4chlich. Nahrung f\u00fcr die Seele&#8230;.<br><\/p>\n\n\n\n<figure class=\"wp-block-image size-full\"><img loading=\"lazy\" width=\"310\" height=\"380\" src=\"https:\/\/kunstschaukel.at\/wp-content\/uploads\/2021\/10\/Portrait_Ines_Reiger.jpg\" alt=\"\" class=\"wp-image-883\" srcset=\"https:\/\/kunstschaukel.at\/wp-content\/uploads\/2021\/10\/Portrait_Ines_Reiger.jpg 310w, https:\/\/kunstschaukel.at\/wp-content\/uploads\/2021\/10\/Portrait_Ines_Reiger-245x300.jpg 245w\" sizes=\"(max-width: 310px) 100vw, 310px\" \/><\/figure>\n\n\n\n<h2 id=\"block-1fcc8559-6421-4180-8f97-9e8b7be8e7bc\"><a href=\"http:\/\/inesreiger.at\/\" data-type=\"URL\" target=\"_blank\" rel=\"noreferrer noopener\">Ines Reiger<\/a><\/h2>\n\n\n\n<p>Ines Reiger ist als S\u00e4ngerin national und dar\u00fcber hinaus umtriebig unterwegs&#8230;. und unterrichtet Jazzgesang an der Musik und Kunstuniversit\u00e4t der Stadt Wien und in Graz an der Kunstuniversit\u00e4t. Als Musikjournalistin bei \u00d61 ist sie permanent am Puls der Entwicklung des Jazz und dessen verwandten Stilen, so wie Blues, Soul, Funk&#8230;. Wie auch immer,&nbsp;singen macht gl\u00fccklich&#8230;. Christopher Pawluk arbeitet als freischaffender Musiker und P\u00e4dagoge. Der virtuose Gitarrist vermittelt theoretische Inhalte spielerisch und gemeinsam mit Ines Reiger lustvoll.<br><a rel=\"noreferrer noopener\" href=\"http:\/\/inesreiger.at\/\" data-type=\"URL\" data-id=\"http:\/\/inesreiger.at\/\" target=\"_blank\">www.inesreiger.at<\/a><\/p>\n\n\n\n<p>Ines Reiger Vocal und Piano<br>Christopher Pawluk Gitarre und Theorie<br><\/p>\n\n\n\n<p id=\"block-edce1cf6-05af-470c-887d-a171293bedb2\">Kurs: Mo. 18. Juli &#8211; Fr. 22. Juli 2022 (Kursstart Mo. 18. Juli 9:00)<strong><br><\/strong>Anreise: So. 17. Juli 2022 16:00 &#8211; 21:00<br>Abreise: Fr. 22. Juli 2022 14:00 (Mittagessen 13:00)<br>Kurszeiten: Mo. &#8211; Do.: 9:00 &#8211; 13:00 &amp; 14:00 &#8211; 17:00 Fr.: 9:00 &#8211; 12:00<\/p>\n\n\n\n<h4 id=\"block-cde04cc8-402a-4e12-b774-c01db3846471\">Kurspreis: 380.&#8211;\u20ac<\/h4>\n\n\n\n<p id=\"block-6ecd46ae-5d70-4d4e-9cff-b4e374fc24f6\"> <a href=\"https:\/\/kunstschaukel.at\/?page_id=207\">Unterkunft und Verpflegung laut Seminarinfos<\/a> <\/p>\n\n\n\n<p id=\"block-55180611-fd1e-44a5-a390-303d85616d96\"><strong><a href=\"https:\/\/kunstschaukel.at\/?page_id=1033\">Anmeldung<\/a><\/strong><\/p>\n","protected":false},"excerpt":{"rendered":"<p>Die Stimme ist der Spiegel der Seele&#8230;.Das urspr\u00fcnglichste unter allen Instrumenten ist uns angeboren, stimmig zu sein, eine begl\u00fcckende Eigenschaft. Und Singen macht gl\u00fccklich. Im Jazz und dessen verwandten Stilen erf\u00e4hrt man die Freiheit dazu sich individuell stimmlich auszudr\u00fccken. Sei<\/p>\n","protected":false},"author":1,"featured_media":0,"parent":0,"menu_order":0,"comment_status":"closed","ping_status":"closed","template":"","meta":{"_mi_skip_tracking":false},"_links":{"self":[{"href":"https:\/\/kunstschaukel.at\/index.php?rest_route=\/wp\/v2\/pages\/881"}],"collection":[{"href":"https:\/\/kunstschaukel.at\/index.php?rest_route=\/wp\/v2\/pages"}],"about":[{"href":"https:\/\/kunstschaukel.at\/index.php?rest_route=\/wp\/v2\/types\/page"}],"author":[{"embeddable":true,"href":"https:\/\/kunstschaukel.at\/index.php?rest_route=\/wp\/v2\/users\/1"}],"replies":[{"embeddable":true,"href":"https:\/\/kunstschaukel.at\/index.php?rest_route=%2Fwp%2Fv2%2Fcomments&post=881"}],"version-history":[{"count":16,"href":"https:\/\/kunstschaukel.at\/index.php?rest_route=\/wp\/v2\/pages\/881\/revisions"}],"predecessor-version":[{"id":1086,"href":"https:\/\/kunstschaukel.at\/index.php?rest_route=\/wp\/v2\/pages\/881\/revisions\/1086"}],"wp:attachment":[{"href":"https:\/\/kunstschaukel.at\/index.php?rest_route=%2Fwp%2Fv2%2Fmedia&parent=881"}],"curies":[{"name":"wp","href":"https:\/\/api.w.org\/{rel}","templated":true}]}}