{"id":846,"date":"2021-10-11T13:34:58","date_gmt":"2021-10-11T13:34:58","guid":{"rendered":"https:\/\/kunstschaukel.at\/?page_id=846"},"modified":"2021-11-29T18:18:39","modified_gmt":"2021-11-29T18:18:39","slug":"graffiti-vom-papier-auf-die-wand","status":"publish","type":"page","link":"https:\/\/kunstschaukel.at\/?page_id=846","title":{"rendered":"Graffiti &#8211; Vom Papier auf die Wand"},"content":{"rendered":"\n<p>Der Kurs &#8222;Graffiti &#8211; Vom Papier auf die Wand&#8220; zeigt die Herkunft und Vielfalt des modernen Graffiti-Writings. Hier steht erst die Geschichte und folgend die verschiedensten Techniken der Graffiti- und Street-Art-Szene im Vordergrund. Der grundlegende Umgang mit der Spr\u00fchdose sowie das kreieren von eigenen Kunstwerken ist das Ziel des mehrt\u00e4gigen Workshops. Willkommen ist jeder, der Interesse an einer Kunstform hat, die immer wieder aufs Neue um ihre Anerkennung k\u00e4mpfen muss und die Grenzen zwischen Legal und Illegal immer wieder neu definiert.<br><br><br><\/p>\n\n\n\n<div class=\"wp-block-image\"><figure class=\"aligncenter size-full\"><img loading=\"lazy\" width=\"310\" height=\"380\" src=\"https:\/\/kunstschaukel.at\/wp-content\/uploads\/2021\/10\/Portraits_Benjamin_Hoefler_01.jpg\" alt=\"\" class=\"wp-image-849\" srcset=\"https:\/\/kunstschaukel.at\/wp-content\/uploads\/2021\/10\/Portraits_Benjamin_Hoefler_01.jpg 310w, https:\/\/kunstschaukel.at\/wp-content\/uploads\/2021\/10\/Portraits_Benjamin_Hoefler_01-245x300.jpg 245w\" sizes=\"(max-width: 310px) 100vw, 310px\" \/><\/figure><\/div>\n\n\n\n<h2><a href=\"http:\/\/www.sizetwo.at\/\" data-type=\"URL\" data-id=\"http:\/\/www.sizetwo.at\/\" target=\"_blank\" rel=\"noreferrer noopener\">Benjamin &#8222;sizetwo&#8220; H\u00f6fler<\/a><\/h2>\n\n\n\n<p>Seit mittlerweile 14 Jahren darf ich mich als Teil der Graffiti-Szene z\u00e4hlen. In dieser Zeit durfte ich viele Erfahrungen sammeln, unterschiedliche Akteure kennen lernen und die diversen kulturellen Pr\u00e4gungen innerhalb der Szene aus L\u00e4ndern wie Deutschland, England, Schweiz, Slowenien, Italien, Argentinien oder Russland hautnah miterleben. Mein 4-j\u00e4hriger Aufenthalt in Berlin gab mir sehr viel Einblick in die Geschichte von Graffiti und einen Ausblick darauf, wohin es diese Kunstform noch tragen wird. Ich lebe mittlerweile seit 10 Jahren rein von meiner Leidenschaft.<br><a href=\"http:\/\/www.sizetwo.at\" data-type=\"URL\" data-id=\"www.sizetwo.at\" target=\"_blank\" rel=\"noreferrer noopener\">www.sizetwo.at<\/a><br><\/p>\n\n\n\n<p>Kurs: Mo. 18. Juli &#8211; Fr. 22. Juli 2022 (Kursstart Mo. 18. Juli 9:00)<strong><br><\/strong>Anreise: So. 17. Juli 2022 16:00 &#8211; 21:00<br>Abreise: Fr. 22. Juli 2022 14:00 (Mittagessen 13:00)<br>Kurszeiten: Mo. &#8211; Do.: 9:00 &#8211; 13:00 &amp; 14:00 &#8211; 17:00 Fr.: 9:00 &#8211; 12:00<\/p>\n\n\n\n<h4 id=\"block-cde04cc8-402a-4e12-b774-c01db3846471\">Kurspreis: 380.&#8211;\u20ac<\/h4>\n\n\n\n<p id=\"block-6ecd46ae-5d70-4d4e-9cff-b4e374fc24f6\"> <a href=\"https:\/\/kunstschaukel.at\/?page_id=207\">Unterkunft und Verpflegung laut Seminarinfos<\/a> <\/p>\n\n\n\n<p id=\"block-55180611-fd1e-44a5-a390-303d85616d96\"><strong><a href=\"https:\/\/kunstschaukel.at\/?page_id=1033\">Anmeldung<\/a><\/strong><\/p>\n\n\n\n<div class=\"wp-block-image\"><figure class=\"aligncenter size-full\"><img loading=\"lazy\" width=\"1000\" height=\"519\" src=\"https:\/\/kunstschaukel.at\/wp-content\/uploads\/2021\/10\/Graffiti_sizetwo_01.jpg\" alt=\"\" class=\"wp-image-850\" srcset=\"https:\/\/kunstschaukel.at\/wp-content\/uploads\/2021\/10\/Graffiti_sizetwo_01.jpg 1000w, https:\/\/kunstschaukel.at\/wp-content\/uploads\/2021\/10\/Graffiti_sizetwo_01-300x156.jpg 300w, https:\/\/kunstschaukel.at\/wp-content\/uploads\/2021\/10\/Graffiti_sizetwo_01-768x399.jpg 768w\" sizes=\"(max-width: 1000px) 100vw, 1000px\" \/><\/figure><\/div>\n","protected":false},"excerpt":{"rendered":"<p>Der Kurs &#8222;Graffiti &#8211; Vom Papier auf die Wand&#8220; zeigt die Herkunft und Vielfalt des modernen Graffiti-Writings. Hier steht erst die Geschichte und folgend die verschiedensten Techniken der Graffiti- und Street-Art-Szene im Vordergrund. Der grundlegende Umgang mit der Spr\u00fchdose sowie<\/p>\n","protected":false},"author":1,"featured_media":0,"parent":0,"menu_order":0,"comment_status":"closed","ping_status":"closed","template":"","meta":{"_mi_skip_tracking":false},"_links":{"self":[{"href":"https:\/\/kunstschaukel.at\/index.php?rest_route=\/wp\/v2\/pages\/846"}],"collection":[{"href":"https:\/\/kunstschaukel.at\/index.php?rest_route=\/wp\/v2\/pages"}],"about":[{"href":"https:\/\/kunstschaukel.at\/index.php?rest_route=\/wp\/v2\/types\/page"}],"author":[{"embeddable":true,"href":"https:\/\/kunstschaukel.at\/index.php?rest_route=\/wp\/v2\/users\/1"}],"replies":[{"embeddable":true,"href":"https:\/\/kunstschaukel.at\/index.php?rest_route=%2Fwp%2Fv2%2Fcomments&post=846"}],"version-history":[{"count":6,"href":"https:\/\/kunstschaukel.at\/index.php?rest_route=\/wp\/v2\/pages\/846\/revisions"}],"predecessor-version":[{"id":1083,"href":"https:\/\/kunstschaukel.at\/index.php?rest_route=\/wp\/v2\/pages\/846\/revisions\/1083"}],"wp:attachment":[{"href":"https:\/\/kunstschaukel.at\/index.php?rest_route=%2Fwp%2Fv2%2Fmedia&parent=846"}],"curies":[{"name":"wp","href":"https:\/\/api.w.org\/{rel}","templated":true}]}}