{"id":815,"date":"2021-10-07T22:18:01","date_gmt":"2021-10-07T22:18:01","guid":{"rendered":"https:\/\/kunstschaukel.at\/?page_id=815"},"modified":"2022-04-15T09:40:16","modified_gmt":"2022-04-15T09:40:16","slug":"kuenstlerischer-kurzfilm","status":"publish","type":"page","link":"https:\/\/kunstschaukel.at\/?page_id=815","title":{"rendered":"K\u00fcnstlerischer Kurzfilm"},"content":{"rendered":"\n<p>Von der Idee bis zum fertigen Film<br><br>In der Sommerakademie &#8222;K\u00fcnstlerischer Kurzfilm&#8220; besch\u00e4ftigen wir uns mit der spannenden Aufgabe, gemeinsam mit allen Kursteilnehmer*innen EINEN gemeinsamen Kurzfilm \u00e1 3 min. zu realisieren. Von der Idee bis zum fertigen Film. Jede*r Kursteilnehmer*in kann sich dabei einen Bereich im gesamten<br>Produktionsablauf aussuchen (z.B.: Konzept Erstellung, Kamera, Ton, Schnitt, etc.), der f\u00fcr sie bzw. ihn am reizvollsten ist, um diesen Bereich w\u00e4hrend der Kurswoche als Hauptverantwortliche*r zu betreuen. Zugleich werden wir in diesen sch\u00f6pferischen Prozess als Gruppe einsteigen und lernen, wie die verschiedenen Bereiche einer Kurzfilm Produktion zusammen wirken m\u00fcssen, um zu einem guten Ergebnis zu gelangen. Aber nicht nur das. Wir werden auch lernen uns wieder auf unsere Intuition zu besinnen und dem inneren Impuls zu folgen, um m\u00f6glichst frei und kreativ neue k\u00fcnstlerische R\u00e4ume zu betreten. Der Kurs ist sehr stark praxisorientiert ausgerichtet, um allen Kursteilnehmer*Innen einerseits das n\u00f6tige Know-How und andererseits ein erfolgreiches learning-by-doing zu erm\u00f6glichen. Das gemeinsame Werk darf maximal 3 Minuten lang sein. Inhaltlich sind den kreativen K\u00f6pfen jedoch keine Grenzen gesetzt. Es geht nicht so sehr darum, ein technisch \u201eperfektes\u201c Werk abzuliefern, sondern viel mehr darum in den sch\u00f6pferischen Prozess an sich einzutauchen. Was begeistert mich? Was wollte ich schon immer ausdr\u00fccken, hab mich aber nie getraut? Was hindert mich daran? Wo liegen meine selbst auferlegten Grenzen? Diesen und noch vielen weiteren Fragen werden wir begegnen, wenn wir bereit sind uns bewusst mit uns selbst auseinanderzusetzten und aus der Quelle unseres Herzens etwas v\u00f6llig Neues entstehen zu lassen. Von der Idee bis zum fertigen Film. Es wird lustig, herausfordernd, ungewohnt und einzigartig.<br><br><\/p>\n\n\n\n<div class=\"wp-block-image\"><figure class=\"aligncenter size-full\"><img loading=\"lazy\" width=\"310\" height=\"380\" src=\"https:\/\/kunstschaukel.at\/wp-content\/uploads\/2021\/10\/Portraitfoto-Nina-Rath-3.jpg\" alt=\"\" class=\"wp-image-821\" srcset=\"https:\/\/kunstschaukel.at\/wp-content\/uploads\/2021\/10\/Portraitfoto-Nina-Rath-3.jpg 310w, https:\/\/kunstschaukel.at\/wp-content\/uploads\/2021\/10\/Portraitfoto-Nina-Rath-3-245x300.jpg 245w\" sizes=\"(max-width: 310px) 100vw, 310px\" \/><\/figure><\/div>\n\n\n\n<p><strong><a rel=\"noreferrer noopener\" href=\"http:\/\/www.nina-rath.com\" data-type=\"URL\" data-id=\"www.nina-rath.com\" target=\"_blank\"><\/a><strong><a rel=\"noreferrer noopener\" href=\"http:\/\/www.nina-rath.com\/\" target=\"_blank\">Nina Rath<\/a><\/strong><\/strong><br>wurde 1989 in Graz geboren. Nach der Matura studierte sie Digitale Medien und Fernsehen an der FH Salzburg. 2010 schloss sie ihr Bachelorstudium mit Auszeichnung ab und erhielt ein Leistungsstipendium der Universit\u00e4t f\u00fcr den Dokumentarfilm \u201ehitchhike the wind\u201c. Nach Abschluss ihres Studiums reiste sie ein Jahr lang durch Australien und lebte viele Monate im Outpack \u2013 abgeschieden von der \u201eGetriebenheit der Welt\u201c, um in tiefere Dimension ihres Seins einzutauchen. 2011 kehrte sie nach \u00d6sterreich zur\u00fcck und begann in der \u00f6sterreichischen Film- und Medienbranche zu arbeiten und produzierte Film- und Medien f\u00fcr Fernsehen, Firmen, Kunst- und Kulturinstitutionen und realisierte zahlreiche eigene k\u00fcnstlerische Werke. 2015-2020 arbeitete sie mit der International Peace Foundation zusammen und war u.a. verantwortlich f\u00fcr die Filmdokumentation in Nordkorea, Indonesien und Laos w\u00e4hrend der Veranstaltungsreihe \u201eBridges \u2013 Dialoge f\u00fcr eine Kultur des Friedens\u201c. 2016 erhielt sie den Platinum Award beim Mindfield Film Festival in Los Angeles f\u00fcr ihren Dokumentarfilm \u201eTreetime Stories\u201c. Von 2017-2018 studierte sie \u201eMaster of Screenproduction\u201c an der Griffith Filmschool in Brisbane; Australien. 2018 schloss sie ihre Masterarbeit \u00fcber Virtual Reality (VR) in Verbindung mit Biofeedback (HRV) ab. Sie absolvierte ihr Studium mit Auszeichnung und erhielt ein  Exzellenzstipendium von der Griffith University. 2018 wurde ihr Kurzfilm \u201eINTUITION\u201c bei der Opening Gala des Illuminate Filmfestivals in Sedona (Amerika) pr\u00e4miert. 2020 landete dieser Kurzfilm auf dem 2. Platz des Cosmic Cine Angel Awards in der Kategorie \u201ePublikumspreis\u201c. Derzeit arbeitet sie an verschiedenen Formaten und Genres, einschlie\u00dflich Dokumentarfilm, Experimentalfilm, Kurzfilme und interaktive Kunst. Sie liebt Kunst, Natur, Poesie, Kristall Klang Schalen, Stille, Hans Moser Filme, Pumuckl, Rohkost, Wildkr\u00e4uter, Yoga, Meditation und the Funkyness of life.<br><br>Hier geht`s zu Ninas Website:<br><a rel=\"noreferrer noopener\" href=\"http:\/\/www.nina-rath.com\" data-type=\"URL\" data-id=\"www.nina-rath.com\" target=\"_blank\">www.nina-rath.com<\/a><br><\/p>\n\n\n\n<p>Kurs: Mo. 25. Juli &#8211; Fr. 29. Juli 2022 (Kursstart Mo. 25. Juli 9:00)<br>Anreise: So. 24. Juli 2022 16:00 &#8211; 21:00<br>Abreise: Fr. 29. Juli 2022 14:00 (Mittagessen 13:00)<br>Kurszeiten: Mo. &#8211; Do.: 9:00 &#8211; 13:00 &amp; 14:00 &#8211; 17:00 Fr.: 9:00 &#8211; 12:00<\/p>\n\n\n\n<h4>Kurspreis: 380.&#8211;\u20ac<\/h4>\n\n\n\n<p> <a href=\"https:\/\/kunstschaukel.at\/?page_id=207\">Unterkunft und Verpflegung laut Seminarinfos<\/a> <\/p>\n\n\n\n<p><strong><a href=\"https:\/\/kunstschaukel.at\/?page_id=1033\">Anmeldung<\/a><\/strong><\/p>\n","protected":false},"excerpt":{"rendered":"<p>Von der Idee bis zum fertigen Film In der Sommerakademie &#8222;K\u00fcnstlerischer Kurzfilm&#8220; besch\u00e4ftigen wir uns mit der spannenden Aufgabe, gemeinsam mit allen Kursteilnehmer*innen EINEN gemeinsamen Kurzfilm \u00e1 3 min. zu realisieren. Von der Idee bis zum fertigen Film. Jede*r Kursteilnehmer*in<\/p>\n","protected":false},"author":1,"featured_media":0,"parent":0,"menu_order":0,"comment_status":"closed","ping_status":"closed","template":"","meta":{"_mi_skip_tracking":false},"_links":{"self":[{"href":"https:\/\/kunstschaukel.at\/index.php?rest_route=\/wp\/v2\/pages\/815"}],"collection":[{"href":"https:\/\/kunstschaukel.at\/index.php?rest_route=\/wp\/v2\/pages"}],"about":[{"href":"https:\/\/kunstschaukel.at\/index.php?rest_route=\/wp\/v2\/types\/page"}],"author":[{"embeddable":true,"href":"https:\/\/kunstschaukel.at\/index.php?rest_route=\/wp\/v2\/users\/1"}],"replies":[{"embeddable":true,"href":"https:\/\/kunstschaukel.at\/index.php?rest_route=%2Fwp%2Fv2%2Fcomments&post=815"}],"version-history":[{"count":12,"href":"https:\/\/kunstschaukel.at\/index.php?rest_route=\/wp\/v2\/pages\/815\/revisions"}],"predecessor-version":[{"id":1482,"href":"https:\/\/kunstschaukel.at\/index.php?rest_route=\/wp\/v2\/pages\/815\/revisions\/1482"}],"wp:attachment":[{"href":"https:\/\/kunstschaukel.at\/index.php?rest_route=%2Fwp%2Fv2%2Fmedia&parent=815"}],"curies":[{"name":"wp","href":"https:\/\/api.w.org\/{rel}","templated":true}]}}