{"id":735,"date":"2021-09-29T22:26:05","date_gmt":"2021-09-29T22:26:05","guid":{"rendered":"https:\/\/kunstschaukel.at\/?page_id=735"},"modified":"2022-03-29T08:28:37","modified_gmt":"2022-03-29T08:28:37","slug":"mach-es-richtig-falsch","status":"publish","type":"page","link":"https:\/\/kunstschaukel.at\/?page_id=735","title":{"rendered":"Mach es richtig falsch!"},"content":{"rendered":"\n<p>Spiel- und Schauspiellektionen<br>f\u00fcr mehr Pr\u00e4senz, Resilienz und Humor im Beruf und Alltag<br><br>Der Workshop f\u00fcr eine souver\u00e4ne und entspannte Haltung gegen\u00fcber Fehlern.<br>Mit einfach anzuwendenden \u00dcbungen f\u00fcr individuelle Stressreduktion und Selbststeuerung,<br>zur Steigerung der individuellen und kollektiven Kreativit\u00e4t und Ideenfindung.<br><br>Was Sie erwartet:<br>\u2014 Unterhaltsame Improvisationsgames f\u00fcr konzentrationsf\u00f6rdernde Entspannung und Inspiration<br>\u2014 Storytelling und Schauspiel-\u00dcbungen f\u00fcr die Selbst-Bewusstheit in Bezug auf K\u00f6rpersprache, Authentizit\u00e4t, Fantasie und L\u00f6sungsorientung<br>\u2014 Gruppenaufgaben, Koordinations\u00fcbungen, Kommunikationsstrategien zur Erarbeitung einer konstruktiven Fehlerkultur<br>\u2014 Routinen und Rituale zur St\u00e4rkung der gemeinsamen Lern- und Arbeitskultur<br><br><a rel=\"noreferrer noopener\" href=\"https:\/\/youtu.be\/HEQC-ep4AyI\" target=\"_blank\">Performance zum Thema Fehlerkultur !<\/a><br><br>\u201eVersuche, scheitere, scheitere nochmal, scheitere besser.\u201c   <br> \u2014  Samuel Beckett<\/p>\n\n\n\n<figure class=\"wp-block-image size-full\"><img loading=\"lazy\" width=\"310\" height=\"380\" src=\"https:\/\/kunstschaukel.at\/wp-content\/uploads\/2021\/09\/Portrait_Michaela_Obertscheider.jpg\" alt=\"\" class=\"wp-image-626\" srcset=\"https:\/\/kunstschaukel.at\/wp-content\/uploads\/2021\/09\/Portrait_Michaela_Obertscheider.jpg 310w, https:\/\/kunstschaukel.at\/wp-content\/uploads\/2021\/09\/Portrait_Michaela_Obertscheider-245x300.jpg 245w\" sizes=\"(max-width: 310px) 100vw, 310px\" \/><\/figure>\n\n\n\n<h2><a href=\"http:\/\/www.michaelaobertscheider.at\" target=\"_blank\" rel=\"noreferrer noopener\">Michaela Obertscheider<\/a><\/h2>\n\n\n\n<p>Die freischaffende K\u00fcnstlerin, geb. 1969, arbeitet als Autorin, Regisseurin, Schauspielerin, Rednerin, Liedermacherin und Kreativit\u00e4tstrainerin.<\/p>\n\n\n\n<p>Sie bietet neben ihrer T\u00e4tigkeit als Theatermacherin seit zwanzig Jahren inspirierende, humorvolle Prozesse und Performances an &#8211; im Bildungsbereich, im k\u00fcnstlerischen Kontext, in der Erwachsenenbildung und in der Wirtschaft.<\/p>\n\n\n\n<p>Mit k\u00fcnstlerischen Interventionen wie Intensivworkshops, Lektionen f\u00fcr Kreatives Schreiben, interaktive Vortr\u00e4ge etc. f\u00f6rdert sie in Einzelarbeit und\/oder im Team individuelle Kompetenzen wie Resilienz, rhetorische Pr\u00e4senz und kreative Intelligenz und st\u00e4rkt den Teamgeist.<\/p>\n\n\n\n<p>Ihre Buchbearbeitungen und Inszenierungen f\u00fcr Erwachsene, Kinder und Jugendliche laufen seit etlichen Jahren erfolgreich u.a. im Wiener Theater Akzent und im Kabarettheater Niedermair.<\/p>\n\n\n\n<p>Sie schreibt und singt Chansons.<br>Sie spielt Ukulele.<br>In ihrer Freizeit zeichnet sie und geht spazieren.<\/p>\n\n\n\n<p>Die geb\u00fcrtige Tirolerin lebt und arbeitet seit 1994 in Wien.<\/p>\n\n\n\n<p><br><a rel=\"noreferrer noopener\" href=\"http:\/\/www.michaelaobertscheider.at\" data-type=\"URL\" data-id=\"www.michaelaobertscheider.at\" target=\"_blank\">www.michaelaobertscheider.at<\/a><\/p>\n\n\n\n<figure class=\"wp-block-image size-large is-resized is-style-default\"><img loading=\"lazy\" src=\"https:\/\/kunstschaukel.at\/wp-content\/uploads\/2022\/02\/Plakat-Kunstschaukel-Sommer-2022-724x1024.jpeg\" alt=\"\" class=\"wp-image-1336\" width=\"224\" height=\"317\" srcset=\"https:\/\/kunstschaukel.at\/wp-content\/uploads\/2022\/02\/Plakat-Kunstschaukel-Sommer-2022-724x1024.jpeg 724w, https:\/\/kunstschaukel.at\/wp-content\/uploads\/2022\/02\/Plakat-Kunstschaukel-Sommer-2022-212x300.jpeg 212w, https:\/\/kunstschaukel.at\/wp-content\/uploads\/2022\/02\/Plakat-Kunstschaukel-Sommer-2022-768x1086.jpeg 768w, https:\/\/kunstschaukel.at\/wp-content\/uploads\/2022\/02\/Plakat-Kunstschaukel-Sommer-2022-1086x1536.jpeg 1086w, https:\/\/kunstschaukel.at\/wp-content\/uploads\/2022\/02\/Plakat-Kunstschaukel-Sommer-2022.jpeg 1414w\" sizes=\"(max-width: 224px) 100vw, 224px\" \/><\/figure>\n\n\n\n<div class=\"wp-container-1 wp-block-buttons\">\n<div class=\"wp-block-button\"><a class=\"wp-block-button__link\" href=\"https:\/\/kunstschaukel.at\/?page_id=1272\">Kostenloses Webinar<\/a><\/div>\n\n\n\n<div class=\"wp-block-button\"><a class=\"wp-block-button__link\" href=\"https:\/\/kunstschaukel.at\/?page_id=1297\">Anmeldung zum Gewinnspiel<\/a><\/div>\n\n\n\n<div class=\"wp-block-button\"><a class=\"wp-block-button__link\" href=\"https:\/\/kunstschaukel.at\/?page_id=1284\">Anfrage bez\u00fcglich Informationen<\/a><\/div>\n<\/div>\n\n\n\n<p><\/p>\n\n\n\n<p>Kurs: Mo. 1. August- Fr. 5. August 2022 (Kursstart Mo. 1. August 9:00)<br>Anreise: So. 31. Juli 2022 16:00 \u2013 21:00<br>Abreise: Fr. 5. August 2022 14:00 (Mittagessen 13:00)<br>Kurszeiten: Mo. \u2013 Do.: 9:00 \u2013 13:00 &amp; 14:00 \u2013 17:00 Fr.: 9:00 \u2013 12:00<\/p>\n\n\n\n<h4>Kurspreis: 380.&#8211;\u20ac<\/h4>\n\n\n\n<p> <a href=\"https:\/\/kunstschaukel.at\/?page_id=207\">Unterkunft und Verpflegung laut Seminarinfos<\/a> <\/p>\n\n\n\n<p><strong><a href=\"https:\/\/kunstschaukel.at\/?page_id=1033\">Anmeldung<\/a><\/strong><\/p>\n\n\n\n<p><br><\/p>\n","protected":false},"excerpt":{"rendered":"<p>Spiel- und Schauspiellektionenf\u00fcr mehr Pr\u00e4senz, Resilienz und Humor im Beruf und Alltag Der Workshop f\u00fcr eine souver\u00e4ne und entspannte Haltung gegen\u00fcber Fehlern.Mit einfach anzuwendenden \u00dcbungen f\u00fcr individuelle Stressreduktion und Selbststeuerung,zur Steigerung der individuellen und kollektiven Kreativit\u00e4t und Ideenfindung. Was Sie<\/p>\n","protected":false},"author":1,"featured_media":0,"parent":0,"menu_order":0,"comment_status":"closed","ping_status":"closed","template":"","meta":{"_mi_skip_tracking":false},"_links":{"self":[{"href":"https:\/\/kunstschaukel.at\/index.php?rest_route=\/wp\/v2\/pages\/735"}],"collection":[{"href":"https:\/\/kunstschaukel.at\/index.php?rest_route=\/wp\/v2\/pages"}],"about":[{"href":"https:\/\/kunstschaukel.at\/index.php?rest_route=\/wp\/v2\/types\/page"}],"author":[{"embeddable":true,"href":"https:\/\/kunstschaukel.at\/index.php?rest_route=\/wp\/v2\/users\/1"}],"replies":[{"embeddable":true,"href":"https:\/\/kunstschaukel.at\/index.php?rest_route=%2Fwp%2Fv2%2Fcomments&post=735"}],"version-history":[{"count":10,"href":"https:\/\/kunstschaukel.at\/index.php?rest_route=\/wp\/v2\/pages\/735\/revisions"}],"predecessor-version":[{"id":1452,"href":"https:\/\/kunstschaukel.at\/index.php?rest_route=\/wp\/v2\/pages\/735\/revisions\/1452"}],"wp:attachment":[{"href":"https:\/\/kunstschaukel.at\/index.php?rest_route=%2Fwp%2Fv2%2Fmedia&parent=735"}],"curies":[{"name":"wp","href":"https:\/\/api.w.org\/{rel}","templated":true}]}}