{"id":720,"date":"2021-09-29T22:07:57","date_gmt":"2021-09-29T22:07:57","guid":{"rendered":"https:\/\/kunstschaukel.at\/?page_id=720"},"modified":"2021-12-09T20:55:06","modified_gmt":"2021-12-09T20:55:06","slug":"chromatische-mundharmonika-fuer-anfaenger","status":"publish","type":"page","link":"https:\/\/kunstschaukel.at\/?page_id=720","title":{"rendered":"Chromatische Mundharmonika f\u00fcr Anf\u00e4nger"},"content":{"rendered":"\n<p>Fast jeder hat eine Mundharmonika zu Hause oder schon einmal darauf gespielt. Mit der richtigen Atemtechnik und dem Ansatz werden daraus schnell wundersch\u00f6ne Melodien. Mit der Chromatischen Mundharmonika ( die mit dem Schieber) kann man einfach alles spielen: jede Tonart, Filmmusik,Jazz, Blues, Volksmusik oder was immer ihr spielen wollt. Durch ein einfaches Zahlensystem muss man sich anfangs auch gar nicht mit Noten besch\u00e4ftigen sondern kann gleich loslegen. Gerade f\u00fcr musikalische Neulinge ist das Instrument deswegen auch sehr geeignet. Wir werden die Atemtechnik, das Einzeltonspielen aber auch das sch\u00f6ne spielen von Phrasen \u00fcben und ihr bekommt somit alle wichtigen Grundlagen um auch nach dem Kurs eigenst\u00e4ndig weiter zu \u00fcben und zu spielen. Wir brauchen eine Chromatische Mundharmonika in C (bitte keine Chrometta !)und wer will kann auch eine bei der Kursleiterin ausborgen oder ein Einsteigermodell um 30\u20ac kaufen.<\/p>\n\n\n\n<figure class=\"wp-block-image size-full\"><img loading=\"lazy\" width=\"310\" height=\"380\" src=\"https:\/\/kunstschaukel.at\/wp-content\/uploads\/2021\/09\/Portrait_Isabella_Krapf.jpg\" alt=\"\" class=\"wp-image-635\" srcset=\"https:\/\/kunstschaukel.at\/wp-content\/uploads\/2021\/09\/Portrait_Isabella_Krapf.jpg 310w, https:\/\/kunstschaukel.at\/wp-content\/uploads\/2021\/09\/Portrait_Isabella_Krapf-245x300.jpg 245w\" sizes=\"(max-width: 310px) 100vw, 310px\" \/><\/figure>\n\n\n\n<h2><a href=\"https:\/\/www.isabellakrapf.com\/\" target=\"_blank\" rel=\"noreferrer noopener\">Isabella Krapf<\/a><\/h2>\n\n\n\n<p>Seit ihrem 8. Lebensjahr besch\u00e4ftigt sich Isabella Krapf mit der Mundharmonika. Obwohl sie auch die F\u00e4cher Schlagwerk, Klavier und Jazzklavier an der Musikschule belegte, war die Mundharmonika immer ihre gro\u00dfe Leidenschaft. Seit 1998 unterrichtet die Musikerin Chromatische Mundharmonika. In Wien und Graz sowie Bayern und Schrems gab es Kurse und Einzelunterricht.<br>2011 &#8211; 2013 unterrichtete die Musikerin sogar mehrere Monate in Nordkorea.Die Konzertt\u00e4tigkeit von Isabella Krapf ist ebenso vielf\u00e4ltig wie ihr Unterrichtsstil : in Brasilia, Pyongyang, Bristol, Casablanca aber auch im Konzerthaus und im Goldenen Musikvereinssaal in Wien spielte die Musikerin schon Konzerte.<br>Auch historisches Wissen und das Wissen um die Reparatur der Instrumente werden von der Musikikerin gerne vermittelt.<br><a href=\"https:\/\/www.isabellakrapf.com\/\" target=\"_blank\" rel=\"noreferrer noopener\">www.isabellakrapf.com<\/a><\/p>\n\n\n\n<p><br>Kurs: Mo. 1. August- Fr. 5. August 2022 (Kursstart Mo. 1. August 9:00)<br>Anreise: So. 31. Juli 2022 16:00 \u2013 21:00<br>Abreise: Fr. 5. August 2022 14:00 (Mittagessen 13:00)<br>Kurszeiten: Mo. \u2013 Do.: 9:00 \u2013 13:00 &amp; 14:00 \u2013 17:00 Fr.: 9:00 \u2013 12:0<strong>0<\/strong><\/p>\n\n\n\n<h2>Kurspreis: 380.-\u20ac<\/h2>\n\n\n\n<p><a href=\"https:\/\/kunstschaukel.at\/?page_id=207\">Unterkunft und Verpflegung laut Seminarinfos<\/a> <\/p>\n\n\n\n<h2><a href=\"https:\/\/kunstschaukel.at\/?page_id=1033\">Anmeldung<\/a><\/h2>\n","protected":false},"excerpt":{"rendered":"<p>Fast jeder hat eine Mundharmonika zu Hause oder schon einmal darauf gespielt. Mit der richtigen Atemtechnik und dem Ansatz werden daraus schnell wundersch\u00f6ne Melodien. Mit der Chromatischen Mundharmonika ( die mit dem Schieber) kann man einfach alles spielen: jede Tonart,<\/p>\n","protected":false},"author":1,"featured_media":0,"parent":0,"menu_order":0,"comment_status":"closed","ping_status":"closed","template":"","meta":{"_mi_skip_tracking":false},"_links":{"self":[{"href":"https:\/\/kunstschaukel.at\/index.php?rest_route=\/wp\/v2\/pages\/720"}],"collection":[{"href":"https:\/\/kunstschaukel.at\/index.php?rest_route=\/wp\/v2\/pages"}],"about":[{"href":"https:\/\/kunstschaukel.at\/index.php?rest_route=\/wp\/v2\/types\/page"}],"author":[{"embeddable":true,"href":"https:\/\/kunstschaukel.at\/index.php?rest_route=\/wp\/v2\/users\/1"}],"replies":[{"embeddable":true,"href":"https:\/\/kunstschaukel.at\/index.php?rest_route=%2Fwp%2Fv2%2Fcomments&post=720"}],"version-history":[{"count":6,"href":"https:\/\/kunstschaukel.at\/index.php?rest_route=\/wp\/v2\/pages\/720\/revisions"}],"predecessor-version":[{"id":1190,"href":"https:\/\/kunstschaukel.at\/index.php?rest_route=\/wp\/v2\/pages\/720\/revisions\/1190"}],"wp:attachment":[{"href":"https:\/\/kunstschaukel.at\/index.php?rest_route=%2Fwp%2Fv2%2Fmedia&parent=720"}],"curies":[{"name":"wp","href":"https:\/\/api.w.org\/{rel}","templated":true}]}}