{"id":711,"date":"2021-09-29T21:58:20","date_gmt":"2021-09-29T21:58:20","guid":{"rendered":"https:\/\/kunstschaukel.at\/?page_id=711"},"modified":"2021-11-29T18:22:13","modified_gmt":"2021-11-29T18:22:13","slug":"musik-erfinden-und-komponieren-fuer-alle","status":"publish","type":"page","link":"https:\/\/kunstschaukel.at\/?page_id=711","title":{"rendered":"Musik erfinden und komponieren f\u00fcr alle"},"content":{"rendered":"\n<p><em>Kreative Prozesse um Musik mit dem eigenen Instrument zu erfinden und zu komponieren. <\/em><br><br>Wer hat gesagt, dass das Komponieren eine schwierige Disziplin ist und dass man Jahre lang studieren muss, um Musik schreiben zu k\u00f6nnen? Ein Musikst\u00fcck besteht aus vielen musikalischen Elementen, die wunderbare Farben erzeugen k\u00f6nnen. Wollen Sie die Geheimnisse dieser Farben entdecken und mit Ihrem Instrument kreativ sein? Dann ist dieser Kurs genau das Richtige f\u00fcr Sie. Wir werden verschiedene musikalischen Elemente variieren und miteinander vermischen, um Musik selbst zu erfinden und kleine Musikst\u00fccke komponieren zu k\u00f6nnen. Der Kurs ist f\u00fcr alle Instrumentalist*innen (Anf\u00e4nger*innen mit wenig Instrumentalerfahrung sowie f\u00fcr fortgeschrittene Musiker*innen) geeignet, die einen kreativen Umgang mit dem Instrument erleben m\u00f6chten.<\/p>\n\n\n\n<figure class=\"wp-block-image size-full\"><img loading=\"lazy\" width=\"310\" height=\"380\" src=\"https:\/\/kunstschaukel.at\/wp-content\/uploads\/2021\/09\/Portrait_Irene_Malizia.jpg\" alt=\"\" class=\"wp-image-636\" srcset=\"https:\/\/kunstschaukel.at\/wp-content\/uploads\/2021\/09\/Portrait_Irene_Malizia.jpg 310w, https:\/\/kunstschaukel.at\/wp-content\/uploads\/2021\/09\/Portrait_Irene_Malizia-245x300.jpg 245w\" sizes=\"(max-width: 310px) 100vw, 310px\" \/><figcaption>Foto Credits @ Angelo Tatone<\/figcaption><\/figure>\n\n\n\n<h2><a href=\"https:\/\/irenemalizia.variandomusica.net\/\" data-type=\"URL\" data-id=\"https:\/\/irenemalizia.variandomusica.net\/\" target=\"_blank\" rel=\"noreferrer noopener\">Irene Malizia<\/a><\/h2>\n\n\n\n<p>Irene Malizia, die in Wien als Geigerin, Komponistin und P\u00e4dagogin arbeitet, schloss Ihre Masterstudien in Violine Konzertfach, Komposition und Instrumentalp\u00e4dagogik in Italien und in \u00d6sterreich ab. Ihr K\u00f6nnen wurde bei nationalen und internationalen Violin- und Kompositionswettbewerben mit Preisen bedacht. Spezialisiert auf kreative Methoden in der Instrumentalp\u00e4dagogik, arbeitet sie derzeit an ihrer Dissertation zum Thema \u201eComposing Music as Learning Tool in Instrumental Music Education\u201c als PhD-Studentin an der Kunstuniversit\u00e4t Graz (KUG). Zugleich ist sie Lehrerin f\u00fcr Violine, Komposition und musiktheoretische Lehrveranstaltungen, Improvisation und kreative musikalische Fr\u00fcherziehung bei Variando musica sowie Dozentin f\u00fcr Geh\u00f6rbildung im Studiengang Musikalisches Unterhaltungstheater an der Musik und Kunst Privatuniversit\u00e4t der Stadt Wien.<br><a href=\"https:\/\/irenemalizia.variandomusica.net\/\" data-type=\"URL\" data-id=\"https:\/\/irenemalizia.variandomusica.net\/\" target=\"_blank\" rel=\"noreferrer noopener\">www.irenemalizia.variandomusica.net<\/a><br><\/p>\n\n\n\n<p>Kurs: Mo. 25.Juli \u2013 Fr. 29. Juli 2022 (Kursstart Mo. 25. Juli 9:00)<br>Anreise: So. 24. Juli 2022 16:00 \u2013 21:00<br>Abreise: Fr. 29. Juli 2022 14:00 (Mittagessen 13:00)<br>Kurszeiten: Mo. \u2013 Do.: 9:00 \u2013 13:00 &amp; 14:00 \u2013 17:00   Fr.: 9:00-12:00<\/p>\n\n\n\n<h4>Kurspreis: 380.&#8211;\u20ac<\/h4>\n\n\n\n<p> <a href=\"https:\/\/kunstschaukel.at\/?page_id=207\">Unterkunft und Verpflegung laut Seminarinfos<\/a> <\/p>\n\n\n\n<p><strong><a href=\"https:\/\/kunstschaukel.at\/?page_id=1033\">Anmeldung<\/a><\/strong><\/p>\n","protected":false},"excerpt":{"rendered":"<p>Kreative Prozesse um Musik mit dem eigenen Instrument zu erfinden und zu komponieren. Wer hat gesagt, dass das Komponieren eine schwierige Disziplin ist und dass man Jahre lang studieren muss, um Musik schreiben zu k\u00f6nnen? Ein Musikst\u00fcck besteht aus vielen<\/p>\n","protected":false},"author":1,"featured_media":0,"parent":0,"menu_order":0,"comment_status":"closed","ping_status":"closed","template":"","meta":{"_mi_skip_tracking":false},"_links":{"self":[{"href":"https:\/\/kunstschaukel.at\/index.php?rest_route=\/wp\/v2\/pages\/711"}],"collection":[{"href":"https:\/\/kunstschaukel.at\/index.php?rest_route=\/wp\/v2\/pages"}],"about":[{"href":"https:\/\/kunstschaukel.at\/index.php?rest_route=\/wp\/v2\/types\/page"}],"author":[{"embeddable":true,"href":"https:\/\/kunstschaukel.at\/index.php?rest_route=\/wp\/v2\/users\/1"}],"replies":[{"embeddable":true,"href":"https:\/\/kunstschaukel.at\/index.php?rest_route=%2Fwp%2Fv2%2Fcomments&post=711"}],"version-history":[{"count":8,"href":"https:\/\/kunstschaukel.at\/index.php?rest_route=\/wp\/v2\/pages\/711\/revisions"}],"predecessor-version":[{"id":1091,"href":"https:\/\/kunstschaukel.at\/index.php?rest_route=\/wp\/v2\/pages\/711\/revisions\/1091"}],"wp:attachment":[{"href":"https:\/\/kunstschaukel.at\/index.php?rest_route=%2Fwp%2Fv2%2Fmedia&parent=711"}],"curies":[{"name":"wp","href":"https:\/\/api.w.org\/{rel}","templated":true}]}}