{"id":61,"date":"2021-08-03T19:00:04","date_gmt":"2021-08-03T19:00:04","guid":{"rendered":"http:\/\/kunstschaukel.at\/?page_id=61"},"modified":"2022-06-08T20:58:07","modified_gmt":"2022-06-08T20:58:07","slug":"startseite","status":"publish","type":"page","link":"https:\/\/kunstschaukel.at\/","title":{"rendered":"Kunstschaukel M\u00dcRZTAL"},"content":{"rendered":"\n<p>Herzlich willkommen bei unserer Kunstschaukel. Im wundersch\u00f6nen <strong><a rel=\"noreferrer noopener\" href=\"https:\/\/www.st-barbara.gv.at\/\" target=\"_blank\">St. Barbara im M\u00fcrztal<\/a><\/strong> begr\u00fc\u00dfen wir alle Kunstinteressierten von 18 &#8211; 99, die Freude haben, sich als Anf\u00e4ngerInnen oder Fortgeschrittene w\u00e4hrend der Sommerakademie k\u00fcnstlerisch zu bet\u00e4tigen. <\/p>\n\n\n\n<h4 class=\"has-text-color\" style=\"color:#92ca7a\"><strong>Jetzt noch schnell  bis 13. Juni anmelden<\/strong> <a href=\"https:\/\/kunstschaukel.at\/?page_id=168\">-&gt; alle Termine<\/a> <\/h4>\n\n\n\n<figure class=\"wp-block-video\"><video controls src=\"https:\/\/kunstschaukel.at\/wp-content\/uploads\/2022\/06\/Gewinnspiel-Video.mp4\"><\/video><figcaption><a href=\"https:\/\/kunstschaukel.at\/?page_id=1297\"><strong><mark style=\"background-color:#ffffff\" class=\"has-inline-color\">Gewinnerin unseres Gewinnspiels &#8211; Fr. Elfi Teifl &#8211; wir gratulieren<\/mark><\/strong><\/a><\/figcaption><\/figure>\n\n\n\n<p><br><br><\/p>\n\n\n\n<div class=\"wp-container-1 wp-block-group\"><div class=\"wp-block-group__inner-container\"><div class=\"wp-block-image is-style-default\">\n<figure class=\"aligncenter size-full\"><img loading=\"lazy\" width=\"462\" height=\"566\" src=\"https:\/\/kunstschaukel.at\/wp-content\/uploads\/2021\/12\/Titelbild-9er.jpg\" alt=\"Kunstschaukel M\u00fcrztal Sommerakademie Kunst Kultur Seminare Workshops\" class=\"wp-image-1197\" srcset=\"https:\/\/kunstschaukel.at\/wp-content\/uploads\/2021\/12\/Titelbild-9er.jpg 462w, https:\/\/kunstschaukel.at\/wp-content\/uploads\/2021\/12\/Titelbild-9er-245x300.jpg 245w\" sizes=\"(max-width: 462px) 100vw, 462px\" \/><\/figure><\/div><\/div><\/div>\n\n\n\n<p>Der Verein Kunstschaukel M\u00fcrztal bietet mit der Sommerakademie die M\u00f6glichkeit, sich w\u00e4hrend der verschiedenen Workshops aktiv k\u00fcnstlerisch zu verwirklichen, verschiedene Kunstbereiche kennen zu lernen oder zu vertiefen. Die Freude am Probieren und Gestalten steht im Mittelpunkt. Nationale und internationale K\u00fcnstlerInnen leiten die Sommerakademie der Kunstschaukel M\u00fcrztal.<\/p>\n\n\n\n<div class=\"wp-container-2 wp-block-buttons\">\n<div class=\"wp-block-button\"><a class=\"wp-block-button__link\" href=\"https:\/\/kunstschaukel.at\/?page_id=665\">Unsere Visionen<\/a><\/div>\n\n\n\n<div class=\"wp-block-button\"><a class=\"wp-block-button__link\" href=\"https:\/\/kunstschaukel.at\/?page_id=1284\">Unverbindliche Anfrage<\/a><\/div>\n\n\n\n<div class=\"wp-block-button\"><a class=\"wp-block-button__link\" href=\"https:\/\/kunstschaukel.at\/?page_id=1033\">Verbindliche Anmeldung<\/a><\/div>\n<\/div>\n\n\n\n<p><\/p>\n\n\n<div class=\"wp-block-image\">\n<figure class=\"aligncenter size-large is-resized\"><img loading=\"lazy\" src=\"https:\/\/kunstschaukel.at\/wp-content\/uploads\/2021\/12\/Flyer-Kunstschaukel-1024x726.jpg\" alt=\"Kunstschaukel M\u00fcrztal Sommerakademie Kunst Kultur Seminare Workshops\" class=\"wp-image-1200\" width=\"472\" height=\"335\" srcset=\"https:\/\/kunstschaukel.at\/wp-content\/uploads\/2021\/12\/Flyer-Kunstschaukel-1024x726.jpg 1024w, https:\/\/kunstschaukel.at\/wp-content\/uploads\/2021\/12\/Flyer-Kunstschaukel-300x213.jpg 300w, https:\/\/kunstschaukel.at\/wp-content\/uploads\/2021\/12\/Flyer-Kunstschaukel-768x545.jpg 768w, https:\/\/kunstschaukel.at\/wp-content\/uploads\/2021\/12\/Flyer-Kunstschaukel.jpg 1537w\" sizes=\"(max-width: 472px) 100vw, 472px\" \/><figcaption>Flyer Kunstschaukel M\u00fcrztal &#8211; Sommerakademie 2022 &#8211;<a href=\"https:\/\/kunstschaukel.at\/?page_id=1215\" target=\"_blank\" rel=\"noreferrer noopener\"> Download<\/a><\/figcaption><\/figure><\/div>","protected":false},"excerpt":{"rendered":"<p>Kunstschaukel<\/p>\n","protected":false},"author":1,"featured_media":0,"parent":0,"menu_order":0,"comment_status":"closed","ping_status":"closed","template":"","meta":{"_mi_skip_tracking":false},"_links":{"self":[{"href":"https:\/\/kunstschaukel.at\/index.php?rest_route=\/wp\/v2\/pages\/61"}],"collection":[{"href":"https:\/\/kunstschaukel.at\/index.php?rest_route=\/wp\/v2\/pages"}],"about":[{"href":"https:\/\/kunstschaukel.at\/index.php?rest_route=\/wp\/v2\/types\/page"}],"author":[{"embeddable":true,"href":"https:\/\/kunstschaukel.at\/index.php?rest_route=\/wp\/v2\/users\/1"}],"replies":[{"embeddable":true,"href":"https:\/\/kunstschaukel.at\/index.php?rest_route=%2Fwp%2Fv2%2Fcomments&post=61"}],"version-history":[{"count":93,"href":"https:\/\/kunstschaukel.at\/index.php?rest_route=\/wp\/v2\/pages\/61\/revisions"}],"predecessor-version":[{"id":1524,"href":"https:\/\/kunstschaukel.at\/index.php?rest_route=\/wp\/v2\/pages\/61\/revisions\/1524"}],"wp:attachment":[{"href":"https:\/\/kunstschaukel.at\/index.php?rest_route=%2Fwp%2Fv2%2Fmedia&parent=61"}],"curies":[{"name":"wp","href":"https:\/\/api.w.org\/{rel}","templated":true}]}}