{"id":560,"date":"2021-09-13T17:52:46","date_gmt":"2021-09-13T17:52:46","guid":{"rendered":"https:\/\/kunstschaukel.at\/?page_id=560"},"modified":"2021-09-13T19:21:58","modified_gmt":"2021-09-13T19:21:58","slug":"dsgvo","status":"publish","type":"page","link":"https:\/\/kunstschaukel.at\/?page_id=560","title":{"rendered":"DSGVO"},"content":{"rendered":"\n<p>Wir verarbeiten Ihre personenbezogenen Daten, die unter folgende <strong>Datenkategorien <\/strong>fallen:<br><br>Name\/Firma,<\/p>\n\n\n\n<p>Beruf\/Berufsbezeichnung,<\/p>\n\n\n\n<p>Geburtsdatum,<\/p>\n\n\n\n<p>Firmenbuchnummer,<\/p>\n\n\n\n<p>Ansprechperson,<\/p>\n\n\n\n<p>Gesch\u00e4ftsanschrift und sonstige Adressen des Kunden,<\/p>\n\n\n\n<p>Kontaktdaten (Telefonnummer, Telefaxnummer, E-Mail-Adresse, etc.)<\/p>\n\n\n\n<p>Bankverbindungen, Kreditkartendaten,<\/p>\n\n\n\n<p>Bestelldaten,<\/p>\n\n\n\n<p>UID-Nummer,<\/p>\n\n\n\n<p>Kundenserviceanfragen,<\/p>\n\n\n\n<p>Mailverkehr<\/p>\n\n\n\n<p>Sie haben uns Daten \u00fcber sich freiwillig zur Verf\u00fcgung gestellt und wir verarbeiten diese Daten auf Grundlage Ihrer <strong>Einwilligung<\/strong> zu folgenden Zwecken:<\/p>\n\n\n\n<ul><li>Betreuung der KundInnen sowie<\/li><li>f\u00fcr eigene Werbezwecke, beispielsweise zur Zusendung von Angeboten, Werbeprospekten und Newsletter (in Papier- und elektronischer Form), sowie zum Zwecke des Hinweises auf die zu KundInnen bestehende oder vormalige Gesch\u00e4ftsbeziehung.<\/li><\/ul>\n\n\n\n<p>Sie k\u00f6nnen diese Einwilligung jederzeit widerrufen. Ein <strong>Widerruf<\/strong> hat zur Folge, dass wir Ihre Daten ab diesem Zeitpunkt zu oben genannten Zwecken nicht mehr verarbeiten. <strong>F\u00fcr einen Widerruf wenden Sie sich bitte an:<\/strong> <a href=\"mailto:verein@kunstschaukel.at\" target=\"_blank\" rel=\"noreferrer noopener\">verein@kunstschaukel.at<\/a><\/p>\n\n\n\n<p>Die von Ihnen bereit gestellten Daten sind weiters zur <strong>Vertragserf\u00fcllung<\/strong> bzw. zur Durchf\u00fchrung vorvertraglicher Ma\u00dfnahmen erforderlich. Ohne diese Daten k\u00f6nnen wir den Vertrag mit Ihnen nicht abschlie\u00dfen.<\/p>\n\n\n\n<p>Wir <strong>speichern<\/strong> Ihre Daten bis zum Ende der gesetzlichen Frist der letzten buchhalterischen Erfassung einer Vertragserf\u00fcllung.<\/p>\n\n\n\n<p>F\u00fcr diese Datenverarbeitung ziehen wir <strong>keine<\/strong> Auftragsverarbeiter heran.<\/p>\n\n\n\n<p>Wir geben Ihre Daten an <strong>keine<\/strong> Empf\u00e4nger bzw. Empf\u00e4ngerkategorien weiter.<\/p>\n\n\n\n<p>Ihre Daten werden <strong>nicht<\/strong> au\u00dferhalb der EU bzw. des EWR verarbeitet. Das angemessene Schutzniveau ergibt sich aus einem Angemessenheitsbeschluss der Europ\u00e4ischen Kommission nach Art 45 DSGVO.<\/p>\n\n\n\n<p>Wir setzen <strong>keine<\/strong> Verfahren zur automatisierten Entscheidungsfindung \/ Profiling ein, die Ihnen gegen\u00fcber eine rechtliche Wirkung haben oder Sie in \u00e4hnlicher Weise erheblich beeintr\u00e4chtigen.<br><br><\/p>\n\n\n\n<p>Sie erreichen uns unter folgenden Kontaktdaten: <a href=\"mailto:verein@kunstschaukel.at\" target=\"_blank\" rel=\"noreferrer noopener\">verein@kunstschaukel.at<\/a><br><br><\/p>\n\n\n\n<p>Unseren Datenschutzbeauftragten erreichen Sie unter: <a href=\"mailto:verein@kunstschaukel.at\" target=\"_blank\" rel=\"noreferrer noopener\">verein@kunstschaukel.at<\/a><\/p>\n\n\n\n<p><strong>Rechtsbehelfsbelehrung<\/strong><\/p>\n\n\n\n<p>Ihnen stehen grunds\u00e4tzlich die Rechte auf Auskunft, Berichtigung, L\u00f6schung, Einschr\u00e4nkung, Daten\u00fcbertragbarkeit und Widerspruch zu. Daf\u00fcr wenden Sie sich an uns. Wenn Sie glauben, dass die Verarbeitung Ihrer Daten gegen das Datenschutzrecht verst\u00f6\u00dft oder Ihre datenschutzrechtlichen Anspr\u00fcche sonst in einer Weise verletzt worden sind, k\u00f6nnen Sie sich bei der Aufsichtsbeh\u00f6rde beschweren. In \u00d6sterreich ist die <a rel=\"noreferrer noopener\" href=\"http:\/\/dsb.gv.at\/\" target=\"_blank\">Datenschutzbeh\u00f6rde<\/a> zust\u00e4ndig.<\/p>\n\n\n\n<p><\/p>\n\n\n\n<h2><strong>Datenschutzerkl\u00e4rung<\/strong><\/h2>\n\n\n\n<p>Der Schutz Ihrer pers\u00f6nlichen Daten ist uns ein besonderes Anliegen. Ihre Daten werden von uns daher ausschlie\u00dflich auf Grundlage der anwendbaren gesetzlichen Bestimmungen insbesondere auf Basis der Datenschutzgrundverordnung (&#8222;DSGVO&#8220;), des \u00f6sterreichischen Datenschutzgesetzes (&#8222;DSG&#8220;) und des Telekommunikationsgesetzes (&#8222;TKG&#8220;) verarbeitet. In dieser Datenschutzerkl\u00e4rung m\u00f6chten wir Sie informieren, welche Daten wir erheben, verarbeiten und nutzen, wenn Sie unsere Websites besuchen und nutzen.<\/p>\n\n\n\n<p>1. Verantwortlicher im Sinne der DSGVO<br>Kulturverein Kunstschaukel M\u00fcrztal<\/p>\n\n\n\n<p>ZVR-Zahl: 1464008395<\/p>\n\n\n\n<p>Untere Bergstra\u00dfe 39<\/p>\n\n\n\n<p>A-8662 St. Barbara im M\u00fcrztal<\/p>\n\n\n\n<p>+43 699 124 95 209&nbsp;<\/p>\n\n\n\n<p><a href=\"mailto:verein@kunstschaukel.at\">verein@kunstschaukel.at<\/a><\/p>\n\n\n\n<p>Unseren Datenschutzverantwortlichen erreichen Sie unter <a href=\"mailto:verein@kunstschaukel.at\">verein@kunstschaukel.at<\/a><\/p>\n\n\n\n<p>2. Der Schutz Ihrer pers\u00f6nlichen Daten ist uns ein besonderes Anliegen. Wir verarbeiten Ihre Daten daher ausschlie\u00dflich auf Grundlage der gesetzlichen Bestimmungen (DSGVO, TKG 2003). In diesen Datenschutzinformationen informieren wir Sie \u00fcber die wichtigsten Aspekte der Datenverarbeitung im Rahmen unserer Website. F\u00fcr die Nutzung unserer Website und die damit verbundene Erhebung und Verarbeitung von personenbezogenen Daten kommt die vorliegende Datenschutzerkl\u00e4rung zur Anwendung.<\/p>\n\n\n\n<p>3. Wir geben grunds\u00e4tzlich Ihre auf Basis Ihrer Nutzung der Website erhobenen personenbezogenen Daten nicht an Dritte weiter, au\u00dfer, es ist zur Erf\u00fcllung unserer Pflichten erforderlich oder gesetzlich bzw. beh\u00f6rdlich verpflichtend vorgeschrieben.&nbsp;Ihre personenbezogenen Daten werden allerdings in unserem Auftrag auch von unseren beauftragten Dienstleistern (Auftragsverarbeitern) verarbeitet. Diese Auftragsverarbeiter sind insbesondere IT-Dienstleister, Anbieter von sonstigen Online-Tools und Softwarel\u00f6sungen, IT-Wartungsdienste und im Anlassfall weitere Anbieter von \u00e4hnlichen Diensten. Alle unsere Auftragsverarbeiter verarbeiten Ihre Daten grunds\u00e4tzlich nur in unserem Auftrag und auf Basis unserer Weisungen f\u00fcr unsere oben dargestellten Zwecke.<\/p>\n\n\n\n<p>3.1. Alle Auftragsverarbeiter haben sich zur Einhaltung der geltenden datenschutzrechtlichen Bestimmungen uns gegen\u00fcber verpflichtet. Es wurden entsprechende Auftragsverarbeitungsvertr\u00e4ge gem\u00e4\u00df Art 28 DSGVO abgeschlossen. N\u00e4here Informationen zu den von uns beauftragten Auftragsverarbeiter k\u00f6nnen Sie unter der email Adresse des Verantwortlichen anfragen.<\/p>\n\n\n\n<p>3.2. Wir verarbeiten personenbezogene Daten, n\u00e4mlich Vornamen, Nachnamen, Anschrift, und Kontaktdaten und sonstige Anmeldedaten, die gegebenenfalls von Besuchern der Website freiwillig in Formulare zum Zweck der Kontaktaufnahme bzw. f\u00fcr die Anmeldung zu Veranstaltungen eingetragen werden.<\/p>\n\n\n\n<p>Zum Zwecke der Durchf\u00fchrung und Abwicklung von Veranstaltungen werden im Anlassfall die im jeweiligen Aufnahmeformular bekannt gegebenen Daten auf der Grundlage einer ausdr\u00fccklichen Einwilligung der sich anmeldenden Person verarbeitet. Konkret sind das: Name, Adresse, Kontaktdaten, Name der Organisation\/Institution, Datum, Name der Veranstaltung, im Anlassfall Essens- bzw. \u00dcbernachtungm\u00f6glichkeit, Anmerkungen sowie gegebenenfalls eine Dokumentation der Anwesenheit. Die oben genannten Anmeldedaten werden l\u00e4ngstens f\u00fcr die Dauer von 7 Jahren aufbewahrt. Etwaige Stornierungen und die dazugeh\u00f6rige Korrespondenz werden 6 Monate aufbewahrt.<\/p>\n\n\n\n<p>Personenbezogene Daten, die f\u00fcr die Rechnungslegung verarbeitet werden m\u00fcssen, werden eventuell an unseren Steuerberater weitergegeben. Dar\u00fcber hinaus werden die Daten \u00fcber die Abrechnung unserer Online-Dienste verarbeitet. Informationen \u00fcber Zahlungsmittel inklusive Bankkontodaten werden von unserer Bank verarbeitet. Wir erhalten keine Informationen \u00fcber diese Daten. Sie k\u00f6nnen die jeweiligen Kontaktdaten unter der email Adresse des Verantwortlichen anfragen.<\/p>\n\n\n\n<p>3.3. Personenbezogene Daten eines Betroffenen werden im konkreten Anlassfall an folgende Empf\u00e4nger \u00fcbermittelt:<\/p>\n\n\n\n<p>\u2022 Vertragspartner nach Einwilligung bzw. aufgrund eines Vertrags mit dem Website-Besuchers<br>\u2022 Steuerberatung<br>\u2022 Polizei und Sicherheitsbeh\u00f6rden<br>\u2022 Zust\u00e4ndigen Aufsichtsbeh\u00f6rden<br>\u2022 Gerichte in justiziellen Angelegenheiten<br>\u2022 Bezirksverwaltungsbeh\u00f6rden und Gemeindebeh\u00f6rden in verwaltungspolizeilichen Angelegenheiten<br>\u2022 Finanzamt<\/p>\n\n\n\n<p>4. Der Zweck der Website der Kunstschaukel M\u00fcrztal besteht in der Kommunikation nach innen und nach au\u00dfen mit dem Ziel, die Veranstaltungen und die Inhalte, f\u00fcr die sie stehen, zu vermitteln. S\u00e4mtliche Datenverarbeitungen auf der Website richten sich grunds\u00e4tzlich nach diesem Zweck.<\/p>\n\n\n\n<p>5. Sonstige Datenverarbeitungen von personenbezogenen Daten, die nicht zur Erf\u00fcllung dieses Zwecks erfolgen, beruhen auf eigenen rechtlichen Grundlagen, die in dieser Datenschutzerkl\u00e4rung in der Folge dargestellt werden.<\/p>\n\n\n\n<p>6. Werden Dokumente oder Beitr\u00e4ge von Mitgliedern der Kunstschaukel M\u00fcrztal ver\u00f6ffentlicht, so behaltet sich die Kunstschaukel M\u00fcrztal das Recht vor, die Namen der Autoren ebenfalls zu nennen. Die Kunstschaukel M\u00fcrztal beruft sich dabei auf ihr berechtigtes Interesse, die Urheberschaft von Publikationen transparent und nachvollziehbar einzelnen Personen zurechenbar zu machen. Es steht grunds\u00e4tzlich jedem frei, einer derartige Ver\u00f6ffentlichung seiner Daten zu widersprechen.<\/p>\n\n\n\n<p>7. Erhebung personenbezogener Daten<\/p>\n\n\n\n<p>7.1. Cookies sowie Funktionen von Webanalysedienste k\u00f6nnen auf unserer Internetplattform auf vielf\u00e4ltige Art und Weise zum Einsatz kommen. Cookies sind kleine Textinformationen, die eine Wiedererkennung des Nutzers und eine Analyse Ihrer Nutzung unserer Websites m\u00f6glich machen bzw. die bestimmte Einstellungen und Daten zum Austausch mit unserem System \u00fcber Ihren Browser speichern. Die dadurch erzeugten Informationen werden auf den Server des Anbieters \u00fcbertragen und dort gespeichert. Ein Cookie enth\u00e4lt den Namen der Domain, von der die Cookie-Daten gesendet wurden, ferner Informationen \u00fcber das Alter und Ablaufdauer des Cookies und eine Cookie-ID (alphanumerisches Kennzeichen zur Identifizierung). Cookies helfen uns dabei, unseren Webauftritt zu verbessern und Ihnen optimierte Services anbieten zu k\u00f6nnen. Sie dienen dazu, unseren Internetauftritt insgesamt nutzerfreundlicher, effektiver sowie sicherer zu machen. Zudem dienen Cookies zur Messung der H\u00e4ufigkeit von Seitenaufrufen und zur allgemeinen Navigation. Zu diesem Zweck kommen sogenannte \u201eSession-Cookies und gegebenenfalls sogenannte \u201epersistente Cookies\u201c zum Einsatz. Mit Hilfe von \u201eSession-Cookies\u201c werden lediglich die oben erl\u00e4uterten Daten \u00fcber die Nutzung der Website tempor\u00e4r gespeichert. Diese speichern eine \u201eSession-ID\u201c, mit welcher sich verschiedene Anfragen Ihres Browsers einer gemeinsamen Sitzung zuordnen lassen. Session-Cookies werden gel\u00f6scht, wenn Sie Ihren Browser schlie\u00dfen. Die sog. \u201epersistenten Cookies\u201c kommen ebenfalls zum Einsatz, welche automatisiert nach einer vorgegebenen Dauer gel\u00f6scht werden. Diese erm\u00f6glichen zum einen das Wiedererkennen Ihres Endger\u00e4ts, mit welchem Sie schon einmal unsere Websysteme besucht haben, zum anderen helfen sie uns auch, eine nicht-personenbezogene Analyse des Verhaltens auf unserem Webauftritt durchzuf\u00fchren.<\/p>\n\n\n\n<p>7.2. Beim Besuch unserer Website k\u00f6nnen Sie einwilligen, dass wir Cookies setzen. Sie k\u00f6nnen in Ihren Browsereinstellungen die Annahme von Cookies verweigern. N\u00e4here Informationen hierzu entnehmen Sie bitte den entsprechenden Informationen von Ihrem Browser-Hersteller. Wir weisen Sie darauf hin, dass die Funktionalit\u00e4t unserer Website eventuell eingeschr\u00e4nkt werden k\u00f6nnte, wenn Sie sich gegen bestimmte technische und\/oder funktionelle Cookies entscheiden. Einige Cookies bleiben auf Ihrem Endger\u00e4t gespeichert, bis Sie diese l\u00f6schen.<\/p>\n\n\n\n<p>7.3. Wir haben mit den unten angef\u00fchrten Anbietern einen entsprechenden Vertrag zur Auftragsdatenverarbeitung abgeschlossen. Diese haben sich zur Einhaltung der geltenden datenschutzrechtlichen Bestimmungen uns gegen\u00fcber verpflichtet.&nbsp;<\/p>\n\n\n\n<p>7.4. Die Datenverarbeitung erfolgt auf Basis der gesetzlichen Bestimmungen des \u00a7 96 Abs 3 TKG sowie des Art 6 DSGVO, wie insbesondere Abs 1 lit a (Einwilligung) und\/oder f (berechtigtes Interesse). Da uns die Privatsph\u00e4re unserer Nutzer wichtig ist, werden grunds\u00e4tzlich die Nutzerdaten \u2013 soweit dies technisch m\u00f6glich ist &#8211; pseudonymisiert. Unser Anliegen im Sinne der DSGVO (berechtigtes Interesse) ist die Verbesserung unseres Angebotes und unseres Webauftritts.<\/p>\n\n\n\n<p>7.5. Der Provider der Website erhebt und speichert automatisch Informationen in Server-Log Files, die Ihr Computer &amp; Browser automatisch an uns \u00fcbermittelt. Diese Informationen in den Serverlogs umfassen:<\/p>\n\n\n\n<p>\u2022 Name des Browsers<br>\u2022 Versionsnummer des Browsers<br>\u2022 Sprache des Browsers<br>\u2022 Betriebssystem<br>\u2022 Referrer-URL<br>\u2022 Anfrage, welche Daten angefragt wird (Name, URL)<br>\u2022 \u00dcbertragene Datenmenge<br>\u2022 Status der \u00dcbertragung (Zugriff \/ HTTP)<br>\u2022 Hostname des zugreifenden Computers<br>\u2022 IP-Adresse des zugreifenden Computers<br>\u2022 Timestamp der Serveranfrage (Datum, Uhrzeit)<br>\u2022 Zeitzonendifferenz zur Greenwich Mean Time (GMT)<\/p>\n\n\n\n<p>Diese \u00fcbermittelten Daten sind nicht bestimmten Personen unmittelbar zuordenbar. Eine Zusammenf\u00fchrung dieser ermittelten Daten mit anderen Daten aus anderen Quellen wird nicht vorgenommen. Die Serverlogs werden gespeichert, um die Sicherheit des Systems pr\u00fcfen zu k\u00f6nnen, um etwaige Fehler der Website bzw. der Applikation feststellen und beseitigen zu k\u00f6nnen, ferner um die Auslastung der Website festzustellen, die Website technisch administrieren sowie das Angebot der Website optimieren zu k\u00f6nnen.<\/p>\n\n\n\n<p>7.6. Wir behalten uns vor, diese Daten nachtr\u00e4glich zu pr\u00fcfen, wenn uns konkrete Anhaltspunkte f\u00fcr eine rechtswidrige Nutzung unserer Website bekannt werden. Beispielsweise werden diese Daten\u2013 sollte es einen Hackangriff gegeben haben \u2013 an die zust\u00e4ndige Strafverfolgungsbeh\u00f6rden weitergeben. Eine dar\u00fcber hinausgehende Weitergabe an Dritte erfolgt nicht. Die Logs des Webservers werden f\u00fcr maximal 14 Tage gespeichert.<\/p>\n\n\n\n<p>7.7. Ferner werden voraussichtlich folgende Dienste von Auftragsverarbeitern von uns eingesetzt:<\/p>\n\n\n\n<p>7.7.1. Google Maps<\/p>\n\n\n\n<p>Unsere Homepage nutzt \u00fcber eine Schnittstelle den Online-Kartendienstanbieter Google Maps. Anbieter des Kartendienstes ist Google Inc., 1600 Amphitheatre Parkway, Mountain View, CA 94043, USA.<br>Zur Nutzung der Funktionalit\u00e4ten von Google Maps ist es notwendig, Ihre IP Adresse zu speichern. Diese Informationen werden an einen Server von Google in den USA \u00fcbertragen und dort gespeichert. Der Anbieter dieser Seite hat keinen Einfluss auf diese Daten\u00fcbertragung.<br>Die Nutzung des Kartendienstes Google Maps erfolgt im Interesse einer ansprechenden Darstellung unseres Online-Angebots und an der einfacheren Auffindbarkeit der von uns auf der Website angef\u00fchrten Adressen. Dies stellt ein berechtigtes Interesse im Sinne von Art. 6 Abs. 1 lit. f DSGVO dar.<br>Weitere Informationen zum Umgang mit Nutzerdaten finden Sie in der Datenschutzerkl\u00e4rung von Google: https:\/\/www.google.de\/intl\/de\/policies\/privacy\/ .<\/p>\n\n\n\n<p>7.7.2. Google reCAPTCHA<\/p>\n\n\n\n<p>Auf unserer Website nutzen wir \u201cGoogle reCAPTCHA\u201d (im Folgenden \u201creCAPTCHA\u201d). Anbieter ist die Google Inc., 1600 Amphitheatre Parkway, Mountain View, CA 94043, USA (\u201cGoogle\u201d).<br>Mit reCAPTCHA kann \u00fcberpr\u00fcft werden, ob eine Dateneingabe auf Websites in einem Formular durch einen Menschen oder durch ein automatisiertes Programm erfolgt. Hierzu analysiert reCAPTCHA das Verhalten des Websitebesuchers anhand verschiedener Kriterien und Merkmale. Diese Analyse beginnt automatisch, sobald der Websitebesucher die Website betritt. Zur Analyse des Besucherverhalterns wertet dabei reCAPTCHA verschiedene Informationen aus, wie insbesondere IP-Adresse, Verweildauer des Websitebesuchers auf der Website oder vom Nutzer vorgenommene Mausbewegungen. Die bei dieser Analyse erfassten Daten werden an Google Inc. \u00fcbermittelt. Die reCAPTCHA-Analysen laufen im Hintergrund, der Besucher der Website wird nicht darauf hingewiesen, dass eine Analyse stattfindet.<br>Die Datenverarbeitung erfolgt auf Grundlage von Art. 6 Abs. 1 lit. f DSGVO. Der Websitebetreiber hat ein berechtigtes Interesse daran, seine Webangebote vor missbr\u00e4uchlicher automatisierter Aussp\u00e4hung und vor SPAM zu sch\u00fctzen.<\/p>\n\n\n\n<p>Weitere Informationen zu Google reCAPTCHA sowie zur Datenschutzerkl\u00e4rung von Google finden Sie hier:<br>https:\/\/www.google.com\/intl\/de\/policies\/privacy\/ https:\/\/www.google.com\/recaptcha\/intro\/android.html<\/p>\n\n\n\n<p>7.7.3. YouTube<\/p>\n\n\n\n<p>Unsere Webseite nutzt Plugins des von Google Inc betriebenen Video-Portals YouTube. Betreiber des Portals ist YouTube, LLC, 901 Cherry Ave., San Bruno, CA 94066, USA.<br>Wenn Sie eine unserer mit einem YouTube-Plugin ausgestatteten Seiten unserer Homepage aufrufen, wird eine Verbindung zu den Servern von YouTube hergestellt. Hierbei wird den Servern von Youtube mitgeteilt, welche Seiten auf unserer Homepage aufgerufen wurden. Wenn Sie beim Aufruf unserer Website in Ihrem YouTube-Account eingeloggt sind, erm\u00f6glichen Sie es YouTube, Ihr Surfverhalten direkt Ihrem pers\u00f6nlichen Profil zuzuordnen. Dies k\u00f6nnen Sie dadurch verhindern, indem Sie sich aus Ihrem YouTube-Account ausloggen.<\/p>\n\n\n\n<p>Weitere Informationen zum Umgang mit Nutzerdaten finden Sie in der Datenschutzerkl\u00e4rung von YouTube, abrufbar unter:<br>https:\/\/www.google.de\/intl\/de\/policies\/privacy<\/p>\n\n\n\n<p>Die Beziehung zum au\u00dfereurop\u00e4ischen Anbieter Google Inc. basiert auf einem Angemessenheitsbeschluss der Europ\u00e4ischen Kommission (\u201ePrivacy Shield\u201c \u2013 USA).<\/p>\n\n\n\n<p>7.7.4. Sonstige Anbieter<\/p>\n\n\n\n<p>Auf unseren Webauftritten k\u00f6nnen Schnittstellen-Dienste, Widgets, Erweiterungen bzw. Programmierungsbibliotheken (\u201eLibraries\u201c) von Anbietern eingebunden sein (insbesondere jQuery, CDN und Google (wie insbesondere Web Fonts, Maps), um eine Beschleunigung der Ladezeiten der Website und der Seitendarstellung zu erzielen. Dabei kommt es zum Aufruf von Ressourcen dieser Anbieter von externen Servern und damit auch zur \u00dcbermittlung von Daten wie z.B. der IP-Adresse, die sich je nach Anbieter auch in Drittstaaten und damit au\u00dferhalb der Europ\u00e4ischen Union befinden k\u00f6nnen. Wir haben keinen Einfluss auf die erhobenen Daten und die jeweiligen Datenverarbeitungsvorg\u00e4nge. Ferner sind uns die Form und der Umfang der Datenerhebung, die Zwecke sowie die Speicherfristen bekannt. Weitere Informationen zu den Zwecken und zum Umfang der Datenerhebung und ihrer Verarbeitung durch diese-Dritte erhalten Sie in den jeweiligen Datenschutzerkl\u00e4rungen dieser Anbieter. Sie finden dort auch die entsprechenden Informationen zu Ihren diesbez\u00fcglichen Rechten und Einstellungsm\u00f6glichkeiten zum Schutz Ihrer Privatsph\u00e4re.<\/p>\n\n\n\n<p>7.8. Social Media&nbsp;<\/p>\n\n\n\n<p>7.8.1 Allgemeines<\/p>\n\n\n\n<p>Unsere Website erm\u00f6glicht es Ihnen, bestimmte Seiteninhalte mittels sogenannter \u201eSocial Bookmarks\u201c \u00fcber soziale Netzwerke zu teilen, wobei zun\u00e4chst keine personenbezogenen Daten an die jeweiligen Anbieter \u00fcbertragen werden.<br>Erst bei ausdr\u00fccklicher Aktivierung der angebotenen Social Media durch den Anwender und Klick auf das jeweilige Symbol, werden personenbezogene Daten an diese automatisiert \u00fcbermittelt und dort gespeichert. Wir haben weder Einfluss auf die erhobenen Daten und Datenverarbeitungsvorg\u00e4nge, noch sind uns der volle Umfang der Datenerhebung, die Zwecke sowie die Speicherfristen bekannt.<\/p>\n\n\n\n<p>Weitere Informationen zu Zweck und Umfang der Datenerhebung und ihrer Verarbeitung durch den jeweiligen Social Media-Dienst finden Sie in den jeweiligen Datenschutzerkl\u00e4rungen der Anbieter. In diesen finden Sie auch auch weitere Informationen zu Ihren Rechten und Einstellungsm\u00f6glichkeiten zum Schutz Ihrer Privatsph\u00e4re.<\/p>\n\n\n\n<p>7.9. Kontaktformular<\/p>\n\n\n\n<p>Wenn Sie mit uns per Formular auf der Website oder per E-Mail Kontakt aufnehmen m\u00f6chten, werden Ihre angegebenen Daten zwecks Bearbeitung der Anfrage und f\u00fcr den Fall von Anschlussfragen sechs Monate bei uns gespeichert. Diese Daten geben wir nicht ohne Ihre Einwilligung weiter.<\/p>\n\n\n\n<p>8. Einwilligung und Recht auf Widerruf<\/p>\n\n\n\n<p>8.1. F\u00fcr die Verarbeitung Ihrer personenbezogenen Daten ist \u2013 sofern nicht eine vertragliche oder gesetzliche Verpflichtung hierf\u00fcr vorliegt &#8211; Ihre Zustimmung notwendig, wir verarbeiten diese erst nach Ihrer ausdr\u00fccklichen Zustimmung.<\/p>\n\n\n\n<p>8.2. Wir verarbeiten grunds\u00e4tzlich keine Daten von minderj\u00e4hrigen Personen. Wir sind hierzu auch nicht befugt. Mit der Abgabe Ihrer Zustimmung best\u00e4tigen Sie, dass Sie das 14. Lebensjahr vollendet haben oder die Zustimmung Ihres gesetzlichen Vertreters vorliegt.<\/p>\n\n\n\n<p>8.3. Ihre Zustimmung k\u00f6nnen Sie jederzeit unter der oben genannten E-Mail Adresse des Verantwortlichen widerrufen.<\/p>\n\n\n\n<p>In einem solchen Fall werden die bisher \u00fcber Sie gespeicherten Daten anonymisiert und in weiterer Folge lediglich f\u00fcr statistische Zwecke ohne Personenbezug weiterverwendet. Mittels des Widerrufs der Zustimmung wird die Rechtm\u00e4\u00dfigkeit der aufgrund der Zustimmung bis zum Widerruf erfolgten Verarbeitung nicht ber\u00fchrt.<\/p>\n\n\n\n<p>9. Datensicherheit<\/p>\n\n\n\n<p>9.1. Wir setzen technische und organisatorische Sicherheitsma\u00dfnahmen ein, um die gespeicherten personenbezogenen Daten gegen zuf\u00e4llige oder vors\u00e4tzliche Manipulation, Verlust oder Zerst\u00f6rung und gegen den Zugriff unberechtigter Personen zu sch\u00fctzen. Unsere Sicherheitsma\u00dfnahmen werden entsprechend des technischen Fortschritts fortlaufend verbessert.<\/p>\n\n\n\n<p>9.2. Zum Schutz von personenbezogenen Daten vor Gefahren bei der Daten\u00fcbertragung sowie vor Erlangung von Kenntnis \u00fcber die Daten durch Dritte setzen wir auf Verschl\u00fcsselungstechnologien. Hierf\u00fcr setzen wir, sofern dies technisch m\u00f6glich ist, auf die verschl\u00fcsselte \u00dcbertragung mittels SSL (Secure Socket Layer) bzw. TLS (Transport Layer Security).<\/p>\n\n\n\n<p>10. Ihre Rechte<\/p>\n\n\n\n<p>10.1. Sie haben jederzeit das Recht auf<\/p>\n\n\n\n<p>a) Auskunft \u00fcber die ihn betreffenden personenbezogenen Daten gem\u00e4\u00df Artikel 15 DSGVO;<br>b) Berichtigung unrichtiger personenbezogener Daten gem\u00e4\u00df Artikel 16 DSGVO;<br>c) L\u00f6schung der ihn betreffenden personenbezogenen Daten bei Vorliegen der Voraussetzungen gem\u00e4\u00df Artikel 17 DSGVO;<br>d) Einschr\u00e4nkung der Verarbeitung bei Vorliegen der Voraussetzungen gem\u00e4\u00df Artikel 18 DSGVO;<br>e) Erhalt der personenbezogenen Daten in einem strukturierten, g\u00e4ngigen und maschinenlesbaren Format gem\u00e4\u00df Artikel 20 DSGVO;<br>f) allenfalls Widerspruch gem\u00e4\u00df Artikel 21 DSGVO;<br>g) Weiters hat die betroffene Person das Recht gem\u00e4\u00df \u00a7 24 Datenschutz-Anpassungsgesetz 2018 auf Beschwerde bei der Datenschutzbeh\u00f6rde, wenn er der Ansicht ist, dass die Verarbeitung der ihn betreffenden personenbezogenen Daten gegen die Datenschutz-Grundverordnung oder gegen \u00a7 1 oder Artikel 2 erstes Hauptst\u00fcck des Datenschutz-Anpassungsgesetzes 2018 verst\u00f6\u00dft.<\/p>\n\n\n\n<p>Zust\u00e4ndige Aufsichtsbeh\u00f6rde ist die \u00d6sterreichische Datenschutzbeh\u00f6rde, Wickenburggasse 8, 1080 Wien, <a href=\"http:\/\/www.dsb.gv.at\">www.dsb.gv.at<\/a><\/p>\n\n\n\n<p>10.2. Soweit die Verarbeitung auf einer Einwilligung des Betroffenen beruht, wird der Betroffene hiermit dar\u00fcber aufgekl\u00e4rt, dass die Einwilligung jederzeit widerrufen werden kann und die Datenverarbeitung bis zum Zeitpunkt des Widerrufs rechtm\u00e4\u00dfig bleibt.<\/p>\n\n\n\n<p>10.3. Die genannten Betroffenenrechte k\u00f6nnen Sie per eMail oder alternativ per Brief an die oben angef\u00fchrte Adresse des Verantwortlichen geltend machen.<\/p>\n\n\n\n<p>11. Sonstiges<\/p>\n\n\n\n<p>Wir behalten uns das Recht vor, unsere Datenschutzerkl\u00e4rung jederzeit mit Wirkung f\u00fcr die Zukunft zu \u00e4ndern. Die jeweils aktuelle Version ist auf unseren Webauftritten online abrufbar.<\/p>\n","protected":false},"excerpt":{"rendered":"<p>Wir verarbeiten Ihre personenbezogenen Daten, die unter folgende Datenkategorien fallen: Name\/Firma, Beruf\/Berufsbezeichnung, Geburtsdatum, Firmenbuchnummer, Ansprechperson, Gesch\u00e4ftsanschrift und sonstige Adressen des Kunden, Kontaktdaten (Telefonnummer, Telefaxnummer, E-Mail-Adresse, etc.) Bankverbindungen, Kreditkartendaten, Bestelldaten, UID-Nummer, Kundenserviceanfragen, Mailverkehr Sie haben uns Daten \u00fcber sich freiwillig zur<\/p>\n","protected":false},"author":1,"featured_media":0,"parent":0,"menu_order":0,"comment_status":"closed","ping_status":"closed","template":"","meta":{"_mi_skip_tracking":false},"_links":{"self":[{"href":"https:\/\/kunstschaukel.at\/index.php?rest_route=\/wp\/v2\/pages\/560"}],"collection":[{"href":"https:\/\/kunstschaukel.at\/index.php?rest_route=\/wp\/v2\/pages"}],"about":[{"href":"https:\/\/kunstschaukel.at\/index.php?rest_route=\/wp\/v2\/types\/page"}],"author":[{"embeddable":true,"href":"https:\/\/kunstschaukel.at\/index.php?rest_route=\/wp\/v2\/users\/1"}],"replies":[{"embeddable":true,"href":"https:\/\/kunstschaukel.at\/index.php?rest_route=%2Fwp%2Fv2%2Fcomments&post=560"}],"version-history":[{"count":4,"href":"https:\/\/kunstschaukel.at\/index.php?rest_route=\/wp\/v2\/pages\/560\/revisions"}],"predecessor-version":[{"id":567,"href":"https:\/\/kunstschaukel.at\/index.php?rest_route=\/wp\/v2\/pages\/560\/revisions\/567"}],"wp:attachment":[{"href":"https:\/\/kunstschaukel.at\/index.php?rest_route=%2Fwp%2Fv2%2Fmedia&parent=560"}],"curies":[{"name":"wp","href":"https:\/\/api.w.org\/{rel}","templated":true}]}}