{"id":554,"date":"2021-09-13T17:24:59","date_gmt":"2021-09-13T17:24:59","guid":{"rendered":"https:\/\/kunstschaukel.at\/?page_id=554"},"modified":"2021-09-13T17:26:43","modified_gmt":"2021-09-13T17:26:43","slug":"impressum","status":"publish","type":"page","link":"https:\/\/kunstschaukel.at\/?page_id=554","title":{"rendered":"Impressum"},"content":{"rendered":"\n<p>Kulturverein Kunstschaukel M\u00fcrztal<br>ZVR-Zahl:&nbsp;1464008395<br>Untere Bergstra\u00dfe 39<br>A-8662 St. Barbara im M\u00fcrztal<\/p>\n\n\n\n<p>Buchungen \/ B\u00fcro<br><a href=\"mailto:verein@kunstschaukel.at\">verein@kunstschaukel.at<br><br><\/a>Kulturprogramm<br>Gerhard Kubassa\u00a0<br>+43 699 124 95 209\u00a0<br><a href=\"mailto:verein@kunstschaukel.at\">verein@kunstschaukel.at<\/a><br><\/p>\n\n\n\n<p><strong>Verein:<\/strong><br>Obmann:\u00a0 <br>Gerhard Kubassa<br>Obmann Stellvertreterin: <br>Jennifer Schoberer<br>Schriftf\u00fchrer: <br>Michael Sticher<br>Schriftf\u00fchrer Stellvertreterin: <br>Mag. Heike Dobrovolny<br>Kassier: <br>Bernhard Almer, MBA\u00a0\u00a0\u00a0<\/p>\n\n\n\n<p>Datenschutzhinweis:<br>Diese Website benutzt Google Analytics, einen Webanalysedienst der amerikanischen Firma Google Inc. (\u201eGoogle\u201c). Google Analytics verwendet sogenannte \u201eCookies\u201c, die auf Ihrem Computer gespeichert werden und eine Analyse der Benutzung der Website durch Sie erm\u00f6glichen.<br>Die so gespeicherten Informationen \u00fcber Ihre Benutzung (einschlie\u00dflich Ihrer IP-Adresse) wird an einen Server von Google \u00fcbertragen. Google ben\u00fctzt diese Informationen, um Ihre Nutzung der Website auszuwerten.<br>Google \u00fcbertr\u00e4gt diese Informationen gegebenenfalls an Dritte. Google wird in keinem Fall Ihre IP-Adresse mit anderen Daten von Google in Verbindung bringen. Sie k\u00f6nnen die Installation der Cookies durch eine entsprechende Einstellung Ihrer Browser Software verhindern.<br>Durch die Nutzung dieser Website erkl\u00e4ren Sie sich mit der Bearbeitung der \u00fcber Sie erhobenen Daten durch Google einverstanden.<\/p>\n","protected":false},"excerpt":{"rendered":"<p>Kulturverein Kunstschaukel M\u00fcrztalZVR-Zahl:&nbsp;1464008395Untere Bergstra\u00dfe 39A-8662 St. Barbara im M\u00fcrztal Buchungen \/ B\u00fcroverein@kunstschaukel.at KulturprogrammGerhard Kubassa\u00a0+43 699 124 95 209\u00a0verein@kunstschaukel.at Verein:Obmann:\u00a0 Gerhard KubassaObmann Stellvertreterin: Jennifer SchobererSchriftf\u00fchrer: Michael SticherSchriftf\u00fchrer Stellvertreterin: Mag. Heike DobrovolnyKassier: Bernhard Almer, MBA\u00a0\u00a0\u00a0 Datenschutzhinweis:Diese Website benutzt Google Analytics, einen Webanalysedienst<\/p>\n","protected":false},"author":1,"featured_media":0,"parent":0,"menu_order":0,"comment_status":"closed","ping_status":"closed","template":"","meta":{"_mi_skip_tracking":false},"_links":{"self":[{"href":"https:\/\/kunstschaukel.at\/index.php?rest_route=\/wp\/v2\/pages\/554"}],"collection":[{"href":"https:\/\/kunstschaukel.at\/index.php?rest_route=\/wp\/v2\/pages"}],"about":[{"href":"https:\/\/kunstschaukel.at\/index.php?rest_route=\/wp\/v2\/types\/page"}],"author":[{"embeddable":true,"href":"https:\/\/kunstschaukel.at\/index.php?rest_route=\/wp\/v2\/users\/1"}],"replies":[{"embeddable":true,"href":"https:\/\/kunstschaukel.at\/index.php?rest_route=%2Fwp%2Fv2%2Fcomments&post=554"}],"version-history":[{"count":2,"href":"https:\/\/kunstschaukel.at\/index.php?rest_route=\/wp\/v2\/pages\/554\/revisions"}],"predecessor-version":[{"id":557,"href":"https:\/\/kunstschaukel.at\/index.php?rest_route=\/wp\/v2\/pages\/554\/revisions\/557"}],"wp:attachment":[{"href":"https:\/\/kunstschaukel.at\/index.php?rest_route=%2Fwp%2Fv2%2Fmedia&parent=554"}],"curies":[{"name":"wp","href":"https:\/\/api.w.org\/{rel}","templated":true}]}}