{"id":50,"date":"2021-08-03T18:44:36","date_gmt":"2021-08-03T18:44:36","guid":{"rendered":"http:\/\/kunstschaukel.at\/?page_id=50"},"modified":"2022-04-06T11:36:53","modified_gmt":"2022-04-06T11:36:53","slug":"kontakt","status":"publish","type":"page","link":"https:\/\/kunstschaukel.at\/?page_id=50","title":{"rendered":"Kontakt"},"content":{"rendered":"\n<figure class=\"wp-block-image size-large\"><img loading=\"lazy\" width=\"1024\" height=\"279\" src=\"https:\/\/kunstschaukel.at\/wp-content\/uploads\/2021\/09\/cropped-Schuerfung_Version-mit-grossem-Logo-1024x279.jpg\" alt=\"\" class=\"wp-image-432\" srcset=\"https:\/\/kunstschaukel.at\/wp-content\/uploads\/2021\/09\/cropped-Schuerfung_Version-mit-grossem-Logo-1024x279.jpg 1024w, https:\/\/kunstschaukel.at\/wp-content\/uploads\/2021\/09\/cropped-Schuerfung_Version-mit-grossem-Logo-300x82.jpg 300w, https:\/\/kunstschaukel.at\/wp-content\/uploads\/2021\/09\/cropped-Schuerfung_Version-mit-grossem-Logo-768x209.jpg 768w, https:\/\/kunstschaukel.at\/wp-content\/uploads\/2021\/09\/cropped-Schuerfung_Version-mit-grossem-Logo.jpg 1496w\" sizes=\"(max-width: 1024px) 100vw, 1024px\" \/><\/figure>\n\n\n\n<p><strong>Verein Kunstschaukel M\u00fcrztal<\/strong><br>Untere Bergstra\u00dfe 39<br>A-8662 St. Barbara im M\u00fcrztal<\/p>\n\n\n\n<p><a href=\"https:\/\/gis.stmk.gv.at\/wgportal\/atlasmobile\/map\/_sharedmaps\/0x79A01976A659F74B4DA9458AAD12F302F16052123F9E4919F41037610D1E2E01\" target=\"_blank\" rel=\"noreferrer noopener\">GIS Karte &#8211; Mit dem Auto \u00fcber die Semmering Schnellstra\u00dfe S6 &#8211; Abfahrt Mitterdorf\/Veitsch<\/a><\/p>\n\n\n\n<p><a rel=\"noreferrer noopener\" href=\"https:\/\/www.trainoclock.com\/de-AT\/bahnhof\/mitterdorfveitschbahnhof\" target=\"_blank\">Anreise mit der OEBB S9 Regionalbahn<\/a><\/p>\n\n\n\n<p><strong><a href=\"https:\/\/kunstschaukel.at\/?page_id=1033\">Seminaranmeldung<\/a><\/strong><\/p>\n\n\n\n<p><strong><a href=\"https:\/\/kunstschaukel.at\/?page_id=1284\">Unverbindliche Anfrage<\/a><\/strong><\/p>\n\n\n\n<p><strong><a href=\"https:\/\/kunstschaukel.at\/?page_id=1099\">Mitgliedschaft<\/a><\/strong><\/p>\n\n\n\n<div class=\"wp-block-image\"><figure class=\"alignleft size-large is-resized\"><img loading=\"lazy\" src=\"https:\/\/kunstschaukel.at\/wp-content\/uploads\/2021\/08\/Gruppenbild-Startklausur-768x1024.jpg\" alt=\"\" class=\"wp-image-90\" width=\"478\" height=\"637\" srcset=\"https:\/\/kunstschaukel.at\/wp-content\/uploads\/2021\/08\/Gruppenbild-Startklausur-768x1024.jpg 768w, https:\/\/kunstschaukel.at\/wp-content\/uploads\/2021\/08\/Gruppenbild-Startklausur-225x300.jpg 225w, https:\/\/kunstschaukel.at\/wp-content\/uploads\/2021\/08\/Gruppenbild-Startklausur-1152x1536.jpg 1152w, https:\/\/kunstschaukel.at\/wp-content\/uploads\/2021\/08\/Gruppenbild-Startklausur-1536x2048.jpg 1536w, https:\/\/kunstschaukel.at\/wp-content\/uploads\/2021\/08\/Gruppenbild-Startklausur-scaled.jpg 1920w\" sizes=\"(max-width: 478px) 100vw, 478px\" \/><figcaption>Das KUNSTSCHAUKEL Team bei der ersten Klausurtagung<\/figcaption><\/figure><\/div>\n\n\n\n<p><\/p>\n","protected":false},"excerpt":{"rendered":"<p>Verein Kunstschaukel M\u00fcrztalUntere Bergstra\u00dfe 39A-8662 St. Barbara im M\u00fcrztal GIS Karte &#8211; Mit dem Auto \u00fcber die Semmering Schnellstra\u00dfe S6 &#8211; Abfahrt Mitterdorf\/Veitsch Anreise mit der OEBB S9 Regionalbahn Seminaranmeldung Unverbindliche Anfrage Mitgliedschaft<\/p>\n","protected":false},"author":1,"featured_media":0,"parent":0,"menu_order":0,"comment_status":"closed","ping_status":"closed","template":"","meta":{"_mi_skip_tracking":false},"_links":{"self":[{"href":"https:\/\/kunstschaukel.at\/index.php?rest_route=\/wp\/v2\/pages\/50"}],"collection":[{"href":"https:\/\/kunstschaukel.at\/index.php?rest_route=\/wp\/v2\/pages"}],"about":[{"href":"https:\/\/kunstschaukel.at\/index.php?rest_route=\/wp\/v2\/types\/page"}],"author":[{"embeddable":true,"href":"https:\/\/kunstschaukel.at\/index.php?rest_route=\/wp\/v2\/users\/1"}],"replies":[{"embeddable":true,"href":"https:\/\/kunstschaukel.at\/index.php?rest_route=%2Fwp%2Fv2%2Fcomments&post=50"}],"version-history":[{"count":19,"href":"https:\/\/kunstschaukel.at\/index.php?rest_route=\/wp\/v2\/pages\/50\/revisions"}],"predecessor-version":[{"id":1474,"href":"https:\/\/kunstschaukel.at\/index.php?rest_route=\/wp\/v2\/pages\/50\/revisions\/1474"}],"wp:attachment":[{"href":"https:\/\/kunstschaukel.at\/index.php?rest_route=%2Fwp%2Fv2%2Fmedia&parent=50"}],"curies":[{"name":"wp","href":"https:\/\/api.w.org\/{rel}","templated":true}]}}