{"id":457,"date":"2021-09-10T19:39:56","date_gmt":"2021-09-10T19:39:56","guid":{"rendered":"https:\/\/kunstschaukel.at\/?page_id=457"},"modified":"2021-12-09T20:52:20","modified_gmt":"2021-12-09T20:52:20","slug":"im-gewahrsein-des-augenblicks","status":"publish","type":"page","link":"https:\/\/kunstschaukel.at\/?page_id=457","title":{"rendered":"Im Gewahrsein des Augenblicks"},"content":{"rendered":"\n<p>Nat\u00fcrliche Materialen mit kraftvollem Ausdruck werden f\u00fcr die \u201aintuitiv power of process painting\u00b4 (Intuitive Prozessmalerei) verwendet. Sumpfkalk, Baumaterial, Tusche, Pigmente, Erde sind ein Teil der Materialien welche intuitiv eingesetzt werden. Das Einlassen auf die eigene Intuition und Kreativit\u00e4t, das zur Ruhe kommen, in Frieden mit sich selbst und dem entstehenden Bild sein, ist vordergr\u00fcndig.<br>Kraftvolle Strukturen als auch sanfte \u00dcberg\u00e4nge k\u00f6nnen sich zeigen. Den Mut ein f\u00fcr das erste Gef\u00fchl sch\u00f6n anzusehendes Bild nochmals zu ver\u00e4ndern fordert heraus und erm\u00f6glicht zugleich eine Horizonterweiterung. Beobachten und Details sich zeigen lassen erfordern Geduld. Eine ganzheitliche Weise ein Bild zu gestalten, jedes so individuell wie Menschen sein k\u00f6nnen.<\/p>\n\n\n\n<figure class=\"wp-block-image size-full\"><img loading=\"lazy\" width=\"267\" height=\"400\" src=\"https:\/\/kunstschaukel.at\/wp-content\/uploads\/2021\/09\/Foto_Elke.jpg\" alt=\"\" class=\"wp-image-458\" srcset=\"https:\/\/kunstschaukel.at\/wp-content\/uploads\/2021\/09\/Foto_Elke.jpg 267w, https:\/\/kunstschaukel.at\/wp-content\/uploads\/2021\/09\/Foto_Elke-200x300.jpg 200w\" sizes=\"(max-width: 267px) 100vw, 267px\" \/><\/figure>\n\n\n\n<h2><a href=\"https:\/\/www.elke-wihsounig-art.at\/\" target=\"_blank\" rel=\"noreferrer noopener\">Elke Wihsounig<\/a><\/h2>\n\n\n\n<p>Ich verfolge keine Absichten, kein System, keine Richtung, ich habe kein Programm, kein Anliegen. Meine Inspiration kommt w\u00e4hrend des Arbeitsprozesses und es macht mir Freude die Materialien zu f\u00fchlen, zu beobachten und erfreue mich am Ergebnis.<br>Inhaberin Anders\u00b0Art Kreativzentrum in Krieglach, autodidakte K\u00fcnstlerin<br><a href=\"https:\/\/www.elke-wihsounig-art.at\" target=\"_blank\" rel=\"noreferrer noopener\">https:\/\/www.elke-wihsounig-art.at<\/a><\/p>\n\n\n\n<p>Kurs: Mo. 18.Juli &#8211; Fr. 22. Juli 2022 (Kursstart Mo. 18. Juli 9:00)<br>Anreise: So. 17. Juli 2022 16:00 &#8211; 21:00<br>Abreise: Fr. 22. Juli 2022 14:00 (Mittagessen 13:00)<br>Kurszeiten: Mo. &#8211; Do.: 9:00 &#8211; 13:00 &amp; 14:00 &#8211; 17:00 Fr.: 9:00 &#8211; 12:00<\/p>\n\n\n\n<h2>Kurspreis: 380.&#8211;\u20ac<\/h2>\n\n\n\n<p> <a href=\"https:\/\/kunstschaukel.at\/?page_id=207\">Unterkunft und Verpflegung laut Seminarinfos<\/a> <\/p>\n\n\n\n<p><strong><a href=\"https:\/\/kunstschaukel.at\/?page_id=1033\">Anmeldung<\/a><\/strong><\/p>\n","protected":false},"excerpt":{"rendered":"<p>Nat\u00fcrliche Materialen mit kraftvollem Ausdruck werden f\u00fcr die \u201aintuitiv power of process painting\u00b4 (Intuitive Prozessmalerei) verwendet. Sumpfkalk, Baumaterial, Tusche, Pigmente, Erde sind ein Teil der Materialien welche intuitiv eingesetzt werden. Das Einlassen auf die eigene Intuition und Kreativit\u00e4t, das zur<\/p>\n","protected":false},"author":1,"featured_media":0,"parent":0,"menu_order":0,"comment_status":"closed","ping_status":"closed","template":"","meta":{"_mi_skip_tracking":false},"_links":{"self":[{"href":"https:\/\/kunstschaukel.at\/index.php?rest_route=\/wp\/v2\/pages\/457"}],"collection":[{"href":"https:\/\/kunstschaukel.at\/index.php?rest_route=\/wp\/v2\/pages"}],"about":[{"href":"https:\/\/kunstschaukel.at\/index.php?rest_route=\/wp\/v2\/types\/page"}],"author":[{"embeddable":true,"href":"https:\/\/kunstschaukel.at\/index.php?rest_route=\/wp\/v2\/users\/1"}],"replies":[{"embeddable":true,"href":"https:\/\/kunstschaukel.at\/index.php?rest_route=%2Fwp%2Fv2%2Fcomments&post=457"}],"version-history":[{"count":7,"href":"https:\/\/kunstschaukel.at\/index.php?rest_route=\/wp\/v2\/pages\/457\/revisions"}],"predecessor-version":[{"id":1188,"href":"https:\/\/kunstschaukel.at\/index.php?rest_route=\/wp\/v2\/pages\/457\/revisions\/1188"}],"wp:attachment":[{"href":"https:\/\/kunstschaukel.at\/index.php?rest_route=%2Fwp%2Fv2%2Fmedia&parent=457"}],"curies":[{"name":"wp","href":"https:\/\/api.w.org\/{rel}","templated":true}]}}