{"id":34,"date":"2021-08-03T18:22:46","date_gmt":"2021-08-03T18:22:46","guid":{"rendered":"http:\/\/kunstschaukel.at\/?page_id=34"},"modified":"2022-04-06T11:35:33","modified_gmt":"2022-04-06T11:35:33","slug":"kunstschaukel-muerztal","status":"publish","type":"page","link":"https:\/\/kunstschaukel.at\/?page_id=34","title":{"rendered":"Team mit Visionen"},"content":{"rendered":"\n<figure class=\"wp-block-image size-large\"><img loading=\"lazy\" width=\"1024\" height=\"279\" src=\"https:\/\/kunstschaukel.at\/wp-content\/uploads\/2021\/09\/Natur-spueren_Quer-mit-Logo-1024x279.jpg\" alt=\"\" class=\"wp-image-471\" srcset=\"https:\/\/kunstschaukel.at\/wp-content\/uploads\/2021\/09\/Natur-spueren_Quer-mit-Logo-1024x279.jpg 1024w, https:\/\/kunstschaukel.at\/wp-content\/uploads\/2021\/09\/Natur-spueren_Quer-mit-Logo-300x82.jpg 300w, https:\/\/kunstschaukel.at\/wp-content\/uploads\/2021\/09\/Natur-spueren_Quer-mit-Logo-768x209.jpg 768w, https:\/\/kunstschaukel.at\/wp-content\/uploads\/2021\/09\/Natur-spueren_Quer-mit-Logo.jpg 1500w\" sizes=\"(max-width: 1024px) 100vw, 1024px\" \/><\/figure>\n\n\n\n<p>Der Fokus der \u201eKunstschaukel\u201c liegt auf der Schaffung eines spannenden Angebots f\u00fcr Kunstinteressierte in <strong><a rel=\"noreferrer noopener\" href=\"https:\/\/www.st-barbara.gv.at\/\" target=\"_blank\">St. Barbara<\/a><\/strong> &#8211;<strong> <\/strong>im Herzen des M\u00fcrztals. Im Sommer 2022 werden die ersten Kurse im Zeitraum von drei Wochen stattfinden. Die Rahmenbedingungen sind durch ein gro\u00dfartiges Haus mit vielen Kursr\u00e4umen und Spezialausstattungen wunderbar. (Turnsaal, Minigolfanlage, Hallenbad) F\u00fcr die kommenden Jahre ist geplant, das Kursangebot zu erweitern und den Zeitraum auf 6 Wochen auszudehnen. Zudem bietet <strong><a rel=\"noreferrer noopener\" href=\"https:\/\/www.st-barbara.gv.at\/\" target=\"_blank\">St. Barbara im M\u00fcrztal<\/a><\/strong> eine Vielzahl von tollen Angeboten.<br><\/p>\n\n\n\n<h2 id=\"kunstschaukel-team\">Kunstschaukel &#8211; Team<\/h2>\n\n\n\n<div class=\"wp-block-image\"><figure class=\"alignleft size-large is-resized\"><img loading=\"lazy\" src=\"https:\/\/kunstschaukel.at\/wp-content\/uploads\/2021\/08\/Gruppenbild-Offiziell-1024x768.jpg\" alt=\"\" class=\"wp-image-88\" width=\"414\" height=\"310\" srcset=\"https:\/\/kunstschaukel.at\/wp-content\/uploads\/2021\/08\/Gruppenbild-Offiziell-1024x768.jpg 1024w, https:\/\/kunstschaukel.at\/wp-content\/uploads\/2021\/08\/Gruppenbild-Offiziell-300x225.jpg 300w, https:\/\/kunstschaukel.at\/wp-content\/uploads\/2021\/08\/Gruppenbild-Offiziell-768x576.jpg 768w, https:\/\/kunstschaukel.at\/wp-content\/uploads\/2021\/08\/Gruppenbild-Offiziell-1536x1152.jpg 1536w, https:\/\/kunstschaukel.at\/wp-content\/uploads\/2021\/08\/Gruppenbild-Offiziell.jpg 1600w\" sizes=\"(max-width: 414px) 100vw, 414px\" \/><figcaption>J. Schoberer, H. Dobrovolny, G. Kubassa, M. Sticher, B. Almer<\/figcaption><\/figure><\/div>\n\n\n\n<p>Obmann und K\u00fcnstlerische Leitung: <br><a rel=\"noreferrer noopener\" href=\"https:\/\/youtu.be\/pQ3PmrqUUOE\" target=\"_blank\">Gerhard Kubassa<\/a> <br><a rel=\"noreferrer noopener\" href=\"http:\/\/www.kubassa-art.at\" data-type=\"URL\" data-id=\"www.kubassa-art.at\" target=\"_blank\">www.kubassa-art.at<\/a><br><br>Vizeobfrau und Medienbeauftragte: <br><a href=\"https:\/\/www.youtube.com\/watch?v=kUy_CZylUEg\" target=\"_blank\" rel=\"noreferrer noopener\">Jennifer Schoberer<\/a><br><br>Schriftf\u00fchrer und Fotograf: <br><a rel=\"noreferrer noopener\" href=\"https:\/\/youtu.be\/Ixu5wVpcico\" target=\"_blank\">Michael Sticher<\/a> <br><a rel=\"noreferrer noopener\" href=\"http:\/\/www.fotografist.at\" data-type=\"URL\" data-id=\"www.fotografist.at\" target=\"_blank\">www.fotografist.at<\/a><br><br>Pressebeauftragte und Kunsthistorikerin: <br><a rel=\"noreferrer noopener\" href=\"https:\/\/youtu.be\/Io4WNfV8f80\" target=\"_blank\">Mag. Heike Dobrovolny<\/a><br><br>Finanzen u. Verwaltung<br><a rel=\"noreferrer noopener\" href=\"https:\/\/youtu.be\/NIFYXHvqr8U\" target=\"_blank\">Bernhard Almer<\/a>, MBA<br><br><br><\/p>\n\n\n\n<div class=\"wp-block-media-text alignwide is-stacked-on-mobile\" style=\"grid-template-columns:29% auto\"><figure class=\"wp-block-media-text__media\"><img loading=\"lazy\" width=\"1024\" height=\"682\" src=\"https:\/\/kunstschaukel.at\/wp-content\/uploads\/2021\/12\/241789630_1353601315099121_1957806877589649685_n-1024x682.jpg\" alt=\"\" class=\"wp-image-1223 size-full\" srcset=\"https:\/\/kunstschaukel.at\/wp-content\/uploads\/2021\/12\/241789630_1353601315099121_1957806877589649685_n-1024x682.jpg 1024w, https:\/\/kunstschaukel.at\/wp-content\/uploads\/2021\/12\/241789630_1353601315099121_1957806877589649685_n-300x200.jpg 300w, https:\/\/kunstschaukel.at\/wp-content\/uploads\/2021\/12\/241789630_1353601315099121_1957806877589649685_n-768x511.jpg 768w, https:\/\/kunstschaukel.at\/wp-content\/uploads\/2021\/12\/241789630_1353601315099121_1957806877589649685_n-1536x1022.jpg 1536w, https:\/\/kunstschaukel.at\/wp-content\/uploads\/2021\/12\/241789630_1353601315099121_1957806877589649685_n.jpg 2048w\" sizes=\"(max-width: 1024px) 100vw, 1024px\" \/><\/figure><div class=\"wp-block-media-text__content\">\n<p><\/p>\n\n\n\n<p><a rel=\"noreferrer noopener\" href=\"https:\/\/youtu.be\/pQ3PmrqUUOE\" target=\"_blank\">Gerhard Kubassa:<\/a> &#8222;Ich bin der Meinung, es gibt fast nichts Sch\u00f6neres, als diese kreative Energie, die bei Kunstseminaren aller Art frei wird. Sie ist ein echter Lebensspender und sie tr\u00e4gt dazu bei, dass der Wald der Menschlichkeit weiterw\u00e4chst.&#8220;<br><br><br><\/p>\n<\/div><\/div>\n\n\n\n<div class=\"wp-block-media-text alignwide is-stacked-on-mobile\" style=\"grid-template-columns:29% auto\"><figure class=\"wp-block-media-text__media\"><img loading=\"lazy\" width=\"984\" height=\"1024\" src=\"https:\/\/kunstschaukel.at\/wp-content\/uploads\/2022\/03\/KS-Jenny-984x1024.jpg\" alt=\"\" class=\"wp-image-1416 size-full\" srcset=\"https:\/\/kunstschaukel.at\/wp-content\/uploads\/2022\/03\/KS-Jenny-984x1024.jpg 984w, https:\/\/kunstschaukel.at\/wp-content\/uploads\/2022\/03\/KS-Jenny-288x300.jpg 288w, https:\/\/kunstschaukel.at\/wp-content\/uploads\/2022\/03\/KS-Jenny-768x799.jpg 768w, https:\/\/kunstschaukel.at\/wp-content\/uploads\/2022\/03\/KS-Jenny.jpg 1134w\" sizes=\"(max-width: 984px) 100vw, 984px\" \/><\/figure><div class=\"wp-block-media-text__content\">\n<p><a rel=\"noreferrer noopener\" href=\"https:\/\/youtu.be\/kUy_CZylUEg\" target=\"_blank\">Jenny Schoberer<\/a>: &#8222;Immer in Bewegung zu sein, hei\u00dft f\u00fcr mich in jeder Lebenssituation nie stehen zu bleiben. Genau hier in der Kunstschaukel kann ich mich k\u00fcnstlerisch ausleben und schwinge zu meinen Kreativen Flow\u2019s. Also in diesem Sinne \u201eHebt ab\u201c mit uns. Gebt euren Kreativen Flow\u00b4s die M\u00f6glichkeit sich zu entfalten.&#8220;<br><br>Fotoquelle: <a rel=\"noreferrer noopener\" href=\"https:\/\/youtu.be\/Ixu5wVpcico\" target=\"_blank\">Michael Sticher<\/a> &#8211; <a rel=\"noreferrer noopener\" href=\"http:\/\/www.fotografist.at\" target=\"_blank\">www.fotografist.at<\/a><\/p>\n\n\n\n<p><br><br><br><\/p>\n<\/div><\/div>\n\n\n\n<div class=\"wp-block-media-text alignwide is-stacked-on-mobile\" style=\"grid-template-columns:29% auto\"><figure class=\"wp-block-media-text__media\"><img loading=\"lazy\" width=\"1024\" height=\"682\" src=\"https:\/\/kunstschaukel.at\/wp-content\/uploads\/2022\/03\/STM_Kunstschaukel-Klausur_20210731-7366-HP-Kopie-1024x682.jpg\" alt=\"\" class=\"wp-image-1403 size-full\" srcset=\"https:\/\/kunstschaukel.at\/wp-content\/uploads\/2022\/03\/STM_Kunstschaukel-Klausur_20210731-7366-HP-Kopie-1024x682.jpg 1024w, https:\/\/kunstschaukel.at\/wp-content\/uploads\/2022\/03\/STM_Kunstschaukel-Klausur_20210731-7366-HP-Kopie-300x200.jpg 300w, https:\/\/kunstschaukel.at\/wp-content\/uploads\/2022\/03\/STM_Kunstschaukel-Klausur_20210731-7366-HP-Kopie-768x512.jpg 768w, https:\/\/kunstschaukel.at\/wp-content\/uploads\/2022\/03\/STM_Kunstschaukel-Klausur_20210731-7366-HP-Kopie.jpg 1066w\" sizes=\"(max-width: 1024px) 100vw, 1024px\" \/><\/figure><div class=\"wp-block-media-text__content\">\n<p><a rel=\"noreferrer noopener\" href=\"https:\/\/youtu.be\/Ixu5wVpcico\" target=\"_blank\">Michael Sticher<\/a> , \u201eEs macht mir Freude die Kunstschaukel in der M\u00fcrztaler Seminar-Landschaft zu verankern. Die Vernetzung von Kreativen, das Ausloten von Veranstaltungsorten und regionale Besonderheiten erfahren: das ist f\u00fcr mich das Erlebnis Kunstschaukel. Ich will den Teilnehmer:innen mit meinem Einsatz die beste Kreativwoche des Jahres 2022 erm\u00f6glichen.&#8220;<\/p>\n<\/div><\/div>\n\n\n\n<div class=\"wp-block-media-text alignwide is-stacked-on-mobile\" style=\"grid-template-columns:29% auto\"><figure class=\"wp-block-media-text__media\"><img loading=\"lazy\" width=\"681\" height=\"1024\" src=\"https:\/\/kunstschaukel.at\/wp-content\/uploads\/2022\/03\/MichaelSticherFotografist_KlausurKunstschaukel_20220313-11-681x1024.jpg\" alt=\"\" class=\"wp-image-1411 size-full\" srcset=\"https:\/\/kunstschaukel.at\/wp-content\/uploads\/2022\/03\/MichaelSticherFotografist_KlausurKunstschaukel_20220313-11-681x1024.jpg 681w, https:\/\/kunstschaukel.at\/wp-content\/uploads\/2022\/03\/MichaelSticherFotografist_KlausurKunstschaukel_20220313-11-200x300.jpg 200w, https:\/\/kunstschaukel.at\/wp-content\/uploads\/2022\/03\/MichaelSticherFotografist_KlausurKunstschaukel_20220313-11-768x1154.jpg 768w, https:\/\/kunstschaukel.at\/wp-content\/uploads\/2022\/03\/MichaelSticherFotografist_KlausurKunstschaukel_20220313-11-1022x1536.jpg 1022w, https:\/\/kunstschaukel.at\/wp-content\/uploads\/2022\/03\/MichaelSticherFotografist_KlausurKunstschaukel_20220313-11-1363x2048.jpg 1363w, https:\/\/kunstschaukel.at\/wp-content\/uploads\/2022\/03\/MichaelSticherFotografist_KlausurKunstschaukel_20220313-11-scaled.jpg 1703w\" sizes=\"(max-width: 681px) 100vw, 681px\" \/><\/figure><div class=\"wp-block-media-text__content\">\n<p><a rel=\"noreferrer noopener\" href=\"https:\/\/youtu.be\/Io4WNfV8f80\" target=\"_blank\">Mag. Heike Dobrovolny<\/a>  publiziert Kunstgeschichten mit einem verst\u00e4ndlichen Zugang. Die Kunsthistorikerin gilt als Vermittlerin zwischen Medien und Interessierten und unterst\u00fctzt beim Organisieren und Networken.<br><br>Fotoquelle: <a rel=\"noreferrer noopener\" href=\"https:\/\/youtu.be\/Ixu5wVpcico\" target=\"_blank\">Michael Sticher<\/a>  &#8211; <a rel=\"noreferrer noopener\" href=\"http:\/\/www.fotografist.at\" data-type=\"URL\" data-id=\"www.fotografist.at\" target=\"_blank\">www.fotografist.at<\/a><\/p>\n<\/div><\/div>\n\n\n\n<div class=\"wp-block-media-text alignwide is-stacked-on-mobile\" style=\"grid-template-columns:29% auto\"><figure class=\"wp-block-media-text__media\"><img loading=\"lazy\" width=\"537\" height=\"412\" src=\"https:\/\/kunstschaukel.at\/wp-content\/uploads\/2021\/12\/Bilder-Mitterdorf-zusammen.jpg\" alt=\"\" class=\"wp-image-1178 size-full\" srcset=\"https:\/\/kunstschaukel.at\/wp-content\/uploads\/2021\/12\/Bilder-Mitterdorf-zusammen.jpg 537w, https:\/\/kunstschaukel.at\/wp-content\/uploads\/2021\/12\/Bilder-Mitterdorf-zusammen-300x230.jpg 300w\" sizes=\"(max-width: 537px) 100vw, 537px\" \/><\/figure><div class=\"wp-block-media-text__content\">\n<p><\/p>\n\n\n\n<p><a href=\"https:\/\/youtu.be\/NIFYXHvqr8U\" target=\"_blank\" rel=\"noreferrer noopener\">Bernhard Almer<\/a>: &#8222;In unserem Haus gibt es Kunstsch\u00e4tze. Sie sind Impulse um Kunst- und Kulturtinteressierten hier eine Heimat zu geben. Als Leiter des Lehrlingshauses ist mir wichtig, dass mit der Kulturschaukel M\u00fcrztal ein neues Lebensbild in unserem Haus verwirklicht wird.&#8220;<\/p>\n<\/div><\/div>\n\n\n\n<div class=\"wp-container-2 wp-block-columns\">\n<div class=\"wp-container-1 wp-block-column\"><\/div>\n<\/div>\n\n\n\n<h2 id=\"unsere-visionen\"><a href=\"https:\/\/kunstschaukel.at\/?page_id=665\">Unsere Visionen<\/a><\/h2>\n\n\n\n<h2 id=\"mitgliedschaft\"><a href=\"https:\/\/kunstschaukel.at\/?page_id=1099\">Mitgliedschaft<\/a><\/h2>\n","protected":false},"excerpt":{"rendered":"<p>Der Fokus der \u201eKunstschaukel\u201c liegt auf der Schaffung eines spannenden Angebots f\u00fcr Kunstinteressierte in St. Barbara &#8211; im Herzen des M\u00fcrztals. Im Sommer 2022 werden die ersten Kurse im Zeitraum von drei Wochen stattfinden. Die Rahmenbedingungen sind durch ein gro\u00dfartiges<\/p>\n","protected":false},"author":1,"featured_media":0,"parent":0,"menu_order":0,"comment_status":"closed","ping_status":"closed","template":"","meta":{"_mi_skip_tracking":false},"_links":{"self":[{"href":"https:\/\/kunstschaukel.at\/index.php?rest_route=\/wp\/v2\/pages\/34"}],"collection":[{"href":"https:\/\/kunstschaukel.at\/index.php?rest_route=\/wp\/v2\/pages"}],"about":[{"href":"https:\/\/kunstschaukel.at\/index.php?rest_route=\/wp\/v2\/types\/page"}],"author":[{"embeddable":true,"href":"https:\/\/kunstschaukel.at\/index.php?rest_route=\/wp\/v2\/users\/1"}],"replies":[{"embeddable":true,"href":"https:\/\/kunstschaukel.at\/index.php?rest_route=%2Fwp%2Fv2%2Fcomments&post=34"}],"version-history":[{"count":51,"href":"https:\/\/kunstschaukel.at\/index.php?rest_route=\/wp\/v2\/pages\/34\/revisions"}],"predecessor-version":[{"id":1472,"href":"https:\/\/kunstschaukel.at\/index.php?rest_route=\/wp\/v2\/pages\/34\/revisions\/1472"}],"wp:attachment":[{"href":"https:\/\/kunstschaukel.at\/index.php?rest_route=%2Fwp%2Fv2%2Fmedia&parent=34"}],"curies":[{"name":"wp","href":"https:\/\/api.w.org\/{rel}","templated":true}]}}