{"id":334,"date":"2021-09-05T21:24:50","date_gmt":"2021-09-05T21:24:50","guid":{"rendered":"https:\/\/kunstschaukel.at\/?page_id=334"},"modified":"2022-02-24T10:44:56","modified_gmt":"2022-02-24T10:44:56","slug":"perkussion-spielerisch","status":"publish","type":"page","link":"https:\/\/kunstschaukel.at\/?page_id=334","title":{"rendered":"Perkussion &#8211; spielerisch"},"content":{"rendered":"\n<p>Der Schwerpunkt dieses Seminares f\u00fcr Anf\u00e4nger liegt in der Freude am gemeinsamen Spiel in entspannter Atmosph\u00e4re.<br>Mit der einfachen Hand zu Hand &#8211; Technik erforschen wir Kl\u00e4nge verschiedener Trommeln und spielen auch mit anderen Instrumenten, wie Cabasas und Shaker, Klangh\u00f6lzern oder Tambourines und Glocken. Wir lernen, uns mit einfachen Rhythmen auszudr\u00fccken, auf andere Musikschaffende zu h\u00f6ren und miteinander lebendig zu musizieren. Je nach Interesse und Dynamik der Gruppe spreche ich auch \u00fcber musikalische Grundlagen, Arrangement, Komposition und Improvisation. Am Ende des Kurses spielen wir vielleicht schon ein kleines Konzert. Ich freue mich auf Euch!<\/p>\n\n\n\n<figure class=\"wp-block-image size-full is-resized\"><img loading=\"lazy\" src=\"https:\/\/kunstschaukel.at\/wp-content\/uploads\/2021\/09\/Thomas-Unger.jpg\" alt=\"\" class=\"wp-image-335\" width=\"311\" height=\"398\" srcset=\"https:\/\/kunstschaukel.at\/wp-content\/uploads\/2021\/09\/Thomas-Unger.jpg 399w, https:\/\/kunstschaukel.at\/wp-content\/uploads\/2021\/09\/Thomas-Unger-234x300.jpg 234w\" sizes=\"(max-width: 311px) 100vw, 311px\" \/><\/figure>\n\n\n\n<h2>Thomas F. Unger <\/h2>\n\n\n\n<p>Thomas F. Unger<br>geboren 1970 in Wien<br>Ich wuchs als Sohn k\u00fcnstlerisch veranlagter Eltern in Wien auf, mein Vater war Zeichentrickfilmer, meine Mutter schaffte zarte Figuren aus Ton, spielte Gitarre und sang. Auch meine Mutter war es, von welcher ich die Liebe zur Musik geerbt hatte und so begann ich mit ca. 18 Jahren, auch Gitarre zu spielen. Schon wenig sp\u00e4ter schrieb ich meine ersten Songs, um mich auch wirklich authentisch zu f\u00fchlen. Mit 26 fing ich an, mit eigener Band zu musizieren, mit 30 war ich dann auch mutig genug, meine Songs selbst stimmlich zu interpretieren. Die Trommel entdeckte ich relativ sp\u00e4t, erst vor ungef\u00e4hr 10 Jahren, als ich beschloss, meine Musik auch selbst aufzunehmen. Seither bin ich sehr gl\u00fccklich, auch diesen musikalischen Weg zu beschreiten, f\u00fcr mich ist die Schlichtheit der Handhabung einfach magisch. Seit 4 Jahren arbeite ich nun als P\u00e4dagoge und begleite Kinder bei ihren ersten Trommel &#8211; und Perkussionversuchen. Jetzt freue ich mich auf Trommelkurse f\u00fcr Anf\u00e4nger aller Altersschichten. Ich selbst habe auch Ausbildungen zu Themen wie Sensorik, Philosophie und Chorleitung erhalten.<br><\/p>\n\n\n\n<p>Kurs: Mo. 1. August- Fr. 5. August 2022 (Kursstart Mo. 1. August 9:00)<br>Anreise: So. 31. Juli 2022 16:00 &#8211; 21:00<br>Abreise: Fr. 5. August 2022 14:00 (Mittagessen 13:00)<br>Kurszeiten: Mo. &#8211; Do.: 9:00 &#8211; 13:00 &amp; 14:00 &#8211; 17:00 Fr.: 9:00 &#8211; 12:00<\/p>\n\n\n\n<h4>Kurspreis: 380.&#8211;\u20ac<\/h4>\n\n\n\n<p> <a href=\"https:\/\/kunstschaukel.at\/?page_id=207\">Unterkunft und Verpflegung laut Seminarinfos<\/a> <\/p>\n\n\n\n<p><strong><a href=\"https:\/\/kunstschaukel.at\/?page_id=1033\">Anmeldung<\/a><\/strong><\/p>\n","protected":false},"excerpt":{"rendered":"<p>Der Schwerpunkt dieses Seminares f\u00fcr Anf\u00e4nger liegt in der Freude am gemeinsamen Spiel in entspannter Atmosph\u00e4re.Mit der einfachen Hand zu Hand &#8211; Technik erforschen wir Kl\u00e4nge verschiedener Trommeln und spielen auch mit anderen Instrumenten, wie Cabasas und Shaker, Klangh\u00f6lzern oder<\/p>\n","protected":false},"author":1,"featured_media":0,"parent":0,"menu_order":0,"comment_status":"closed","ping_status":"closed","template":"","meta":{"_mi_skip_tracking":false},"_links":{"self":[{"href":"https:\/\/kunstschaukel.at\/index.php?rest_route=\/wp\/v2\/pages\/334"}],"collection":[{"href":"https:\/\/kunstschaukel.at\/index.php?rest_route=\/wp\/v2\/pages"}],"about":[{"href":"https:\/\/kunstschaukel.at\/index.php?rest_route=\/wp\/v2\/types\/page"}],"author":[{"embeddable":true,"href":"https:\/\/kunstschaukel.at\/index.php?rest_route=\/wp\/v2\/users\/1"}],"replies":[{"embeddable":true,"href":"https:\/\/kunstschaukel.at\/index.php?rest_route=%2Fwp%2Fv2%2Fcomments&post=334"}],"version-history":[{"count":8,"href":"https:\/\/kunstschaukel.at\/index.php?rest_route=\/wp\/v2\/pages\/334\/revisions"}],"predecessor-version":[{"id":1346,"href":"https:\/\/kunstschaukel.at\/index.php?rest_route=\/wp\/v2\/pages\/334\/revisions\/1346"}],"wp:attachment":[{"href":"https:\/\/kunstschaukel.at\/index.php?rest_route=%2Fwp%2Fv2%2Fmedia&parent=334"}],"curies":[{"name":"wp","href":"https:\/\/api.w.org\/{rel}","templated":true}]}}