{"id":329,"date":"2021-09-05T21:18:33","date_gmt":"2021-09-05T21:18:33","guid":{"rendered":"https:\/\/kunstschaukel.at\/?page_id=329"},"modified":"2021-11-29T18:25:58","modified_gmt":"2021-11-29T18:25:58","slug":"zeichnen-skizzieren","status":"publish","type":"page","link":"https:\/\/kunstschaukel.at\/?page_id=329","title":{"rendered":"Zeichnen &#038; Skizzieren"},"content":{"rendered":"\n<p>Ob mit Bleistift, Tinte oder Kohle &#8211; die Zeichnung bietet unendliche M\u00f6glichkeiten die Welt einzufangen und sich ihr anzun\u00e4hern. Gemeinsam widmen wir uns anhand von Naturstudien der Komposition, Proportion und der Arbeit mit der Linie. Wir sch\u00e4rfen den Blick f\u00fcr die Form, den Charakter und die Dynamik einer Zeichnung und lernen mit Schattierung und Strichf\u00fchrung das einzufangen, was wir sehen (oder uns vorstellen k\u00f6nnen).<\/p>\n\n\n\n<figure class=\"wp-block-image size-large is-resized\"><img loading=\"lazy\" src=\"https:\/\/kunstschaukel.at\/wp-content\/uploads\/2021\/09\/Simon-Goritschnig-2021-Foto-Gernot-Gleiss-729x1024.jpg\" alt=\"\" class=\"wp-image-330\" width=\"331\" height=\"465\" srcset=\"https:\/\/kunstschaukel.at\/wp-content\/uploads\/2021\/09\/Simon-Goritschnig-2021-Foto-Gernot-Gleiss-729x1024.jpg 729w, https:\/\/kunstschaukel.at\/wp-content\/uploads\/2021\/09\/Simon-Goritschnig-2021-Foto-Gernot-Gleiss-213x300.jpg 213w, https:\/\/kunstschaukel.at\/wp-content\/uploads\/2021\/09\/Simon-Goritschnig-2021-Foto-Gernot-Gleiss.jpg 750w\" sizes=\"(max-width: 331px) 100vw, 331px\" \/><\/figure>\n\n\n\n<h2><a rel=\"noreferrer noopener\" href=\"https:\/\/www.simongoritschnig.com\/\" data-type=\"URL\" data-id=\"https:\/\/www.simongoritschnig.com\/\" target=\"_blank\">Simon Goritschnig<\/a> <\/h2>\n\n\n\n<p>Simon Goritschnig<br>Bildender K\u00fcnstler &amp; Illustrator<br>An der Schnittstelle zwischen Kunst und Wissenschaft begreift Simon Goritschnig die Zeichnung als Mittel zu einem tieferen Weltverst\u00e4ndnis. Au\u00dferdem forscht er im Bereich der digitalen Druckgrafik, illustriert B\u00fccher, zeichnet Comics und unterrichtet Animation. Er wurde 1988 in Klagenfurt geboren, lebt und arbeitet seit 2008 in Wien. 2015 diplomierte er an der Universit\u00e4t f\u00fcr angewandte Kunst Wien im Bereich Grafik und Druckgrafik.<br><a href=\"https:\/\/www.simongoritschnig.com\/\" data-type=\"URL\" data-id=\"https:\/\/www.simongoritschnig.com\/\" target=\"_blank\" rel=\"noreferrer noopener\">www.simongoritschnig.com<\/a><br><\/p>\n\n\n\n<p>Kurs: Mo. 1. August- Fr. 5. August 2022 (Kursstart Mo. 1. August 9:00)<br>Anreise: So. 31. Juli 2022 16:00 &#8211; 21:00<br>Abreise: Fr. 5. August 2022 14:00 (Mittagessen 13:00)<br>Kurszeiten: Mo. &#8211; Do.: 9:00 &#8211; 13:00 &amp; 14:00 &#8211; 17:00 Fr.: 9:00 &#8211; 12:00<\/p>\n\n\n\n<h4>Kurspreis: 380.&#8211;\u20ac<\/h4>\n\n\n\n<p> <a href=\"https:\/\/kunstschaukel.at\/?page_id=207\">Unterkunft und Verpflegung laut Seminarinfos<\/a> <\/p>\n\n\n\n<p><strong><a href=\"https:\/\/kunstschaukel.at\/?page_id=1033\">Anmeldung<\/a><\/strong><\/p>\n","protected":false},"excerpt":{"rendered":"<p>Ob mit Bleistift, Tinte oder Kohle &#8211; die Zeichnung bietet unendliche M\u00f6glichkeiten die Welt einzufangen und sich ihr anzun\u00e4hern. Gemeinsam widmen wir uns anhand von Naturstudien der Komposition, Proportion und der Arbeit mit der Linie. Wir sch\u00e4rfen den Blick f\u00fcr<\/p>\n","protected":false},"author":1,"featured_media":0,"parent":0,"menu_order":0,"comment_status":"closed","ping_status":"closed","template":"","meta":{"_mi_skip_tracking":false},"_links":{"self":[{"href":"https:\/\/kunstschaukel.at\/index.php?rest_route=\/wp\/v2\/pages\/329"}],"collection":[{"href":"https:\/\/kunstschaukel.at\/index.php?rest_route=\/wp\/v2\/pages"}],"about":[{"href":"https:\/\/kunstschaukel.at\/index.php?rest_route=\/wp\/v2\/types\/page"}],"author":[{"embeddable":true,"href":"https:\/\/kunstschaukel.at\/index.php?rest_route=\/wp\/v2\/users\/1"}],"replies":[{"embeddable":true,"href":"https:\/\/kunstschaukel.at\/index.php?rest_route=%2Fwp%2Fv2%2Fcomments&post=329"}],"version-history":[{"count":6,"href":"https:\/\/kunstschaukel.at\/index.php?rest_route=\/wp\/v2\/pages\/329\/revisions"}],"predecessor-version":[{"id":1098,"href":"https:\/\/kunstschaukel.at\/index.php?rest_route=\/wp\/v2\/pages\/329\/revisions\/1098"}],"wp:attachment":[{"href":"https:\/\/kunstschaukel.at\/index.php?rest_route=%2Fwp%2Fv2%2Fmedia&parent=329"}],"curies":[{"name":"wp","href":"https:\/\/api.w.org\/{rel}","templated":true}]}}