{"id":323,"date":"2021-09-05T21:12:16","date_gmt":"2021-09-05T21:12:16","guid":{"rendered":"https:\/\/kunstschaukel.at\/?page_id=323"},"modified":"2021-12-09T20:47:47","modified_gmt":"2021-12-09T20:47:47","slug":"collagen-der-wahrnehmung","status":"publish","type":"page","link":"https:\/\/kunstschaukel.at\/?page_id=323","title":{"rendered":"Collagen der Wahrnehmung"},"content":{"rendered":"\n<p>In diesem Kurs setzten wir uns mit unserer Wahrnehmung sowie der Umgebung in der wir uns befinden auseinander. Es geht darum das gesehene einzufangen und danach k\u00fcnstlerisch zu verarbeiten. Wir werden die Umgebung erforschen sowie deren Eindr\u00fccke auf uns wirken lassen, dabei versuchen wir Details die f\u00fcr den einzelnen wichtig sind fotografisch (oder auch malerisch) einzufangen. Keine Angst, du musst kein Profi Fotograf sein oder professionelles Equipment besitzen, oft reicht auch schon eine gut aufl\u00f6sende Smartphone Kamera. Nach der Erkundung verarbeiten wir das, was wir festgehalten haben in Collagen \u2013 hier sind dir keine Grenzen gesetzt. Jeder bewegt sich in seiner Welt und hebt das hervor, was ihm\/ihr wichtig erscheint. Egal ob Blume, Stein, Wolke, Detail oder Haus wir collagieren unsere eigene Wahrnehmung. Zudem zeige ich euch diverse Photoshop sowie digitale Bildbearbeitung\/Nachbearbeitung Techniken, um das Ziel zu erreichen. Man kann nat\u00fcrlich auch Fotografie und Grafik mischen, oder sogar malerisch\/ zeichnerisch erg\u00e4nzen. Deiner Kreativit\u00e4t sind hier keine Grenzen gesetzt!<\/p>\n\n\n\n<figure class=\"wp-block-image size-large is-resized\"><img loading=\"lazy\" src=\"https:\/\/kunstschaukel.at\/wp-content\/uploads\/2021\/09\/Pia-Pivec_portaitcmarusa_puhek-818x1024.jpg\" alt=\"\" class=\"wp-image-324\" width=\"290\" height=\"363\" srcset=\"https:\/\/kunstschaukel.at\/wp-content\/uploads\/2021\/09\/Pia-Pivec_portaitcmarusa_puhek-818x1024.jpg 818w, https:\/\/kunstschaukel.at\/wp-content\/uploads\/2021\/09\/Pia-Pivec_portaitcmarusa_puhek-240x300.jpg 240w, https:\/\/kunstschaukel.at\/wp-content\/uploads\/2021\/09\/Pia-Pivec_portaitcmarusa_puhek-768x961.jpg 768w, https:\/\/kunstschaukel.at\/wp-content\/uploads\/2021\/09\/Pia-Pivec_portaitcmarusa_puhek-1227x1536.jpg 1227w, https:\/\/kunstschaukel.at\/wp-content\/uploads\/2021\/09\/Pia-Pivec_portaitcmarusa_puhek-1636x2048.jpg 1636w, https:\/\/kunstschaukel.at\/wp-content\/uploads\/2021\/09\/Pia-Pivec_portaitcmarusa_puhek-scaled.jpg 2046w\" sizes=\"(max-width: 290px) 100vw, 290px\" \/><\/figure>\n\n\n\n<h2><a href=\"https:\/\/piapivec.com\/\" target=\"_blank\" rel=\"noreferrer noopener\">Pia Pivec<\/a> <\/h2>\n\n\n\n<p>2016 begann sie Architektur zu fotografieren, sp\u00e4ter begann sie aus den Fotografien Architektur Collagen zu kreieren. Sie befasst sich mit dem pr\u00e4genden Stadtbild und stellt dieses durch poetische Kompositionen dar. Durch die Dekonstruktion der Umgebung, erm\u00f6glicht sie dem Betrachter das Objekt in seiner reinsten Form wahrzunehmen. Dieses Konzept verfolgt die Intention den Betrachter in einer \u00fcbers\u00e4ttigten Welt zu desensibilisieren, um die Sch\u00f6n- und Reinheit seiner allt\u00e4glichen Umgebung wieder wahrnehmen zu k\u00f6nnen. Denn die alten Fassaden einer Stadt sind jene, die uns am h\u00e4ufigsten begleiten, sowie pr\u00e4gen und in keine Teilnahmslosigkeit verfallen d\u00fcrfen.<br><br>Studium Informationsdesign BA 2016 , Master Studium Communication Design MA 2018, Ausstellungen, Theater im K\u00fcrbis, Wies, Solo Exhibition<br>Feb. \u2013 Okt. 2019 \/ Fifteenseconds Festival Graz \/ Group Exhibition Juni 2019 Theater im K\u00fcrbis, Wies \/ Solo Exhibition Okt. 2019 \u2013 Feb. 2020 Design Week Turkey Istanbul \/ Artist in Residency &amp; Group Exhibition<br><a href=\"https:\/\/piapivec.com\/\" target=\"_blank\" rel=\"noreferrer noopener\">www.piapivec.com<\/a><\/p>\n\n\n\n<p><br>Kurs: Mo. 25. Juli &#8211; Fr. 29. Juli 2022 (Kursstart Mo. 25. Juli 9:00)<br>Anreise: So. 24. Juli 2022 16:00 &#8211; 21:00<br>Abreise: Fr. 29. Juli 2022 14:00 (Mittagessen 13:00)<br>Kurszeiten: Mo. &#8211; Do.: 9:00 &#8211; 13:00 &amp; 14:00 &#8211; 17:00 Fr.: 9:00 &#8211; 12:00<\/p>\n\n\n\n<h4>Kurspreis: 380.&#8211;\u20ac<\/h4>\n\n\n\n<p> <a href=\"https:\/\/kunstschaukel.at\/?page_id=207\">Unterkunft und Verpflegung laut Seminarinfos<\/a> <\/p>\n\n\n\n<p><strong><a href=\"https:\/\/kunstschaukel.at\/?page_id=1033\">Anmeldung<\/a><\/strong><\/p>\n","protected":false},"excerpt":{"rendered":"<p>In diesem Kurs setzten wir uns mit unserer Wahrnehmung sowie der Umgebung in der wir uns befinden auseinander. Es geht darum das gesehene einzufangen und danach k\u00fcnstlerisch zu verarbeiten. Wir werden die Umgebung erforschen sowie deren Eindr\u00fccke auf uns wirken<\/p>\n","protected":false},"author":1,"featured_media":0,"parent":0,"menu_order":0,"comment_status":"closed","ping_status":"closed","template":"","meta":{"_mi_skip_tracking":false},"_links":{"self":[{"href":"https:\/\/kunstschaukel.at\/index.php?rest_route=\/wp\/v2\/pages\/323"}],"collection":[{"href":"https:\/\/kunstschaukel.at\/index.php?rest_route=\/wp\/v2\/pages"}],"about":[{"href":"https:\/\/kunstschaukel.at\/index.php?rest_route=\/wp\/v2\/types\/page"}],"author":[{"embeddable":true,"href":"https:\/\/kunstschaukel.at\/index.php?rest_route=\/wp\/v2\/users\/1"}],"replies":[{"embeddable":true,"href":"https:\/\/kunstschaukel.at\/index.php?rest_route=%2Fwp%2Fv2%2Fcomments&post=323"}],"version-history":[{"count":9,"href":"https:\/\/kunstschaukel.at\/index.php?rest_route=\/wp\/v2\/pages\/323\/revisions"}],"predecessor-version":[{"id":1184,"href":"https:\/\/kunstschaukel.at\/index.php?rest_route=\/wp\/v2\/pages\/323\/revisions\/1184"}],"wp:attachment":[{"href":"https:\/\/kunstschaukel.at\/index.php?rest_route=%2Fwp%2Fv2%2Fmedia&parent=323"}],"curies":[{"name":"wp","href":"https:\/\/api.w.org\/{rel}","templated":true}]}}