{"id":314,"date":"2021-09-05T21:05:02","date_gmt":"2021-09-05T21:05:02","guid":{"rendered":"https:\/\/kunstschaukel.at\/?page_id=314"},"modified":"2022-02-23T11:18:50","modified_gmt":"2022-02-23T11:18:50","slug":"morgen-ist-schoener","status":"publish","type":"page","link":"https:\/\/kunstschaukel.at\/?page_id=314","title":{"rendered":"&#8222;Morgen ist sch\u00f6ner!&#8220;"},"content":{"rendered":"\n<p>&#8222;Morgen ist sch\u00f6ner!&#8220; ist ein aufgeladener Satz. Der Blick zur\u00fcck in die Vers\u00e4umnisse der Vergangenheit und auf den Ist-Zustand der Gegenwart erm\u00f6glicht es, der Zukunft ins Auge zu sehen. Die M\u00f6glichkeiten des autobiographischen Erz\u00e4hlens in Form von selbst verfassten (und vorgetragenen) Slam Poetry Texten sollen vielf\u00e4ltige Gelegenheiten bieten, interaktiv in den Dialog miteinander zu kommen.<\/p>\n\n\n\n<figure class=\"wp-block-image size-full is-resized\"><img loading=\"lazy\" src=\"https:\/\/kunstschaukel.at\/wp-content\/uploads\/2021\/09\/Omar_Foto.jpg\" alt=\"\" class=\"wp-image-315\" width=\"419\" height=\"382\" srcset=\"https:\/\/kunstschaukel.at\/wp-content\/uploads\/2021\/09\/Omar_Foto.jpg 653w, https:\/\/kunstschaukel.at\/wp-content\/uploads\/2021\/09\/Omar_Foto-300x274.jpg 300w\" sizes=\"(max-width: 419px) 100vw, 419px\" \/><\/figure>\n\n\n\n<h2 id=\"omar-khir-alanam\"><a href=\"http:\/\/www.omarkhiralanam.com\" target=\"_blank\" rel=\"noreferrer noopener\">Omar Khir Alanam <\/a> <\/h2>\n\n\n\n<p>Omar Khir Alanam <br>Anhand der Geschichte seiner Flucht aus Syrien, seines Ankommens in der neuen Heimat \u00d6sterreich und seiner pers\u00f6nlichen Kreativprozesse er\u00f6ffnet der Bestsellerautor (zuletzt &#8222;FAUL, FEIG UND FRAUENFEINDLICH&#8220;) und professionelle Slammer Teilnehmenden Wege, sich selbst schreibend ihrer eigenen Leben(sentw\u00fcrfe) bewusst zu werden.<br><a rel=\"noreferrer noopener\" href=\"http:\/\/www.omarkhiralanam.com\" target=\"_blank\">www.omarkhiralanam.com<\/a><\/p>\n\n\n\n<p>Kurs: Mo. 1. August- Fr. 5. August 2022 (Kursstart Mo. 1. August 9:00)<br>Anreise: So. 31. Juli 2022 16:00 &#8211; 21:00<br>Abreise: Fr. 5. August 2022 14:00 (Mittagessen 13:00)<br>Kurszeiten: Mo. &#8211; Do.: 9:00 &#8211; 13:00 &amp; 14:00 &#8211; 17:00 Fr.: 9:00 &#8211; 12:00<\/p>\n\n\n\n<h4 id=\"kurspreis-380\">Kurspreis: 380.&#8211;\u20ac<\/h4>\n\n\n\n<figure class=\"wp-block-image size-full\"><img loading=\"lazy\" width=\"558\" height=\"796\" src=\"https:\/\/kunstschaukel.at\/wp-content\/uploads\/2022\/02\/Presse-Interview-Omar-Khir.jpg\" alt=\"\" class=\"wp-image-1254\" srcset=\"https:\/\/kunstschaukel.at\/wp-content\/uploads\/2022\/02\/Presse-Interview-Omar-Khir.jpg 558w, https:\/\/kunstschaukel.at\/wp-content\/uploads\/2022\/02\/Presse-Interview-Omar-Khir-210x300.jpg 210w\" sizes=\"(max-width: 558px) 100vw, 558px\" \/><figcaption>derGrazer &#8211; Interview 6.2.2022 &#8211; <a href=\"https:\/\/grazer.at\" target=\"_blank\" rel=\"noreferrer noopener\">https:\/\/grazer.at<\/a> <\/figcaption><\/figure>\n\n\n\n<p><a href=\"https:\/\/kunstschaukel.at\/?page_id=207\">Unterkunft und Verpflegung laut Seminarinfos<\/a><\/p>\n\n\n\n<p><strong><a href=\"https:\/\/kunstschaukel.at\/?page_id=1033\">Anmeldung<\/a><\/strong><\/p>\n","protected":false},"excerpt":{"rendered":"<p>&#8222;Morgen ist sch\u00f6ner!&#8220; ist ein aufgeladener Satz. Der Blick zur\u00fcck in die Vers\u00e4umnisse der Vergangenheit und auf den Ist-Zustand der Gegenwart erm\u00f6glicht es, der Zukunft ins Auge zu sehen. Die M\u00f6glichkeiten des autobiographischen Erz\u00e4hlens in Form von selbst verfassten (und<\/p>\n","protected":false},"author":1,"featured_media":0,"parent":0,"menu_order":0,"comment_status":"closed","ping_status":"closed","template":"","meta":{"_mi_skip_tracking":false},"_links":{"self":[{"href":"https:\/\/kunstschaukel.at\/index.php?rest_route=\/wp\/v2\/pages\/314"}],"collection":[{"href":"https:\/\/kunstschaukel.at\/index.php?rest_route=\/wp\/v2\/pages"}],"about":[{"href":"https:\/\/kunstschaukel.at\/index.php?rest_route=\/wp\/v2\/types\/page"}],"author":[{"embeddable":true,"href":"https:\/\/kunstschaukel.at\/index.php?rest_route=\/wp\/v2\/users\/1"}],"replies":[{"embeddable":true,"href":"https:\/\/kunstschaukel.at\/index.php?rest_route=%2Fwp%2Fv2%2Fcomments&post=314"}],"version-history":[{"count":15,"href":"https:\/\/kunstschaukel.at\/index.php?rest_route=\/wp\/v2\/pages\/314\/revisions"}],"predecessor-version":[{"id":1344,"href":"https:\/\/kunstschaukel.at\/index.php?rest_route=\/wp\/v2\/pages\/314\/revisions\/1344"}],"wp:attachment":[{"href":"https:\/\/kunstschaukel.at\/index.php?rest_route=%2Fwp%2Fv2%2Fmedia&parent=314"}],"curies":[{"name":"wp","href":"https:\/\/api.w.org\/{rel}","templated":true}]}}