{"id":304,"date":"2021-09-05T20:54:55","date_gmt":"2021-09-05T20:54:55","guid":{"rendered":"https:\/\/kunstschaukel.at\/?page_id=304"},"modified":"2021-11-29T18:24:50","modified_gmt":"2021-11-29T18:24:50","slug":"the-additive-experience","status":"publish","type":"page","link":"https:\/\/kunstschaukel.at\/?page_id=304","title":{"rendered":"the additive experience +"},"content":{"rendered":"\n<p>Im Gegensatz zu subtraktiven Radierungstechniken (Strich\u00e4tzung, Aquatinta, usw.), bei welchen die Erzeugung des Bildes durch das Entfernen bestimmter Teile der Druckplatte \u2013 durch \u00c4tzen oder durch mechanische Verfahren \u2013 geschehen, erfolgt die Bilderzeugung bei allen additiven Techniken durch das Hinzuf\u00fcgen von Materialien unterschiedlichster Art auf die Tr\u00e4gerplatte. So fang the additive experience + an.<br>Stell Dir die Wahl dieser Materialien in Kombination mit den Tr\u00e4gern und die Verwendung des jeweils passenden Bindemittels vor. All das bestimmt das \u00e4sthetisch-formale Endergebnis und die Druckbarkeit des Ganzen.<br>\u00dcberleg Dir die Modulation von Texturqualit\u00e4ten, die Rauheit, die Materialit\u00e4t \u2013 die wichtigsten Parameter innerhalb des breiten Spektrums der Ausdrucksm\u00f6glichkeiten additiver Techniken.<br>Nun wei\u00dft Du es, der kreative Prozess in the additive experience + spiegelt im Endergebnis die Unmittelbarkeit, die Spontanit\u00e4t und das Intuitive der Malereiverfahren wieder.<br>Wir werden gem\u00e4\u00df den Kriterien der Tragf\u00e4higkeit, Stabilit\u00e4t, Vertr\u00e4glichkeit und dem Ausdrucksspektrum handeln. Wir werden Siliziumkarbid (Carborundum) und Acrylmaterialien als konstruktiv\/strukturelle Medien und Metall oder Kunststoff als Tr\u00e4germaterial verwenden. Jetzt bist Du bereit f\u00fcr the additive experience +<\/p>\n\n\n\n<figure class=\"wp-block-image size-full\"><img loading=\"lazy\" width=\"310\" height=\"380\" src=\"https:\/\/kunstschaukel.at\/wp-content\/uploads\/2021\/09\/Portrait_Javier_Perez_Gil.jpg\" alt=\"\" class=\"wp-image-587\" srcset=\"https:\/\/kunstschaukel.at\/wp-content\/uploads\/2021\/09\/Portrait_Javier_Perez_Gil.jpg 310w, https:\/\/kunstschaukel.at\/wp-content\/uploads\/2021\/09\/Portrait_Javier_Perez_Gil-245x300.jpg 245w\" sizes=\"(max-width: 310px) 100vw, 310px\" \/><\/figure>\n\n\n\n<h2> Javier P\u00e9rez Gil <\/h2>\n\n\n\n<p>1970 Madrid<br>1990 \u2013 1994 Fachschule f\u00fcr Angewandte kunst- Grafik \/ Druckgrafik, Madrid<br>Ausstellungen In- und Ausland und zahlreiche Preise<br>2001 \u2013 2004 Assistent, Druckgrafische Editionen internationaler Ku\u0308nstler*nnen im Atelier fu\u0308r Druckgrafik Oscar Manessi in Madrid<br>Lebt seit 2004 in Wien<br>2012 \u2013 2019 Mitarbeiter in der Werkstatt fu\u0308r handgedruckte Originalgrafik Kurt Zein<br>leitet zur Zeit die offene werkstatt f\u00fcr druckgrafik &#8211; sandwirtgasse 14\/4<br><br><\/p>\n\n\n\n<p>Kurs: Mo. 25. Juli &#8211; Fr. 29. Juli 2022 (Kursstart Mo. 25. Juli 9:00)<br>Anreise: So. 24. Juli 2022 16:00 &#8211; 21:00<br>Abreise: Fr. 29. Juli 2022 14:00 (Mittagessen 13:00)<br>Kurszeiten: Mo. &#8211; Do.: 9:00 &#8211; 13:00 &amp; 14:00 &#8211; 17:00 Fr.: 9:00 &#8211; 12:00<\/p>\n\n\n\n<h4>Kurspreis: 380.&#8211;\u20ac<\/h4>\n\n\n\n<p> <a href=\"https:\/\/kunstschaukel.at\/?page_id=207\">Unterkunft und Verpflegung laut Seminarinfos<\/a> <\/p>\n\n\n\n<p><strong><a href=\"https:\/\/kunstschaukel.at\/?page_id=1033\">Anmeldung<\/a><\/strong><\/p>\n","protected":false},"excerpt":{"rendered":"<p>Im Gegensatz zu subtraktiven Radierungstechniken (Strich\u00e4tzung, Aquatinta, usw.), bei welchen die Erzeugung des Bildes durch das Entfernen bestimmter Teile der Druckplatte \u2013 durch \u00c4tzen oder durch mechanische Verfahren \u2013 geschehen, erfolgt die Bilderzeugung bei allen additiven Techniken durch das Hinzuf\u00fcgen<\/p>\n","protected":false},"author":1,"featured_media":0,"parent":0,"menu_order":0,"comment_status":"closed","ping_status":"closed","template":"","meta":{"_mi_skip_tracking":false},"_links":{"self":[{"href":"https:\/\/kunstschaukel.at\/index.php?rest_route=\/wp\/v2\/pages\/304"}],"collection":[{"href":"https:\/\/kunstschaukel.at\/index.php?rest_route=\/wp\/v2\/pages"}],"about":[{"href":"https:\/\/kunstschaukel.at\/index.php?rest_route=\/wp\/v2\/types\/page"}],"author":[{"embeddable":true,"href":"https:\/\/kunstschaukel.at\/index.php?rest_route=\/wp\/v2\/users\/1"}],"replies":[{"embeddable":true,"href":"https:\/\/kunstschaukel.at\/index.php?rest_route=%2Fwp%2Fv2%2Fcomments&post=304"}],"version-history":[{"count":8,"href":"https:\/\/kunstschaukel.at\/index.php?rest_route=\/wp\/v2\/pages\/304\/revisions"}],"predecessor-version":[{"id":1095,"href":"https:\/\/kunstschaukel.at\/index.php?rest_route=\/wp\/v2\/pages\/304\/revisions\/1095"}],"wp:attachment":[{"href":"https:\/\/kunstschaukel.at\/index.php?rest_route=%2Fwp%2Fv2%2Fmedia&parent=304"}],"curies":[{"name":"wp","href":"https:\/\/api.w.org\/{rel}","templated":true}]}}