{"id":237,"date":"2021-08-24T17:03:43","date_gmt":"2021-08-24T17:03:43","guid":{"rendered":"https:\/\/kunstschaukel.at\/?page_id=237"},"modified":"2021-11-29T18:25:39","modified_gmt":"2021-11-29T18:25:39","slug":"zeichnen","status":"publish","type":"page","link":"https:\/\/kunstschaukel.at\/?page_id=237","title":{"rendered":"Zeichnen"},"content":{"rendered":"\n<p>Der Anfang. Ein wei\u00dfes Blatt Papier, eine unbeschriebene Fl\u00e4che, die es zu f\u00fcllen gilt. Wir versuchen, mit dem Stift zu denken, Gedachtes aufs Papier zu bringen. K\u00fcnstlerische Experimente stehen im Vordergrund, die F\u00e4higkeit zur Abstraktion wird gef\u00f6rdert. Wir werden uns anhand verschiedener Zeichen\u00fcbungen an das Ann\u00e4hern, was wir uns vorstellen, und dabei ganz neue Wege der Darstellung herausfinden. Und eigentlich k\u00f6nnen wir auf allem Zeichnen, was uns daf\u00fcr geeignet erscheint, mit unterschiedlichen Materialien und Methoden. Willkommen sind alle mit Lust auf zeichnerische Experimente, Anf\u00e4ngerInnen, Fortgeschrittene, Suchende und Wiederholungst\u00e4terInnen \u2013 ausdr\u00fccklich auch MalerInnen.<\/p>\n\n\n\n<figure class=\"wp-block-image size-full is-resized\"><img loading=\"lazy\" src=\"https:\/\/kunstschaukel.at\/wp-content\/uploads\/2021\/09\/LindaBerger_c_EvaKelety_007.jpg\" alt=\"\" class=\"wp-image-312\" width=\"264\" height=\"423\" srcset=\"https:\/\/kunstschaukel.at\/wp-content\/uploads\/2021\/09\/LindaBerger_c_EvaKelety_007.jpg 414w, https:\/\/kunstschaukel.at\/wp-content\/uploads\/2021\/09\/LindaBerger_c_EvaKelety_007-187x300.jpg 187w\" sizes=\"(max-width: 264px) 100vw, 264px\" \/><figcaption>Foto \u00a9 Eva Kelety 2020<\/figcaption><\/figure>\n\n\n\n<h2><a href=\"http:\/\/www.lindaberger.com\/\" target=\"_blank\" rel=\"noreferrer noopener\">Linda Berger<\/a><\/h2>\n\n\n\n<p>Linda Berger (*1980 in D) lebt und arbeitet seit ihrem Studium an der Universit\u00e4t f\u00fcr angewandte Kunst in Wien. Sie verwendet die Technik der Tuschezeichnung, um ihre gro\u00dfformatigen Arbeiten zu schaffen, die alle aus Tausenden von einzelnen Federstrichen bestehen. Das detaillierte Werk zeugt von einer zeichnerischen Obsession und konfrontiert uns mit einer bildlichen Verdichtung der k\u00fcnstlerischen Lebens- und Arbeitszeit.<br><a rel=\"noreferrer noopener\" href=\"http:\/\/www.lindaberger.com\/\" data-type=\"URL\" data-id=\"http:\/\/www.lindaberger.com\/\" target=\"_blank\">www.lindaberger.com<\/a><br><br><\/p>\n\n\n\n<p id=\"block-edce1cf6-05af-470c-887d-a171293bedb2\">Kurs: Mo. 18. Juli &#8211; Fr. 22. Juli 2022 (Kursstart Mo. 18. Juli 9:00)<strong><br><\/strong>Anreise: So. 17. Juli 2022 16:00 &#8211; 21:00<br>Abreise: Fr. 22. Juli 2022 14:00 (Mittagessen 13:00)<br>Kurszeiten: Mo. &#8211; Do.: 9:00 &#8211; 13:00 &amp; 14:00 &#8211; 17:00 Fr.: 9:00 &#8211; 12:00<\/p>\n\n\n\n<h4 id=\"block-cde04cc8-402a-4e12-b774-c01db3846471\">Kurspreis: 380.&#8211;\u20ac<\/h4>\n\n\n\n<p id=\"block-6ecd46ae-5d70-4d4e-9cff-b4e374fc24f6\"> <a href=\"https:\/\/kunstschaukel.at\/?page_id=207\">Unterkunft und Verpflegung laut Seminarinfos<\/a> <\/p>\n\n\n\n<p id=\"block-55180611-fd1e-44a5-a390-303d85616d96\"><strong><a href=\"https:\/\/kunstschaukel.at\/?page_id=1033\">Anmeldung<\/a><\/strong><\/p>\n\n\n\n<p><br><br><\/p>\n","protected":false},"excerpt":{"rendered":"<p>Der Anfang. Ein wei\u00dfes Blatt Papier, eine unbeschriebene Fl\u00e4che, die es zu f\u00fcllen gilt. Wir versuchen, mit dem Stift zu denken, Gedachtes aufs Papier zu bringen. K\u00fcnstlerische Experimente stehen im Vordergrund, die F\u00e4higkeit zur Abstraktion wird gef\u00f6rdert. Wir werden uns<\/p>\n","protected":false},"author":1,"featured_media":0,"parent":0,"menu_order":0,"comment_status":"closed","ping_status":"closed","template":"","meta":{"_mi_skip_tracking":false},"_links":{"self":[{"href":"https:\/\/kunstschaukel.at\/index.php?rest_route=\/wp\/v2\/pages\/237"}],"collection":[{"href":"https:\/\/kunstschaukel.at\/index.php?rest_route=\/wp\/v2\/pages"}],"about":[{"href":"https:\/\/kunstschaukel.at\/index.php?rest_route=\/wp\/v2\/types\/page"}],"author":[{"embeddable":true,"href":"https:\/\/kunstschaukel.at\/index.php?rest_route=\/wp\/v2\/users\/1"}],"replies":[{"embeddable":true,"href":"https:\/\/kunstschaukel.at\/index.php?rest_route=%2Fwp%2Fv2%2Fcomments&post=237"}],"version-history":[{"count":8,"href":"https:\/\/kunstschaukel.at\/index.php?rest_route=\/wp\/v2\/pages\/237\/revisions"}],"predecessor-version":[{"id":1097,"href":"https:\/\/kunstschaukel.at\/index.php?rest_route=\/wp\/v2\/pages\/237\/revisions\/1097"}],"wp:attachment":[{"href":"https:\/\/kunstschaukel.at\/index.php?rest_route=%2Fwp%2Fv2%2Fmedia&parent=237"}],"curies":[{"name":"wp","href":"https:\/\/api.w.org\/{rel}","templated":true}]}}