{"id":228,"date":"2021-08-24T16:54:44","date_gmt":"2021-08-24T16:54:44","guid":{"rendered":"https:\/\/kunstschaukel.at\/?page_id=228"},"modified":"2021-11-29T18:24:08","modified_gmt":"2021-11-29T18:24:08","slug":"stein-ein-abenteuer","status":"publish","type":"page","link":"https:\/\/kunstschaukel.at\/?page_id=228","title":{"rendered":"Stein ein Abenteuer"},"content":{"rendered":"\n<p>Wir arbeiten mit Talkstein, der weich ist und als Teil der Natur unsere Sinne ber\u00fchrt. Raspeln, Feilen, Hammer und Mei\u00dfel gibt er durch seine Weichheit gerne widerstandslos nach und l\u00e4sst sich nach unseren Vorstellungen zu Wunderwerken formen. Die entstehenden Werke werden eine wahre Freude sein. Im Garten oder im Innenraum strahlen die Steine eine besondere Energie aus. Bringt Eure Ideen und ich unterst\u00fctze Euch bei der Umsetzung.<\/p>\n\n\n\n<figure class=\"wp-block-image size-full\"><img loading=\"lazy\" width=\"772\" height=\"515\" src=\"https:\/\/kunstschaukel.at\/wp-content\/uploads\/2021\/09\/demelo_leslie_foto.jpg\" alt=\"\" class=\"wp-image-807\" srcset=\"https:\/\/kunstschaukel.at\/wp-content\/uploads\/2021\/09\/demelo_leslie_foto.jpg 772w, https:\/\/kunstschaukel.at\/wp-content\/uploads\/2021\/09\/demelo_leslie_foto-300x200.jpg 300w, https:\/\/kunstschaukel.at\/wp-content\/uploads\/2021\/09\/demelo_leslie_foto-768x512.jpg 768w\" sizes=\"(max-width: 772px) 100vw, 772px\" \/><\/figure>\n\n\n\n<h2><a href=\"http:\/\/www.demelo.at\" data-type=\"URL\" data-id=\"www.demelo.at\" target=\"_blank\" rel=\"noreferrer noopener\">LESLIE DE MELO<\/a><\/h2>\n\n\n\n<p>LESLIE DE MELO, geboren in Daressalam (Tansania), lebt als Bildhauer, Zeichner und Maler in Wien. Er studierte Bildhauerei bei Prof. Franz Xaver \u00d6lzant an der Akademie der bildenden K\u00fcnste in Wien, unterrichtet am Wiener WUK (Werkst\u00e4tten- und Kulturhaus) und ist Dozent an der \u201eSigmund Freud Privatuniversit\u00e4t\u201c in Wien. Zahlreiche Ausstellungen im In- und Ausland.<br><a href=\"http:\/\/www.demelo.at\" data-type=\"URL\" data-id=\"http:\/\/www.demelo.at\" target=\"_blank\" rel=\"noreferrer noopener\">www.demelo.at<\/a><br><br><\/p>\n\n\n\n<figure class=\"wp-container-2 wp-block-gallery-1 wp-block-gallery columns-3 is-cropped\"><ul class=\"blocks-gallery-grid\"><li class=\"blocks-gallery-item\"><figure><img loading=\"lazy\" width=\"1024\" height=\"893\" src=\"https:\/\/kunstschaukel.at\/wp-content\/uploads\/2021\/09\/Stein_04-1024x893.jpeg\" alt=\"\" data-id=\"763\" data-full-url=\"https:\/\/kunstschaukel.at\/wp-content\/uploads\/2021\/09\/Stein_04.jpeg\" data-link=\"https:\/\/kunstschaukel.at\/?attachment_id=763\" class=\"wp-image-763\" srcset=\"https:\/\/kunstschaukel.at\/wp-content\/uploads\/2021\/09\/Stein_04-1024x893.jpeg 1024w, https:\/\/kunstschaukel.at\/wp-content\/uploads\/2021\/09\/Stein_04-300x261.jpeg 300w, https:\/\/kunstschaukel.at\/wp-content\/uploads\/2021\/09\/Stein_04-768x669.jpeg 768w, https:\/\/kunstschaukel.at\/wp-content\/uploads\/2021\/09\/Stein_04-1536x1339.jpeg 1536w, https:\/\/kunstschaukel.at\/wp-content\/uploads\/2021\/09\/Stein_04.jpeg 2048w\" sizes=\"(max-width: 1024px) 100vw, 1024px\" \/><\/figure><\/li><li class=\"blocks-gallery-item\"><figure><img loading=\"lazy\" width=\"1024\" height=\"768\" src=\"https:\/\/kunstschaukel.at\/wp-content\/uploads\/2021\/09\/Stein_05-1024x768.jpeg\" alt=\"\" data-id=\"764\" data-full-url=\"https:\/\/kunstschaukel.at\/wp-content\/uploads\/2021\/09\/Stein_05.jpeg\" data-link=\"https:\/\/kunstschaukel.at\/?attachment_id=764\" class=\"wp-image-764\" srcset=\"https:\/\/kunstschaukel.at\/wp-content\/uploads\/2021\/09\/Stein_05-1024x768.jpeg 1024w, https:\/\/kunstschaukel.at\/wp-content\/uploads\/2021\/09\/Stein_05-300x225.jpeg 300w, https:\/\/kunstschaukel.at\/wp-content\/uploads\/2021\/09\/Stein_05-768x576.jpeg 768w, https:\/\/kunstschaukel.at\/wp-content\/uploads\/2021\/09\/Stein_05-1536x1152.jpeg 1536w, https:\/\/kunstschaukel.at\/wp-content\/uploads\/2021\/09\/Stein_05.jpeg 1600w\" sizes=\"(max-width: 1024px) 100vw, 1024px\" \/><\/figure><\/li><li class=\"blocks-gallery-item\"><figure><img loading=\"lazy\" width=\"768\" height=\"1024\" src=\"https:\/\/kunstschaukel.at\/wp-content\/uploads\/2021\/09\/Stein_06-768x1024.jpeg\" alt=\"\" data-id=\"765\" data-full-url=\"https:\/\/kunstschaukel.at\/wp-content\/uploads\/2021\/09\/Stein_06.jpeg\" data-link=\"https:\/\/kunstschaukel.at\/?attachment_id=765\" class=\"wp-image-765\" srcset=\"https:\/\/kunstschaukel.at\/wp-content\/uploads\/2021\/09\/Stein_06-768x1024.jpeg 768w, https:\/\/kunstschaukel.at\/wp-content\/uploads\/2021\/09\/Stein_06-225x300.jpeg 225w, https:\/\/kunstschaukel.at\/wp-content\/uploads\/2021\/09\/Stein_06-1152x1536.jpeg 1152w, https:\/\/kunstschaukel.at\/wp-content\/uploads\/2021\/09\/Stein_06.jpeg 1536w\" sizes=\"(max-width: 768px) 100vw, 768px\" \/><\/figure><\/li><\/ul><\/figure>\n\n\n\n<p>Kurs: Mo. 25. Juli &#8211; Fr. 29. Juli 2022 (Kursstart Mo. 25. Juli 9:00)<br>Anreise: So. 24. Juli 2022 16:00 &#8211; 21:00<br>Abreise: Fr. 29. Juli 2022 14:00 (Mittagessen 13:00)<br>Kurszeiten: Mo. &#8211; Do.: 9:00 &#8211; 13:00 &amp; 14:00 &#8211; 17:00 Fr.: 9:00 &#8211; 12:00<\/p>\n\n\n\n<h4>Kurspreis: 380.&#8211;\u20ac<\/h4>\n\n\n\n<p> <a href=\"https:\/\/kunstschaukel.at\/?page_id=207\">Unterkunft und Verpflegung laut Seminarinfos<\/a> <\/p>\n\n\n\n<p><strong><a href=\"https:\/\/kunstschaukel.at\/?page_id=1033\">Anmeldung<\/a><\/strong><\/p>\n","protected":false},"excerpt":{"rendered":"<p>Wir arbeiten mit Talkstein, der weich ist und als Teil der Natur unsere Sinne ber\u00fchrt. Raspeln, Feilen, Hammer und Mei\u00dfel gibt er durch seine Weichheit gerne widerstandslos nach und l\u00e4sst sich nach unseren Vorstellungen zu Wunderwerken formen. Die entstehenden Werke<\/p>\n","protected":false},"author":1,"featured_media":0,"parent":0,"menu_order":0,"comment_status":"closed","ping_status":"closed","template":"","meta":{"_mi_skip_tracking":false},"_links":{"self":[{"href":"https:\/\/kunstschaukel.at\/index.php?rest_route=\/wp\/v2\/pages\/228"}],"collection":[{"href":"https:\/\/kunstschaukel.at\/index.php?rest_route=\/wp\/v2\/pages"}],"about":[{"href":"https:\/\/kunstschaukel.at\/index.php?rest_route=\/wp\/v2\/types\/page"}],"author":[{"embeddable":true,"href":"https:\/\/kunstschaukel.at\/index.php?rest_route=\/wp\/v2\/users\/1"}],"replies":[{"embeddable":true,"href":"https:\/\/kunstschaukel.at\/index.php?rest_route=%2Fwp%2Fv2%2Fcomments&post=228"}],"version-history":[{"count":12,"href":"https:\/\/kunstschaukel.at\/index.php?rest_route=\/wp\/v2\/pages\/228\/revisions"}],"predecessor-version":[{"id":1094,"href":"https:\/\/kunstschaukel.at\/index.php?rest_route=\/wp\/v2\/pages\/228\/revisions\/1094"}],"wp:attachment":[{"href":"https:\/\/kunstschaukel.at\/index.php?rest_route=%2Fwp%2Fv2%2Fmedia&parent=228"}],"curies":[{"name":"wp","href":"https:\/\/api.w.org\/{rel}","templated":true}]}}