{"id":161,"date":"2021-08-23T12:45:56","date_gmt":"2021-08-23T12:45:56","guid":{"rendered":"https:\/\/kunstschaukel.at\/?page_id=161"},"modified":"2021-11-29T18:17:45","modified_gmt":"2021-11-29T18:17:45","slug":"das-blatt-papier-als-moeglichkeitstraum","status":"publish","type":"page","link":"https:\/\/kunstschaukel.at\/?page_id=161","title":{"rendered":"Das Blatt Papier als M\u00f6glichkeitstraum"},"content":{"rendered":"\n<p><em>&#8222;Ich schreib mir die Welt, wie sie mir gef\u00e4llt. Mit Worten spielen und die Kraft der Sprache erleben.<\/em>&#8222;<br>Durch Sprache und Schreiben neue Erfahrungen machen, Kreativit\u00e4t und Phantasie ins Leben holen. Sprache als Material erleben, mit Buchstaben, Worten, Zeilen experimentieren. Mit meinen Ideen, Einf\u00e4llen und Worten spielen. Unterschiedliche Textsorten ausprobieren. Beispiele aus der Kunst, der Literatur und der Natur bieten uns Inspiration<\/p>\n\n\n\n<figure class=\"wp-block-image size-large is-resized\"><img loading=\"lazy\" src=\"https:\/\/kunstschaukel.at\/wp-content\/uploads\/2021\/08\/Hoepler-nach-rechts-1024x887.jpg\" alt=\"\" class=\"wp-image-186\" width=\"418\" height=\"362\" srcset=\"https:\/\/kunstschaukel.at\/wp-content\/uploads\/2021\/08\/Hoepler-nach-rechts-1024x887.jpg 1024w, https:\/\/kunstschaukel.at\/wp-content\/uploads\/2021\/08\/Hoepler-nach-rechts-300x260.jpg 300w, https:\/\/kunstschaukel.at\/wp-content\/uploads\/2021\/08\/Hoepler-nach-rechts-768x666.jpg 768w, https:\/\/kunstschaukel.at\/wp-content\/uploads\/2021\/08\/Hoepler-nach-rechts.jpg 1387w\" sizes=\"(max-width: 418px) 100vw, 418px\" \/><\/figure>\n\n\n\n<h5><a href=\"https:\/\/www.brigittahoepler.at\/\" target=\"_blank\" rel=\"noreferrer noopener\">Brigitta H\u00f6pler<\/a><\/h5>\n\n\n\n<p>Autorin, Kunsthistorikerin, Schreibp\u00e4dagogin<br>Dozentin im B\u00d6S- Berufsverband \u00f6sterreichischer Schreibp\u00e4dagog*innen.<br>Ihre Projekte, Texte und Ver\u00f6ffentlichungen besch\u00e4ftigen sich mit Kunst, Stadt und Schreiben. Arbeitsschwerpunkte sind Schreibraum Stadt, visuelle Poesie, Alltagspoetisierung und Raumbeschaffung \u2013 aus Orten werden R\u00e4ume.<br>Lebt und arbeitet in Wien.<br><a href=\"https:\/\/www.brigittahoepler.at\/\" target=\"_blank\" rel=\"noreferrer noopener\">www.brigittahoepler.at<\/a><br><\/p>\n\n\n\n<p>Kurs: Mo. 25.Juli &#8211; Fr. 29. Juli 2022 (Kursstart Mo. 25. Juli 9:00)<br>Anreise: So. 24. Juli 2022 16:00 &#8211; 21:00 <br>Abreise: Fr. 29. Juli 2022 14:00 (Mittagessen 13:00)<br>Kurszeiten: Mo. &#8211; Do.: 9:00 &#8211; 13:00 &amp; 14:00 &#8211; 17:00  Fr.: 9:00-12:00<\/p>\n\n\n\n<h4><strong>Kurspreis: 380.&#8211;\u20ac<\/strong><\/h4>\n\n\n\n<p> <a href=\"https:\/\/kunstschaukel.at\/?page_id=207\">Unterkunft und Verpflegung laut Seminarinfos<\/a> <br><strong><a href=\"https:\/\/kunstschaukel.at\/?page_id=1033\">Anmeldung<\/a><\/strong><\/p>\n","protected":false},"excerpt":{"rendered":"<p>&#8222;Ich schreib mir die Welt, wie sie mir gef\u00e4llt. Mit Worten spielen und die Kraft der Sprache erleben.&#8222;Durch Sprache und Schreiben neue Erfahrungen machen, Kreativit\u00e4t und Phantasie ins Leben holen. Sprache als Material erleben, mit Buchstaben, Worten, Zeilen experimentieren. Mit<\/p>\n","protected":false},"author":1,"featured_media":0,"parent":0,"menu_order":0,"comment_status":"closed","ping_status":"closed","template":"","meta":{"_mi_skip_tracking":false},"_links":{"self":[{"href":"https:\/\/kunstschaukel.at\/index.php?rest_route=\/wp\/v2\/pages\/161"}],"collection":[{"href":"https:\/\/kunstschaukel.at\/index.php?rest_route=\/wp\/v2\/pages"}],"about":[{"href":"https:\/\/kunstschaukel.at\/index.php?rest_route=\/wp\/v2\/types\/page"}],"author":[{"embeddable":true,"href":"https:\/\/kunstschaukel.at\/index.php?rest_route=\/wp\/v2\/users\/1"}],"replies":[{"embeddable":true,"href":"https:\/\/kunstschaukel.at\/index.php?rest_route=%2Fwp%2Fv2%2Fcomments&post=161"}],"version-history":[{"count":22,"href":"https:\/\/kunstschaukel.at\/index.php?rest_route=\/wp\/v2\/pages\/161\/revisions"}],"predecessor-version":[{"id":1081,"href":"https:\/\/kunstschaukel.at\/index.php?rest_route=\/wp\/v2\/pages\/161\/revisions\/1081"}],"wp:attachment":[{"href":"https:\/\/kunstschaukel.at\/index.php?rest_route=%2Fwp%2Fv2%2Fmedia&parent=161"}],"curies":[{"name":"wp","href":"https:\/\/api.w.org\/{rel}","templated":true}]}}