{"id":1355,"date":"2022-03-04T10:21:34","date_gmt":"2022-03-04T10:21:34","guid":{"rendered":"https:\/\/kunstschaukel.at\/?page_id=1355"},"modified":"2022-03-04T10:22:59","modified_gmt":"2022-03-04T10:22:59","slug":"aktfotografie","status":"publish","type":"page","link":"https:\/\/kunstschaukel.at\/?page_id=1355","title":{"rendered":"Aktfotografie"},"content":{"rendered":"\n<p>Die fotografische Ablichtung des unbekleideten, weiblichen K\u00f6rpers gibt es ann\u00e4hernd so lang wie die Fotografie selbst. Wir werden an den Kurstagen f\u00fcnf verschiedene Arten der Studio-Aktfotografie kennenlernen. Nach dem t\u00e4glichen Grundlagen- und Einf\u00fchrungsteil werden wir im ausf\u00fchrlichen Praxisteil ein weibliches Model unter Anleitung fotografieren und jeweils unterschiedliche Lichtsetzungen ausprobieren. Neben klassischen Lichtformern mit wei\u00dfem Licht leuchten wir das Model auch mit farbigen Lichtern aus oder projizieren Muster und Formen auf ihren K\u00f6rper. Als zus\u00e4tzliches Element kommen Lichtschwerter zum Einsatz, mit denen wir fotografisches Lightpainting und Aktfotografie kreativ verbinden.<br>Im Nachgang diskutieren wir die Bilder und ich zeige Euch exemplarisch, wie ich meine Fotos mit Lightroom\/ Photoshop optimiere.<\/p>\n\n\n\n<p>F\u00fcr den Kurs sind keinerlei Vorkenntnisse erforderlich. Einzig Eure Kamera mit Normalobjektiv und Blitzschuh sowie ein Stativ solltet Ihr mitbringen.<\/p>\n\n\n\n<p><br><\/p>\n\n\n\n<figure class=\"wp-block-image size-full is-resized\"><img src=\"https:\/\/kunstschaukel.at\/wp-content\/uploads\/2022\/03\/Dietmar-Zirzow_01.jpg\" alt=\"\" class=\"wp-image-1356\" width=\"500\" srcset=\"https:\/\/kunstschaukel.at\/wp-content\/uploads\/2022\/03\/Dietmar-Zirzow_01.jpg 1000w, https:\/\/kunstschaukel.at\/wp-content\/uploads\/2022\/03\/Dietmar-Zirzow_01-300x272.jpg 300w, https:\/\/kunstschaukel.at\/wp-content\/uploads\/2022\/03\/Dietmar-Zirzow_01-768x696.jpg 768w\" sizes=\"(max-width: 1000px) 100vw, 1000px\" \/><\/figure>\n\n\n\n<h2><a href=\"http:\/\/www.helios-pictures.com\">Dietmar Zirzow<\/a><\/h2>\n\n\n\n<p>Geboren bei Berlin, seit 1990 am Bodensee ans\u00e4ssig. Im Alter von 11 Jahren unternahm er mit der Kamera seiner Mutter die ersten fotografischen Schritte. Ab der Studienzeit war Dietmar Mitglied in verschiedenen Fotoclubs und Kunstvereinen und besch\u00e4ftigte sich in dieser Zeit mit der experimentellen Analogfotografie. Seit gut 15 Jahren ist Dietmar haupts\u00e4chlich Studiofotograf. Er widmet sich hier vornehmlich der kreativen Aktfotografie und gibt sein Wissen in Workshops weiter. Mehre Personal- und Gemeinschaftsausstellungen in Deutschland, \u00d6sterreich und der Schweiz.<br><a rel=\"noreferrer noopener\" href=\"http:\/\/www.helios-pictures.com\" data-type=\"URL\" data-id=\"http:\/\/www.helios-pictures.com\" target=\"_blank\">www.helios-pictures.com<\/a><\/p>\n\n\n\n<figure class=\"wp-block-image size-large\"><img loading=\"lazy\" width=\"1024\" height=\"293\" src=\"https:\/\/kunstschaukel.at\/wp-content\/uploads\/2022\/03\/Aktfotografie_01-1024x293.jpg\" alt=\"\" class=\"wp-image-1357\" srcset=\"https:\/\/kunstschaukel.at\/wp-content\/uploads\/2022\/03\/Aktfotografie_01-1024x293.jpg 1024w, https:\/\/kunstschaukel.at\/wp-content\/uploads\/2022\/03\/Aktfotografie_01-300x86.jpg 300w, https:\/\/kunstschaukel.at\/wp-content\/uploads\/2022\/03\/Aktfotografie_01-768x219.jpg 768w, https:\/\/kunstschaukel.at\/wp-content\/uploads\/2022\/03\/Aktfotografie_01-1536x439.jpg 1536w, https:\/\/kunstschaukel.at\/wp-content\/uploads\/2022\/03\/Aktfotografie_01-2048x585.jpg 2048w\" sizes=\"(max-width: 1024px) 100vw, 1024px\" \/><\/figure>\n\n\n\n<p>Kurs: Mo. 18. Juli &#8211; Fr. 22. Juli 2022 (Kursstart Mo. 18. Juli 9:00)<br>Anreise: So. 17. Juli 2022 16:00 \u2013 21:00<br>Abreise: Fr. 5. August 2022 14:00 (Mittagessen 13:00)<br>Kurszeiten: Mo. \u2013 Do.: 9:00 \u2013 13:00 &amp; 14:00 \u2013 17:00 Fr.: 9:00 \u2013 12:00<\/p>\n\n\n\n<h4>Kurspreis: 380.\u2013\u20ac  \/ zuz\u00fcglich Modelkosten: 120.\u2013\u20ac<\/h4>\n\n\n\n<p><a href=\"https:\/\/kunstschaukel.at\/?page_id=207\">Unterkunft und Verpflegung laut Seminarinfos<\/a><\/p>\n\n\n\n<p><strong><a href=\"https:\/\/kunstschaukel.at\/?page_id=1033\">Anmeldung<\/a><\/strong><\/p>\n","protected":false},"excerpt":{"rendered":"<p>Die fotografische Ablichtung des unbekleideten, weiblichen K\u00f6rpers gibt es ann\u00e4hernd so lang wie die Fotografie selbst. Wir werden an den Kurstagen f\u00fcnf verschiedene Arten der Studio-Aktfotografie kennenlernen. Nach dem t\u00e4glichen Grundlagen- und Einf\u00fchrungsteil werden wir im ausf\u00fchrlichen Praxisteil ein weibliches<\/p>\n","protected":false},"author":1,"featured_media":0,"parent":0,"menu_order":0,"comment_status":"closed","ping_status":"closed","template":"","meta":{"_mi_skip_tracking":false},"_links":{"self":[{"href":"https:\/\/kunstschaukel.at\/index.php?rest_route=\/wp\/v2\/pages\/1355"}],"collection":[{"href":"https:\/\/kunstschaukel.at\/index.php?rest_route=\/wp\/v2\/pages"}],"about":[{"href":"https:\/\/kunstschaukel.at\/index.php?rest_route=\/wp\/v2\/types\/page"}],"author":[{"embeddable":true,"href":"https:\/\/kunstschaukel.at\/index.php?rest_route=\/wp\/v2\/users\/1"}],"replies":[{"embeddable":true,"href":"https:\/\/kunstschaukel.at\/index.php?rest_route=%2Fwp%2Fv2%2Fcomments&post=1355"}],"version-history":[{"count":3,"href":"https:\/\/kunstschaukel.at\/index.php?rest_route=\/wp\/v2\/pages\/1355\/revisions"}],"predecessor-version":[{"id":1366,"href":"https:\/\/kunstschaukel.at\/index.php?rest_route=\/wp\/v2\/pages\/1355\/revisions\/1366"}],"wp:attachment":[{"href":"https:\/\/kunstschaukel.at\/index.php?rest_route=%2Fwp%2Fv2%2Fmedia&parent=1355"}],"curies":[{"name":"wp","href":"https:\/\/api.w.org\/{rel}","templated":true}]}}