{"id":1099,"date":"2021-11-29T22:23:27","date_gmt":"2021-11-29T22:23:27","guid":{"rendered":"https:\/\/kunstschaukel.at\/?page_id=1099"},"modified":"2021-11-30T07:51:12","modified_gmt":"2021-11-30T07:51:12","slug":"mitgliedschaft","status":"publish","type":"page","link":"https:\/\/kunstschaukel.at\/?page_id=1099","title":{"rendered":"Mitgliedschaft"},"content":{"rendered":"\n<p>Kunst und Kultur wird lebendig durch F\u00f6rderInnen, die dem Leben Farbe und Frohsinn verleihen wollen.<br>Die Kunstschaukel M\u00fcrztal dankt allen, die gemeinsam mit uns ein neues kulturelles Zeichen im M\u00fcrztal und weit dar\u00fcber hinaus setzen wollen.<\/p>\n\n\n\n<figure class=\"wp-block-image size-full is-resized\"><img loading=\"lazy\" src=\"https:\/\/kunstschaukel.at\/wp-content\/uploads\/2021\/08\/cropped-logo_kunstschaukel.jpg\" alt=\"\" class=\"wp-image-113\" width=\"241\" height=\"241\" srcset=\"https:\/\/kunstschaukel.at\/wp-content\/uploads\/2021\/08\/cropped-logo_kunstschaukel.jpg 512w, https:\/\/kunstschaukel.at\/wp-content\/uploads\/2021\/08\/cropped-logo_kunstschaukel-300x300.jpg 300w, https:\/\/kunstschaukel.at\/wp-content\/uploads\/2021\/08\/cropped-logo_kunstschaukel-150x150.jpg 150w, https:\/\/kunstschaukel.at\/wp-content\/uploads\/2021\/08\/cropped-logo_kunstschaukel-230x230.jpg 230w, https:\/\/kunstschaukel.at\/wp-content\/uploads\/2021\/08\/cropped-logo_kunstschaukel-365x365.jpg 365w, https:\/\/kunstschaukel.at\/wp-content\/uploads\/2021\/08\/cropped-logo_kunstschaukel-270x270.jpg 270w, https:\/\/kunstschaukel.at\/wp-content\/uploads\/2021\/08\/cropped-logo_kunstschaukel-192x192.jpg 192w, https:\/\/kunstschaukel.at\/wp-content\/uploads\/2021\/08\/cropped-logo_kunstschaukel-180x180.jpg 180w, https:\/\/kunstschaukel.at\/wp-content\/uploads\/2021\/08\/cropped-logo_kunstschaukel-32x32.jpg 32w\" sizes=\"(max-width: 241px) 100vw, 241px\" \/><\/figure>\n\n\n\n<p>Mitgliedschaft in der Kunstschaukel M\u00fcrztal gliedert sich in drei Gruppen<\/p>\n\n\n\n<p><strong>Ordentliches Mitglied<\/strong><br>Durch die offizielle Mitgliedschaft am Projekt Kunstschaukel wird ein Zeichen f\u00fcr die Kunst im M\u00fcrztal gesetzt.<br>Zugleich bekommt man eine Erm\u00e4\u00dfigung bei den Seminaren von 30\u20ac.<br>Jahresbeitrag: 20\u20ac pro Person und Jahr<\/p>\n\n\n\n<p><strong>Au\u00dferordentliches Mitglied<\/strong><br>Eine aktive Unterst\u00fctzung der Sommerakademie \/ Kunstschaukel M\u00fcrztal ist durch einen Jahresbeitrag von 100\u20ac m\u00f6glich. Es besteht das Angebot, au\u00dferordentliche Mitglieder im Jahresbericht pers\u00f6nlich zu erw\u00e4hnen.<\/p>\n\n\n\n<p><strong>F\u00f6rdernde Mitglieder<\/strong><br>Einen gro\u00dfen Dank sagen wir all unseren F\u00f6rderInnen, die unsere Arbeit f\u00fcr Kunst und Kultur essentiell unterst\u00fctzen. Wir erw\u00e4hnen unsere F\u00f6rderInnen auf unserer Website. Es besteht die M\u00f6glichkeit, Logo und Link zur eigenen Website zu pr\u00e4sentieren. Mit einem Betrag von 100\u20ac bis 2000\u20ac wird mitgeholfen, Kunst und Kultur im M\u00fcrztal einen lebendigen Raum zu geben.<\/p>\n\n\n\n<p><strong>Mitglied werden<\/strong><br>Ganz einfach ein Mail senden an <a rel=\"noreferrer noopener\" href=\"mailto:verein@kunstschaukel.at\" target=\"_blank\">verein@kunstschaukel.at<\/a> <br>Mit dem Einlangen des F\u00f6rderbeitrags startet die Mitgliedschaft &#8211; schon jetzt einen herzliches Dankesch\u00f6n daf\u00fcr!<\/p>\n","protected":false},"excerpt":{"rendered":"<p>Kunst und Kultur wird lebendig durch F\u00f6rderInnen, die dem Leben Farbe und Frohsinn verleihen wollen.Die Kunstschaukel M\u00fcrztal dankt allen, die gemeinsam mit uns ein neues kulturelles Zeichen im M\u00fcrztal und weit dar\u00fcber hinaus setzen wollen. Mitgliedschaft in der Kunstschaukel M\u00fcrztal<\/p>\n","protected":false},"author":1,"featured_media":0,"parent":0,"menu_order":0,"comment_status":"closed","ping_status":"closed","template":"","meta":{"_mi_skip_tracking":false},"_links":{"self":[{"href":"https:\/\/kunstschaukel.at\/index.php?rest_route=\/wp\/v2\/pages\/1099"}],"collection":[{"href":"https:\/\/kunstschaukel.at\/index.php?rest_route=\/wp\/v2\/pages"}],"about":[{"href":"https:\/\/kunstschaukel.at\/index.php?rest_route=\/wp\/v2\/types\/page"}],"author":[{"embeddable":true,"href":"https:\/\/kunstschaukel.at\/index.php?rest_route=\/wp\/v2\/users\/1"}],"replies":[{"embeddable":true,"href":"https:\/\/kunstschaukel.at\/index.php?rest_route=%2Fwp%2Fv2%2Fcomments&post=1099"}],"version-history":[{"count":7,"href":"https:\/\/kunstschaukel.at\/index.php?rest_route=\/wp\/v2\/pages\/1099\/revisions"}],"predecessor-version":[{"id":1123,"href":"https:\/\/kunstschaukel.at\/index.php?rest_route=\/wp\/v2\/pages\/1099\/revisions\/1123"}],"wp:attachment":[{"href":"https:\/\/kunstschaukel.at\/index.php?rest_route=%2Fwp%2Fv2%2Fmedia&parent=1099"}],"curies":[{"name":"wp","href":"https:\/\/api.w.org\/{rel}","templated":true}]}}